{"id":24041,"date":"2023-01-23T14:02:32","date_gmt":"2023-01-23T13:02:32","guid":{"rendered":"https:\/\/dopladebages.com\/vinos-colltor\/"},"modified":"2023-02-22T09:35:54","modified_gmt":"2023-02-22T08:35:54","slug":"vinos-colltor","status":"publish","type":"page","link":"https:\/\/dopladebages.com\/es\/vinos-colltor\/","title":{"rendered":"Vinos Colltor"},"content":{"rendered":"<div class=\"wpb-content-wrapper\"><p>[vc_row css_animation=\u00bb\u00bb row_type=\u00bbrow\u00bb use_row_as_full_screen_section=\u00bbno\u00bb type=\u00bbfull_width\u00bb angled_section=\u00bbno\u00bb text_align=\u00bbleft\u00bb background_image_as_pattern=\u00bbwithout_pattern\u00bb][vc_column width=\u00bb1\/4&#8243;][vc_column_text]<\/p>\n<h2>VINOS COLLTOR<\/h2>\n<p>[\/vc_column_text][vc_separator type=\u00bbsmall\u00bb position=\u00bbleft\u00bb][vc_empty_space][vc_single_image image=\u00bb19917&#8243; img_size=\u00bbfull\u00bb alignment=\u00bbcenter\u00bb style=\u00bbvc_box_shadow\u00bb qode_css_animation=\u00bb\u00bb][vc_empty_space][vc_column_text]<\/p>\n<p class=\"ms mi\">Finca Colltor<br \/>\n08273 Santa Maria d\u2019Olo<\/p>\n<p>T 93 838 40 06<br \/>\nM 687698834<\/p>\n<p><a href=\"mailto:info@vinoscolltor.com\">info@vinoscolltor.com<\/a><br \/>\n<a class=\"negreta subratllathover gris\" title=\"S'obrir\u00e0 una finestra nova\" href=\"http:\/\/www.vinoscolltor.com\/\">vinoscolltor.com<\/a>[\/vc_column_text][vc_empty_space]<span class='q_social_icon_holder circle_social' ><a itemprop='url' href='https:\/\/twitter.com\/Cal_colltor' target='_blank'><span class='fa-stack fa-lg' style=''><i class=\"qode_icon_font_awesome fa fa-twitter \" style=\"\" ><\/i><\/span><\/a><\/span><span class='q_social_icon_holder circle_social' ><a itemprop='url' href='https:\/\/www.instagram.com\/vinoscolltor\/?hl=es' target='_blank'><span class='fa-stack fa-lg' style=''><i class=\"qode_icon_font_awesome fa fa-instagram \" style=\"\" ><\/i><\/span><\/a><\/span>[vc_empty_space][vc_column_text css=\u00bb.vc_custom_1570610613485{padding-top: 30px !important;padding-right: 30px !important;padding-bottom: 30px !important;padding-left: 30px !important;background-color: #f7f7f7 !important;}\u00bb]ACTIVIDADES<\/p>\n<ul>\n<li>Visita la bodega y el vi\u00f1edo. Deguste nuestros dos vinos acompa\u00f1ados de una tapa en un bello entorno con vistas a Montserrat: 12 euros por persona, aproximadamente 40 min. Reserva previa. Solo grupos de m\u00ednimo 5 personas. Ni\u00f1os gratuitos (hasta 12 a\u00f1os).<\/li>\n<\/ul>\n<p>[\/vc_column_text][\/vc_column][vc_column width=\u00bb3\/4&#8243;][vc_gallery interval=\u00bb3&#8243; images=\u00bb19896,19899&#8243; img_size=\u00bbfull\u00bb][vc_column_text]<br \/>\nColltor es una mas\u00eda de 500 m2 situada a 1 km de Santa Mar\u00eda de Ol\u00f3, a medio camino entre Vic y Manresa, con vistas a Montserrat y Pirineo; a una hora de las estaciones de esqu\u00ed ya una hora de la Costa Brava, rodeada de un entorno r\u00fastico y sostenible.<\/p>\n<p>2019 es nuestro quinto a\u00f1o de producci\u00f3n de vino y estamos orgullosos de presentar nuestros dos vinos como parte de la DO. Pla de Bages por primera vez.<\/p>\n<p>Colltor merlot coupage es nuestro vino de gama media. Envejecido en barricas de roble americano, el merlot proporciona cuerpo y estructura al vino, mientras que el shiraz y el cabernet sauvignon a\u00f1aden sutilezas: un vino realmente bueno y honesto.<\/p>\n<p>Colltor Shiraz es nuestro mejor vino. Monovarietal de color intenso y aromas finos, este shiraz es concentrado y potente con sutiles notas especiadas.<br \/>\n[\/vc_column_text][\/vc_column][\/vc_row][vc_row css_animation=\u00bb\u00bb row_type=\u00bbrow\u00bb use_row_as_full_screen_section=\u00bbno\u00bb type=\u00bbfull_width\u00bb angled_section=\u00bbno\u00bb text_align=\u00bbleft\u00bb background_image_as_pattern=\u00bbwithout_pattern\u00bb][vc_column width=\u00bb1\/4&#8243;][\/vc_column][vc_column width=\u00bb3\/4&#8243;][vc_separator type=\u00bbtransparent\u00bb][vc_column_text]<\/p>\n<h3>VINOS<\/h3>\n<p>[\/vc_column_text][vc_separator type=\u00bbsmall\u00bb position=\u00bbleft\u00bb][\/vc_column][\/vc_row][vc_row css_animation=\u00bb\u00bb row_type=\u00bbrow\u00bb use_row_as_full_screen_section=\u00bbno\u00bb type=\u00bbfull_width\u00bb angled_section=\u00bbno\u00bb text_align=\u00bbleft\u00bb background_image_as_pattern=\u00bbwithout_pattern\u00bb][vc_column width=\u00bb1\/4&#8243;][\/vc_column][vc_column width=\u00bb1\/6&#8243;][vc_single_image image=\u00bb24052&#8243; img_size=\u00bbfull\u00bb onclick=\u00bbcustom_link\u00bb img_link_target=\u00bb_blank\u00bb qode_css_animation=\u00bb\u00bb link=\u00bbhttps:\/\/dopladebages.com\/wp-content\/uploads\/2019\/09\/NOTA-DE-TAST-PIC-DE-SOLERGIBERT-2017.pdf\u00bb][vc_empty_space height=\u00bb20px\u00bb][vc_column_text]<\/p>\n<h6 style=\"text-align: center;\"><a href=\"https:\/\/dopladebages.com\/wp-content\/uploads\/2019\/09\/NOTA-DE-TAST-PIC-DE-SOLERGIBERT-2017.pdf\" rel=\"external\" rel=\"noopener noreferrer\">COLLTOR<\/a><\/h6>\n<p>[\/vc_column_text][\/vc_column][vc_column width=\u00bb1\/6&#8243;][vc_single_image image=\u00bb24048&#8243; img_size=\u00bbfull\u00bb onclick=\u00bbcustom_link\u00bb img_link_target=\u00bb_blank\u00bb qode_css_animation=\u00bb\u00bb link=\u00bbhttps:\/\/dopladebages.com\/wp-content\/uploads\/2019\/09\/NOTA-DE-TAST-DEL-PDA.pdf\u00bb][vc_empty_space height=\u00bb20px\u00bb][vc_column_text]<\/p>\n<h6 style=\"text-align: center;\"><a href=\"https:\/\/dopladebages.com\/wp-content\/uploads\/2019\/09\/NOTA-DE-TAST-DEL-PDA.pdf\" rel=\"external\" rel=\"noopener noreferrer\">COLLTOR<\/a><\/h6>\n<p>[\/vc_column_text][\/vc_column][\/vc_row][vc_row css_animation=\u00bb\u00bb row_type=\u00bbrow\u00bb use_row_as_full_screen_section=\u00bbno\u00bb type=\u00bbfull_width\u00bb angled_section=\u00bbno\u00bb text_align=\u00bbleft\u00bb background_image_as_pattern=\u00bbwithout_pattern\u00bb][vc_column][vc_empty_space height=\u00bb50px\u00bb][\/vc_column][\/vc_row]<\/p>\n<\/div>","protected":false},"excerpt":{"rendered":"<p>[vc_row css_animation=\u00bb\u00bb row_type=\u00bbrow\u00bb use_row_as_full_screen_section=\u00bbno\u00bb type=\u00bbfull_width\u00bb angled_section=\u00bbno\u00bb text_align=\u00bbleft\u00bb background_image_as_pattern=\u00bbwithout_pattern\u00bb][vc_column width=\u00bb1\/4&#8243;][vc_column_text] VINOS COLLTOR [\/vc_column_text][vc_separator type=\u00bbsmall\u00bb position=\u00bbleft\u00bb][vc_empty_space][vc_single_image image=\u00bb19917&#8243; img_size=\u00bbfull\u00bb alignment=\u00bbcenter\u00bb style=\u00bbvc_box_shadow\u00bb qode_css_animation=\u00bb\u00bb][vc_empty_space][vc_column_text] Finca Colltor 08273 Santa Maria d\u2019Olo T 93 838 40 06 M 687698834 info@vinoscolltor.com vinoscolltor.com[\/vc_column_text][vc_empty_space][vc_empty_space][vc_column_text css=\u00bb.vc_custom_1570610613485{padding-top: 30px !important;padding-right: 30px !important;padding-bottom: 30px !important;padding-left: 30px !important;background-color: #f7f7f7 !important;}\u00bb]ACTIVIDADES&#8230;<\/p>\n","protected":false},"author":1,"featured_media":0,"parent":0,"menu_order":0,"comment_status":"closed","ping_status":"closed","template":"","meta":{"_monsterinsights_skip_tracking":false,"_monsterinsights_sitenote_active":false,"_monsterinsights_sitenote_note":"","_monsterinsights_sitenote_category":0,"footnotes":""},"class_list":["post-24041","page","type-page","status-publish","hentry"],"_links":{"self":[{"href":"https:\/\/dopladebages.com\/es\/wp-json\/wp\/v2\/pages\/24041","targetHints":{"allow":["GET"]}}],"collection":[{"href":"https:\/\/dopladebages.com\/es\/wp-json\/wp\/v2\/pages"}],"about":[{"href":"https:\/\/dopladebages.com\/es\/wp-json\/wp\/v2\/types\/page"}],"author":[{"embeddable":true,"href":"https:\/\/dopladebages.com\/es\/wp-json\/wp\/v2\/users\/1"}],"replies":[{"embeddable":true,"href":"https:\/\/dopladebages.com\/es\/wp-json\/wp\/v2\/comments?post=24041"}],"version-history":[{"count":0,"href":"https:\/\/dopladebages.com\/es\/wp-json\/wp\/v2\/pages\/24041\/revisions"}],"wp:attachment":[{"href":"https:\/\/dopladebages.com\/es\/wp-json\/wp\/v2\/media?parent=24041"}],"curies":[{"name":"wp","href":"https:\/\/api.w.org\/{rel}","templated":true}]}}