{"id":24016,"date":"2023-01-23T13:52:01","date_gmt":"2023-01-23T12:52:01","guid":{"rendered":"https:\/\/dopladebages.com\/bodega-solergibert\/"},"modified":"2023-01-23T13:52:02","modified_gmt":"2023-01-23T12:52:02","slug":"bodega-solergibert","status":"publish","type":"page","link":"https:\/\/dopladebages.com\/es\/bodega-solergibert\/","title":{"rendered":"Bodega Solergibert"},"content":{"rendered":"<div class=\"wpb-content-wrapper\"><p>[vc_row css_animation=\u00bb\u00bb row_type=\u00bbrow\u00bb use_row_as_full_screen_section=\u00bbno\u00bb type=\u00bbfull_width\u00bb angled_section=\u00bbno\u00bb text_align=\u00bbleft\u00bb background_image_as_pattern=\u00bbwithout_pattern\u00bb][vc_column width=\u00bb1\/4&#8243;][vc_column_text]<\/p>\n<h2>BODEGA SOLERGIBERT<\/h2>\n<p>[\/vc_column_text][vc_separator type=\u00bbsmall\u00bb position=\u00bbleft\u00bb][vc_empty_space][vc_single_image image=\u00bb19941&#8243; img_size=\u00bbfull\u00bb alignment=\u00bbcenter\u00bb style=\u00bbvc_box_shadow\u00bb qode_css_animation=\u00bb\u00bb][vc_empty_space][vc_column_text]<\/p>\n<p class=\"ms mi\">C. Barquera, 40<br \/>\n08271 Art\u00e9s<\/p>\n<p>T 93 830 50 84<br \/>\nF 93 830 57 63<\/p>\n<p><a class=\"subratllathover gris\" title=\"S'obrir\u00e0 el gestor de correu predeterminat\" href=\"mailto:josep@cellersolergibert.com\">josep@cellersolergibert.com<\/a><br \/>\n<a class=\"negreta subratllathover gris\" title=\"S'obrir\u00e0 una finestra nova\" href=\"http:\/\/www.cellersolergibert.com\/\">cellersolergibert.com<\/a><\/p>\n<p>[\/vc_column_text][vc_empty_space]<span class='q_social_icon_holder circle_social' ><a itemprop='url' href='https:\/\/www.instagram.com\/cellersolergibert\/' target='_blank'><span class='fa-stack fa-lg' style=''><i class=\"qode_icon_font_awesome fa fa-instagram \" style=\"\" ><\/i><\/span><\/a><\/span><span class='q_social_icon_holder circle_social' ><a itemprop='url' href='https:\/\/www.facebook.com\/CellerSolergibert\/' target='_blank'><span class='fa-stack fa-lg' style=''><i class=\"qode_icon_font_awesome fa fa-facebook \" style=\"\" ><\/i><\/span><\/a><\/span><span class='q_social_icon_holder circle_social' ><a itemprop='url' href='https:\/\/twitter.com\/vinssolergibert' target='_blank'><span class='fa-stack fa-lg' style=''><i class=\"qode_icon_font_awesome fa fa-twitter \" style=\"\" ><\/i><\/span><\/a><\/span>[vc_empty_space][vc_column_text css=\u00bb.vc_custom_1549491709066{padding-top: 30px !important;padding-right: 30px !important;padding-bottom: 30px !important;padding-left: 30px !important;background-color: #f7f7f7 !important;}\u00bb]<strong>ACTIVIDADES<\/strong><\/p>\n<ul>\n<li>Visita a la bodega para ver el proceso de elaboraci\u00f3n del vino (concertadas de lunes a s\u00e1bado).<\/li>\n<\/ul>\n<p>[\/vc_column_text][\/vc_column][vc_column width=\u00bb3\/4&#8243;][vc_gallery interval=\u00bb3&#8243; images=\u00bb19827,19947,19830&#8243; img_size=\u00bbfull\u00bb][vc_column_text]<br \/>\nLa familia Solergibert, desde que se estableci\u00f3 en Art\u00e9s en 1730, se ha dedicado al cultivo de la vi\u00f1a.<\/p>\n<p>Durante los a\u00f1os 80-90 empezamos a realizar anal\u00edticas de los terrenos y plantamos los mejores portainjertos. Empleamos vi\u00f1edos conduci\u00e9ndolos hacia unas producciones peque\u00f1as, controladas y de gran calidad. En 1992 comienza la renovaci\u00f3n en los sistemas de elaboraci\u00f3n, el inoxidable, las bodegas climatizadas, etc, y finalmente, en el a\u00f1o 1995, la concesi\u00f3n de la Denominaci\u00f3n de Origen Pla de Bages.<br \/>\n[\/vc_column_text][\/vc_column][\/vc_row][vc_row css_animation=\u00bb\u00bb row_type=\u00bbrow\u00bb use_row_as_full_screen_section=\u00bbno\u00bb type=\u00bbfull_width\u00bb angled_section=\u00bbno\u00bb text_align=\u00bbleft\u00bb background_image_as_pattern=\u00bbwithout_pattern\u00bb][vc_column width=\u00bb1\/4&#8243;][\/vc_column][vc_column width=\u00bb3\/4&#8243;][vc_separator type=\u00bbtransparent\u00bb][vc_column_text]<\/p>\n<h3>VINOS<\/h3>\n<p>[\/vc_column_text][vc_separator type=\u00bbsmall\u00bb position=\u00bbleft\u00bb][\/vc_column][\/vc_row][vc_row css_animation=\u00bb\u00bb row_type=\u00bbrow\u00bb use_row_as_full_screen_section=\u00bbno\u00bb type=\u00bbfull_width\u00bb angled_section=\u00bbno\u00bb text_align=\u00bbleft\u00bb background_image_as_pattern=\u00bbwithout_pattern\u00bb][vc_column width=\u00bb1\/4&#8243;][\/vc_column][vc_column width=\u00bb1\/6&#8243;][vc_single_image image=\u00bb20523&#8243; img_size=\u00bbfull\u00bb onclick=\u00bbcustom_link\u00bb img_link_target=\u00bb_blank\u00bb qode_css_animation=\u00bb\u00bb link=\u00bbhttps:\/\/dopladebages.com\/wp-content\/uploads\/2019\/09\/NOTA-DE-TAST-PIC-DE-SOLERGIBERT-2017.pdf\u00bb][vc_empty_space height=\u00bb20px\u00bb][vc_column_text]<\/p>\n<h6 style=\"text-align: center;\"><a href=\"https:\/\/dopladebages.com\/wp-content\/uploads\/2019\/09\/NOTA-DE-TAST-PIC-DE-SOLERGIBERT-2017.pdf\" rel=\"external\" rel=\"noopener noreferrer\">PIC<\/a><\/h6>\n<p>[\/vc_column_text][\/vc_column][vc_column width=\u00bb1\/6&#8243;][vc_single_image image=\u00bb20529&#8243; img_size=\u00bbfull\u00bb onclick=\u00bbcustom_link\u00bb img_link_target=\u00bb_blank\u00bb qode_css_animation=\u00bb\u00bb link=\u00bbhttps:\/\/dopladebages.com\/wp-content\/uploads\/2019\/09\/NOTA-DE-TAST-DEL-PDA.pdf\u00bb][vc_empty_space height=\u00bb20px\u00bb][vc_column_text]<\/p>\n<h6 style=\"text-align: center;\"><a href=\"https:\/\/dopladebages.com\/wp-content\/uploads\/2019\/09\/NOTA-DE-TAST-DEL-PDA.pdf\" rel=\"external\" rel=\"noopener noreferrer\">PD&#8217;A<\/a><\/h6>\n<p>[\/vc_column_text][\/vc_column][vc_column width=\u00bb1\/6&#8243;][vc_single_image image=\u00bb20550&#8243; img_size=\u00bbfull\u00bb onclick=\u00bbcustom_link\u00bb img_link_target=\u00bb_blank\u00bb qode_css_animation=\u00bb\u00bb link=\u00bbhttps:\/\/dopladebages.com\/wp-content\/uploads\/2019\/09\/NOTA-DE-TAST-SOLERGIBERT-CABERNET-RESERVA-2011.pdf\u00bb][vc_empty_space height=\u00bb20px\u00bb][vc_column_text]<\/p>\n<h6 style=\"text-align: center;\"><a href=\"https:\/\/dopladebages.com\/wp-content\/uploads\/2019\/09\/NOTA-DE-TAST-SOLERGIBERT-CABERNET-RESERVA-2011.pdf\" rel=\"external\" rel=\"noopener noreferrer\">CABERNET RESERVA<\/a><\/h6>\n<p>[\/vc_column_text][\/vc_column][vc_column width=\u00bb1\/6&#8243;][vc_single_image image=\u00bb20553&#8243; img_size=\u00bbfull\u00bb onclick=\u00bbcustom_link\u00bb img_link_target=\u00bb_blank\u00bb qode_css_animation=\u00bb\u00bb link=\u00bbhttps:\/\/dopladebages.com\/wp-content\/uploads\/2019\/09\/NOTA-DE-TAST-SDM-MERLOT-2014.pdf\u00bb][vc_empty_space height=\u00bb20px\u00bb][vc_column_text]<\/p>\n<h6 style=\"text-align: center;\"><a href=\"https:\/\/dopladebages.com\/wp-content\/uploads\/2019\/09\/NOTA-DE-TAST-SDM-MERLOT-2014.pdf\" rel=\"external\" rel=\"noopener noreferrer\">MERLOT RESERVA<\/a><\/h6>\n<p>[\/vc_column_text][\/vc_column][\/vc_row][vc_row css_animation=\u00bb\u00bb row_type=\u00bbrow\u00bb use_row_as_full_screen_section=\u00bbno\u00bb type=\u00bbfull_width\u00bb angled_section=\u00bbno\u00bb text_align=\u00bbleft\u00bb background_image_as_pattern=\u00bbwithout_pattern\u00bb][vc_column][vc_empty_space height=\u00bb50px\u00bb][\/vc_column][\/vc_row][vc_row css_animation=\u00bb\u00bb row_type=\u00bbrow\u00bb use_row_as_full_screen_section=\u00bbno\u00bb type=\u00bbfull_width\u00bb angled_section=\u00bbno\u00bb text_align=\u00bbleft\u00bb background_image_as_pattern=\u00bbwithout_pattern\u00bb][vc_column width=\u00bb1\/4&#8243;][\/vc_column][vc_column width=\u00bb1\/6&#8243;][vc_single_image image=\u00bb20541&#8243; img_size=\u00bbfull\u00bb onclick=\u00bbcustom_link\u00bb img_link_target=\u00bb_blank\u00bb qode_css_animation=\u00bb\u00bb link=\u00bbhttps:\/\/dopladebages.com\/wp-content\/uploads\/2019\/09\/NOTA-DE-TAST-CONXITA-SERRA-2002.pdf\u00bb][vc_empty_space height=\u00bb20px\u00bb][vc_column_text]<\/p>\n<h6 style=\"text-align: center;\"><a href=\"https:\/\/dopladebages.com\/wp-content\/uploads\/2019\/09\/NOTA-DE-TAST-CONXITA-SERRA-2002.pdf\" rel=\"external\" rel=\"noopener noreferrer\">CONXITA SERRA<\/a><\/h6>\n<p>[\/vc_column_text][\/vc_column][vc_column width=\u00bb1\/6&#8243;][vc_single_image image=\u00bb20538&#8243; img_size=\u00bbfull\u00bb onclick=\u00bbcustom_link\u00bb img_link_target=\u00bb_blank\u00bb qode_css_animation=\u00bb\u00bb link=\u00bbhttps:\/\/dopladebages.com\/wp-content\/uploads\/2019\/09\/NOTA-DE-TAST-ENRIC-SOLERGIBERT-2002.pdf\u00bb][vc_empty_space height=\u00bb20px\u00bb][vc_column_text]<\/p>\n<h6 style=\"text-align: center;\"><a href=\"https:\/\/dopladebages.com\/wp-content\/uploads\/2019\/09\/NOTA-DE-TAST-ENRIC-SOLERGIBERT-2002.pdf\" rel=\"external\" rel=\"noopener noreferrer\">ENRIC SOLERGIBERT<\/a><\/h6>\n<p>[\/vc_column_text][\/vc_column][vc_column width=\u00bb1\/6&#8243;][vc_single_image image=\u00bb20544&#8243; img_size=\u00bbfull\u00bb qode_css_animation=\u00bb\u00bb][vc_empty_space height=\u00bb20px\u00bb][vc_column_text]<\/p>\n<h6 style=\"text-align: center;\">SUMOLL ROSAT<\/h6>\n<p>[\/vc_column_text][\/vc_column][vc_column width=\u00bb1\/6&#8243;][vc_single_image image=\u00bb20547&#8243; img_size=\u00bbfull\u00bb onclick=\u00bbcustom_link\u00bb img_link_target=\u00bb_blank\u00bb qode_css_animation=\u00bb\u00bb link=\u00bbhttps:\/\/dopladebages.com\/wp-content\/uploads\/2019\/09\/NOTA-DE-TAST-SUMOLL-NEGRE-2017.pdf\u00bb][vc_empty_space height=\u00bb20px\u00bb][vc_column_text]<\/p>\n<h6 style=\"text-align: center;\"><a href=\"https:\/\/dopladebages.com\/wp-content\/uploads\/2019\/09\/NOTA-DE-TAST-SUMOLL-NEGRE-2017.pdf\" rel=\"external\" rel=\"noopener noreferrer\">SUMOLL<\/a><\/h6>\n<p>[\/vc_column_text][\/vc_column][\/vc_row][vc_row css_animation=\u00bb\u00bb row_type=\u00bbrow\u00bb use_row_as_full_screen_section=\u00bbno\u00bb type=\u00bbfull_width\u00bb angled_section=\u00bbno\u00bb text_align=\u00bbleft\u00bb background_image_as_pattern=\u00bbwithout_pattern\u00bb][vc_column][vc_empty_space height=\u00bb50px\u00bb][\/vc_column][\/vc_row][vc_row css_animation=\u00bb\u00bb row_type=\u00bbrow\u00bb use_row_as_full_screen_section=\u00bbno\u00bb type=\u00bbfull_width\u00bb angled_section=\u00bbno\u00bb text_align=\u00bbleft\u00bb background_image_as_pattern=\u00bbwithout_pattern\u00bb][vc_column width=\u00bb1\/4&#8243;][\/vc_column][vc_column width=\u00bb1\/6&#8243;][vc_single_image image=\u00bb20535&#8243; img_size=\u00bbfull\u00bb onclick=\u00bbcustom_link\u00bb img_link_target=\u00bb_blank\u00bb qode_css_animation=\u00bb\u00bb link=\u00bbhttps:\/\/dopladebages.com\/wp-content\/uploads\/2019\/09\/NOTA-DE-TAST-SDM-CAB-2015.pdf\u00bb][vc_empty_space height=\u00bb20px\u00bb][vc_column_text]<\/p>\n<h6 style=\"text-align: center;\"><a href=\"https:\/\/dopladebages.com\/wp-content\/uploads\/2019\/09\/NOTA-DE-TAST-SDM-CAB-2015.pdf\" rel=\"external\" rel=\"noopener noreferrer\">MATACANS<\/a><\/h6>\n<p>[\/vc_column_text][\/vc_column][vc_column width=\u00bb1\/6&#8243;][vc_single_image image=\u00bb20532&#8243; img_size=\u00bbfull\u00bb onclick=\u00bbcustom_link\u00bb img_link_target=\u00bb_blank\u00bb qode_css_animation=\u00bb\u00bb link=\u00bbhttps:\/\/dopladebages.com\/wp-content\/uploads\/2019\/09\/NOTA-DE-TAST-DEL-M\u00c0GNUM-55-ANIVERARI.pdf\u00bb][vc_empty_space height=\u00bb20px\u00bb][vc_column_text]<\/p>\n<h6 style=\"text-align: center;\"><a href=\"https:\/\/dopladebages.com\/wp-content\/uploads\/2019\/09\/NOTA-DE-TAST-DEL-M\u00c0GNUM-55-ANIVERARI.pdf\" rel=\"external\" rel=\"noopener noreferrer\">50 ANIVERSARI<\/a><\/h6>\n<p>[\/vc_column_text][\/vc_column][vc_column width=\u00bb1\/6&#8243;][vc_single_image image=\u00bb20526&#8243; img_size=\u00bbfull\u00bb onclick=\u00bbcustom_link\u00bb img_link_target=\u00bb_blank\u00bb qode_css_animation=\u00bb\u00bb link=\u00bbhttps:\/\/dopladebages.com\/wp-content\/uploads\/2019\/09\/NOTA-DE-TAST-DEL-TOC-DE-SOLERGIBERT.pdf\u00bb][vc_empty_space height=\u00bb20px\u00bb][vc_column_text]<\/p>\n<h6 style=\"text-align: center;\"><a href=\"https:\/\/dopladebages.com\/wp-content\/uploads\/2019\/09\/NOTA-DE-TAST-DEL-TOC-DE-SOLERGIBERT.pdf\" rel=\"external\" rel=\"noopener noreferrer\">TOC<\/a><\/h6>\n<p>[\/vc_column_text][\/vc_column][vc_column width=\u00bb1\/6&#8243;][\/vc_column][\/vc_row][vc_row css_animation=\u00bb\u00bb row_type=\u00bbrow\u00bb use_row_as_full_screen_section=\u00bbno\u00bb type=\u00bbfull_width\u00bb angled_section=\u00bbno\u00bb text_align=\u00bbleft\u00bb background_image_as_pattern=\u00bbwithout_pattern\u00bb][vc_column][vc_empty_space height=\u00bb50px\u00bb][\/vc_column][\/vc_row]<\/p>\n<\/div>","protected":false},"excerpt":{"rendered":"<p>[vc_row css_animation=\u00bb\u00bb row_type=\u00bbrow\u00bb use_row_as_full_screen_section=\u00bbno\u00bb type=\u00bbfull_width\u00bb angled_section=\u00bbno\u00bb text_align=\u00bbleft\u00bb background_image_as_pattern=\u00bbwithout_pattern\u00bb][vc_column width=\u00bb1\/4&#8243;][vc_column_text] BODEGA SOLERGIBERT [\/vc_column_text][vc_separator type=\u00bbsmall\u00bb position=\u00bbleft\u00bb][vc_empty_space][vc_single_image image=\u00bb19941&#8243; img_size=\u00bbfull\u00bb alignment=\u00bbcenter\u00bb style=\u00bbvc_box_shadow\u00bb qode_css_animation=\u00bb\u00bb][vc_empty_space][vc_column_text] C. Barquera, 40 08271 Art\u00e9s T 93 830 50 84 F 93 830 57 63 josep@cellersolergibert.com cellersolergibert.com [\/vc_column_text][vc_empty_space][vc_empty_space][vc_column_text css=\u00bb.vc_custom_1549491709066{padding-top: 30px !important;padding-right: 30px !important;padding-bottom: 30px !important;padding-left: 30px&#8230;<\/p>\n","protected":false},"author":1,"featured_media":0,"parent":0,"menu_order":0,"comment_status":"closed","ping_status":"closed","template":"","meta":{"_monsterinsights_skip_tracking":false,"_monsterinsights_sitenote_active":false,"_monsterinsights_sitenote_note":"","_monsterinsights_sitenote_category":0,"footnotes":""},"class_list":["post-24016","page","type-page","status-publish","hentry"],"_links":{"self":[{"href":"https:\/\/dopladebages.com\/es\/wp-json\/wp\/v2\/pages\/24016","targetHints":{"allow":["GET"]}}],"collection":[{"href":"https:\/\/dopladebages.com\/es\/wp-json\/wp\/v2\/pages"}],"about":[{"href":"https:\/\/dopladebages.com\/es\/wp-json\/wp\/v2\/types\/page"}],"author":[{"embeddable":true,"href":"https:\/\/dopladebages.com\/es\/wp-json\/wp\/v2\/users\/1"}],"replies":[{"embeddable":true,"href":"https:\/\/dopladebages.com\/es\/wp-json\/wp\/v2\/comments?post=24016"}],"version-history":[{"count":0,"href":"https:\/\/dopladebages.com\/es\/wp-json\/wp\/v2\/pages\/24016\/revisions"}],"wp:attachment":[{"href":"https:\/\/dopladebages.com\/es\/wp-json\/wp\/v2\/media?parent=24016"}],"curies":[{"name":"wp","href":"https:\/\/api.w.org\/{rel}","templated":true}]}}