{"id":24012,"date":"2023-01-23T13:50:18","date_gmt":"2023-01-23T12:50:18","guid":{"rendered":"https:\/\/dopladebages.com\/bodega-sanmarti\/"},"modified":"2023-01-23T13:50:19","modified_gmt":"2023-01-23T12:50:19","slug":"bodega-sanmarti","status":"publish","type":"page","link":"https:\/\/dopladebages.com\/es\/bodega-sanmarti\/","title":{"rendered":"Bodega Sanmart\u00ed"},"content":{"rendered":"<div class=\"wpb-content-wrapper\"><p>[vc_row css_animation=\u00bb\u00bb row_type=\u00bbrow\u00bb use_row_as_full_screen_section=\u00bbno\u00bb type=\u00bbfull_width\u00bb angled_section=\u00bbno\u00bb text_align=\u00bbleft\u00bb background_image_as_pattern=\u00bbwithout_pattern\u00bb][vc_column width=\u00bb1\/4&#8243;][vc_column_text]<\/p>\n<h2 style=\"text-align: left;\">BODEGA SANMART\u00cd<\/h2>\n<p>[\/vc_column_text][vc_separator type=\u00bbsmall\u00bb position=\u00bbleft\u00bb][vc_empty_space][vc_single_image image=\u00bb19935&#8243; img_size=\u00bbfull\u00bb style=\u00bbvc_box_shadow\u00bb qode_css_animation=\u00bb\u00bb][vc_empty_space][vc_column_text]<\/p>\n<p class=\"ms mi\">Mas Sanmart\u00ed de Serrahima<br \/>\n08650 Sallent<br \/>\nBarcelona<br \/>\nT 629 52 90 59<br \/>\n<a class=\"subratllathover gris\" title=\"S'obrir\u00e0 el gestor de correu predeterminat\" href=\"mailto:info@cellersanmarti.com\">info@cellersanmarti.com<\/a><\/p>\n<p><a href=\"https:\/\/cellersanmarti.com\">cellersanmarti.com<\/a>[\/vc_column_text][vc_empty_space]<span class='q_social_icon_holder circle_social' ><a itemprop='url' href='https:\/\/www.instagram.com\/celler_sanmarti\/' target='_blank'><span class='fa-stack fa-lg' style=''><i class=\"qode_icon_font_awesome fa fa-instagram \" style=\"\" ><\/i><\/span><\/a><\/span><span class='q_social_icon_holder circle_social' ><a itemprop='url' href='https:\/\/www.facebook.com\/cellersanmarti\/' target='_blank'><span class='fa-stack fa-lg' style=''><i class=\"qode_icon_font_awesome fa fa-facebook \" style=\"\" ><\/i><\/span><\/a><\/span><span class='q_social_icon_holder circle_social' ><a itemprop='url' href='https:\/\/twitter.com\/celler_sanmarti' target='_blank'><span class='fa-stack fa-lg' style=''><i class=\"qode_icon_font_awesome fa fa-twitter \" style=\"\" ><\/i><\/span><\/a><\/span>[vc_empty_space][vc_column_text css=\u00bb.vc_custom_1550475171440{padding-top: 30px !important;padding-right: 30px !important;padding-bottom: 30px !important;padding-left: 30px !important;background-color: #f7f7f7 !important;}\u00bb]<strong>ACTIVIDADES<\/strong><\/p>\n<ul>\n<li>Visita guiada por el patrimonio hist\u00f3rico y actual del Mas Sanmart\u00ed vinculado al mundo vitivin\u00edcola, con un recorrido por los vi\u00f1edos y la bodega.<\/li>\n<li>Cata de vinos.<\/li>\n<li>Ofrecemos tambi\u00e9n alojamiento en la Encina de Merola que forma parte desde 1793 de la propiedad Mas Sanmart\u00ed de Serrah\u00efma (capacidad para 12 personas).<\/li>\n<\/ul>\n<p>[\/vc_column_text][\/vc_column][vc_column width=\u00bb3\/4&#8243;][vc_gallery interval=\u00bb3&#8243; images=\u00bb20139,19866,20142,20136&#8243; img_size=\u00bbfull\u00bb][vc_column_text]<\/p>\n<p class=\"nms mi2\">Mas Sanmart\u00ed de Serrah\u00efma es una propiedad familiar dedicada al cultivo del vi\u00f1edo ya la producci\u00f3n de vino desde que se conoce su existencia documentada en el a\u00f1o 996. De esta manera todav\u00eda se conservan las instalaciones de la bodega hist\u00f3rica, que han sido renovadas y adaptadas para la producci\u00f3n de vinos de mucha calidad y producci\u00f3n limitada. El vino se elabora con variedades aut\u00f3ctonas, escogidas entre las que exist\u00edan en la propiedad a finales del siglo XIX.<br \/>\nTrabajamos en agricultura ecol\u00f3gica certificada, creando un ecosistema equilibrado que respeta la flora y fauna aut\u00f3ctonas del territorio.<br \/>\nVinificamos con el criterio de m\u00ednima intervenci\u00f3n, buscando el respeto por la identidad propia de las variedades y de nuestro terreno.<br \/>\nProponemos tambi\u00e9n experiencias vitivin\u00edcolas con una firme apuesta por el enoturismo.<\/p>\n<div class=\"span-15 last\"><\/div>\n<p>[\/vc_column_text][vc_separator type=\u00bbtransparent\u00bb][\/vc_column][\/vc_row][vc_row css_animation=\u00bb\u00bb row_type=\u00bbrow\u00bb use_row_as_full_screen_section=\u00bbno\u00bb type=\u00bbfull_width\u00bb angled_section=\u00bbno\u00bb text_align=\u00bbleft\u00bb background_image_as_pattern=\u00bbwithout_pattern\u00bb][vc_column width=\u00bb1\/4&#8243;][\/vc_column][vc_column width=\u00bb3\/4&#8243;][vc_separator type=\u00bbtransparent\u00bb][vc_column_text]<\/p>\n<h3>VINOS<\/h3>\n<p>[\/vc_column_text][vc_separator type=\u00bbsmall\u00bb position=\u00bbleft\u00bb][vc_separator type=\u00bbtransparent\u00bb][\/vc_column][\/vc_row][vc_row css_animation=\u00bb\u00bb row_type=\u00bbrow\u00bb use_row_as_full_screen_section=\u00bbno\u00bb type=\u00bbfull_width\u00bb angled_section=\u00bbno\u00bb text_align=\u00bbleft\u00bb background_image_as_pattern=\u00bbwithout_pattern\u00bb][vc_column width=\u00bb1\/4&#8243;][\/vc_column][vc_column width=\u00bb1\/6&#8243;][vc_single_image image=\u00bb20019&#8243; img_size=\u00bbfull\u00bb alignment=\u00bbcenter\u00bb onclick=\u00bbcustom_link\u00bb img_link_target=\u00bb_blank\u00bb qode_css_animation=\u00bb\u00bb link=\u00bbhttps:\/\/dopladebages.com\/wp-content\/uploads\/2019\/04\/Fitxa-Satelit-2015.pdf\u00bb][vc_empty_space height=\u00bb20px\u00bb][vc_column_text]<\/p>\n<h6 class=\"portfolio_title entry_title\" style=\"text-align: center;\"><a href=\"https:\/\/dopladebages.com\/wp-content\/uploads\/2019\/04\/Fitxa-Satelit-2015.pdf\" rel=\"external\" rel=\"noopener noreferrer\">SAT\u00c8L\u00b7LIT<\/a><\/h6>\n<p>[\/vc_column_text][\/vc_column][vc_column width=\u00bb1\/6&#8243;][vc_single_image image=\u00bb20016&#8243; img_size=\u00bbfull\u00bb alignment=\u00bbcenter\u00bb onclick=\u00bbcustom_link\u00bb img_link_target=\u00bb_blank\u00bb qode_css_animation=\u00bb\u00bb link=\u00bbhttps:\/\/dopladebages.com\/wp-content\/uploads\/2019\/04\/Fitxa-SANMART\u00cd-1018-Garnatxa-Sumoll-anyada-2016.pdf\u00bb][vc_empty_space height=\u00bb20px\u00bb][vc_column_text]<\/p>\n<h6 class=\"portfolio_title entry_title\" style=\"text-align: center;\"><a href=\"https:\/\/dopladebages.com\/wp-content\/uploads\/2019\/04\/Fitxa-SANMART\u00cd-1018-Garnatxa-Sumoll-anyada-2016.pdf\" rel=\"external\" rel=\"noopener noreferrer\">1018 NEGRE<\/a><\/h6>\n<p>[\/vc_column_text][\/vc_column][vc_column width=\u00bb1\/6&#8243;][vc_single_image image=\u00bb20013&#8243; img_size=\u00bbfull\u00bb alignment=\u00bbcenter\u00bb onclick=\u00bbcustom_link\u00bb img_link_target=\u00bb_blank\u00bb qode_css_animation=\u00bb\u00bb link=\u00bbhttps:\/\/dopladebages.com\/wp-content\/uploads\/2019\/04\/Fitxa-Sanmart%C3%AD-1018-Macabeu-Picapoll-2017.pdf\u00bb][vc_empty_space height=\u00bb20px\u00bb][vc_column_text]<\/p>\n<h6 class=\"portfolio_title entry_title\" style=\"text-align: center;\"><a href=\"https:\/\/dopladebages.com\/wp-content\/uploads\/2019\/04\/Fitxa-Sanmart%C3%AD-1018-Macabeu-Picapoll-2017.pdf\" rel=\"external\" rel=\"noopener noreferrer\">1018 MACABEU PICAPOLL<\/a><\/h6>\n<p>[\/vc_column_text][\/vc_column][vc_column width=\u00bb1\/6&#8243;][vc_single_image image=\u00bb22948&#8243; img_size=\u00bbfull\u00bb alignment=\u00bbcenter\u00bb onclick=\u00bbcustom_link\u00bb img_link_target=\u00bb_blank\u00bb qode_css_animation=\u00bb\u00bb link=\u00bbhttps:\/\/dopladebages.com\/wp-content\/uploads\/2021\/11\/Fitxa-SALTAMARGES-2019.pdf\u00bb][vc_empty_space height=\u00bb20px\u00bb][vc_column_text]<\/p>\n<h6 class=\"portfolio_title entry_title\" style=\"text-align: center;\"><a href=\"https:\/\/dopladebages.com\/wp-content\/uploads\/2021\/11\/Fitxa-SALTAMARGES-2019.pdf\">SALTAMARGES<\/a><\/h6>\n<p>[\/vc_column_text][\/vc_column][\/vc_row][vc_row css_animation=\u00bb\u00bb row_type=\u00bbrow\u00bb use_row_as_full_screen_section=\u00bbno\u00bb type=\u00bbfull_width\u00bb angled_section=\u00bbno\u00bb text_align=\u00bbleft\u00bb background_image_as_pattern=\u00bbwithout_pattern\u00bb][vc_column width=\u00bb1\/4&#8243;][\/vc_column][vc_column width=\u00bb1\/6&#8243;][vc_single_image image=\u00bb22941&#8243; img_size=\u00bbfull\u00bb alignment=\u00bbcenter\u00bb qode_css_animation=\u00bb\u00bb][vc_empty_space height=\u00bb20px\u00bb][vc_column_text]<\/p>\n<h6 class=\"portfolio_title entry_title\" style=\"text-align: center;\">ATLES<\/h6>\n<p>[\/vc_column_text][\/vc_column][vc_column width=\u00bb1\/6&#8243;][\/vc_column][vc_column width=\u00bb1\/6&#8243;][\/vc_column][vc_column width=\u00bb1\/6&#8243;][\/vc_column][\/vc_row][vc_row css_animation=\u00bb\u00bb row_type=\u00bbrow\u00bb use_row_as_full_screen_section=\u00bbno\u00bb type=\u00bbfull_width\u00bb angled_section=\u00bbno\u00bb text_align=\u00bbleft\u00bb background_image_as_pattern=\u00bbwithout_pattern\u00bb][vc_column][vc_empty_space height=\u00bb50px\u00bb][\/vc_column][\/vc_row]<\/p>\n<\/div>","protected":false},"excerpt":{"rendered":"<p>[vc_row css_animation=\u00bb\u00bb row_type=\u00bbrow\u00bb use_row_as_full_screen_section=\u00bbno\u00bb type=\u00bbfull_width\u00bb angled_section=\u00bbno\u00bb text_align=\u00bbleft\u00bb background_image_as_pattern=\u00bbwithout_pattern\u00bb][vc_column width=\u00bb1\/4&#8243;][vc_column_text] BODEGA SANMART\u00cd [\/vc_column_text][vc_separator type=\u00bbsmall\u00bb position=\u00bbleft\u00bb][vc_empty_space][vc_single_image image=\u00bb19935&#8243; img_size=\u00bbfull\u00bb style=\u00bbvc_box_shadow\u00bb qode_css_animation=\u00bb\u00bb][vc_empty_space][vc_column_text] Mas Sanmart\u00ed de Serrahima 08650 Sallent Barcelona T 629 52 90 59 info@cellersanmarti.com cellersanmarti.com[\/vc_column_text][vc_empty_space][vc_empty_space][vc_column_text css=\u00bb.vc_custom_1550475171440{padding-top: 30px !important;padding-right: 30px !important;padding-bottom: 30px !important;padding-left: 30px !important;background-color: #f7f7f7 !important;}\u00bb]ACTIVIDADES Visita guiada&#8230;<\/p>\n","protected":false},"author":1,"featured_media":0,"parent":0,"menu_order":0,"comment_status":"closed","ping_status":"closed","template":"","meta":{"_monsterinsights_skip_tracking":false,"_monsterinsights_sitenote_active":false,"_monsterinsights_sitenote_note":"","_monsterinsights_sitenote_category":0,"footnotes":""},"class_list":["post-24012","page","type-page","status-publish","hentry"],"_links":{"self":[{"href":"https:\/\/dopladebages.com\/es\/wp-json\/wp\/v2\/pages\/24012","targetHints":{"allow":["GET"]}}],"collection":[{"href":"https:\/\/dopladebages.com\/es\/wp-json\/wp\/v2\/pages"}],"about":[{"href":"https:\/\/dopladebages.com\/es\/wp-json\/wp\/v2\/types\/page"}],"author":[{"embeddable":true,"href":"https:\/\/dopladebages.com\/es\/wp-json\/wp\/v2\/users\/1"}],"replies":[{"embeddable":true,"href":"https:\/\/dopladebages.com\/es\/wp-json\/wp\/v2\/comments?post=24012"}],"version-history":[{"count":0,"href":"https:\/\/dopladebages.com\/es\/wp-json\/wp\/v2\/pages\/24012\/revisions"}],"wp:attachment":[{"href":"https:\/\/dopladebages.com\/es\/wp-json\/wp\/v2\/media?parent=24012"}],"curies":[{"name":"wp","href":"https:\/\/api.w.org\/{rel}","templated":true}]}}