{"id":24008,"date":"2023-01-23T13:48:38","date_gmt":"2023-01-23T12:48:38","guid":{"rendered":"https:\/\/dopladebages.com\/macia\/"},"modified":"2023-01-23T13:48:39","modified_gmt":"2023-01-23T12:48:39","slug":"macia","status":"publish","type":"page","link":"https:\/\/dopladebages.com\/es\/macia\/","title":{"rendered":"Maci\u00e0"},"content":{"rendered":"<div class=\"wpb-content-wrapper\"><p>[vc_row css_animation=\u00bb\u00bb row_type=\u00bbrow\u00bb use_row_as_full_screen_section=\u00bbno\u00bb type=\u00bbfull_width\u00bb angled_section=\u00bbno\u00bb text_align=\u00bbleft\u00bb background_image_as_pattern=\u00bbwithout_pattern\u00bb][vc_column width=\u00bb1\/4&#8243;][vc_column_text]<\/p>\n<h2>BODEGA MACI\u00c0<\/h2>\n<p>[\/vc_column_text][vc_separator type=\u00bbsmall\u00bb position=\u00bbleft\u00bb][vc_empty_space][vc_single_image image=\u00bb23668&#8243; img_size=\u00bbfull\u00bb alignment=\u00bbcenter\u00bb style=\u00bbvc_box_shadow\u00bb qode_css_animation=\u00bb\u00bb][vc_empty_space][vc_column_text]<span style=\"font-weight: 400;\">Can Coma, s\/n<\/span><\/p>\n<p><span style=\"font-weight: 400;\">08259, Camps, Fonollosa<\/span><\/p>\n<p><span style=\"font-weight: 400;\">+34 <\/span><span style=\"font-weight: 400;\">669 185 818<\/span><\/p>\n<p><a href=\"mailto:info@cellermacia.cat\"><span style=\"font-weight: 400;\">info@cellermacia.cat<\/span><\/a><\/p>\n<p>cellermacia.cat[\/vc_column_text][vc_empty_space][\/vc_column][vc_column width=\u00bb3\/4&#8243;][vc_gallery interval=\u00bb3&#8243; images=\u00bb23674,23678,23682,23686&#8243; img_size=\u00bbfull\u00bb][vc_empty_space][vc_column_text]Vi\u00f1edos y bodega est\u00e1n situados en el pueblo de Camps a 630 metros de altitud, a los pies de la Sierra de Castelltallat. Esto hace que la influencia del viento del norte, se convierta en elemento cualitativo que permite maduraciones largas con d\u00edas de alta insolaci\u00f3n y noches de verano templadas.<\/p>\n<p>Vi\u00f1edos rodeados de hinojo, romero y tomillo, acompa\u00f1ados de una pluviometr\u00eda extremadamente baja, nos ofrece una uva que da un vino sin complejos, que desprende la calidad de su \u00abterroir\u00bb. Uva r\u00fastica y ecol\u00f3gica, producida sin m\u00e1s intervenci\u00f3n que la<br \/>\nmisma din\u00e1mica del ecosistema que nos envuelve. Es pues \u00e9sta la esencia con la que convive la historia y tradici\u00f3n de una bodega que data del siglo XI.<\/p>\n<p>De reducida producci\u00f3n de vino procedente de 5 hect\u00e1reas, sin m\u00e1s af\u00e1n de poder disfrutar de un vino que despierte sentidos y traslade el esp\u00edritu de la convivencia de las cepas con un entorno natural inigualable.[\/vc_column_text][vc_empty_space][\/vc_column][\/vc_row][vc_row css_animation=\u00bb\u00bb row_type=\u00bbrow\u00bb use_row_as_full_screen_section=\u00bbno\u00bb type=\u00bbfull_width\u00bb angled_section=\u00bbno\u00bb text_align=\u00bbleft\u00bb background_image_as_pattern=\u00bbwithout_pattern\u00bb][vc_column][vc_empty_space height=\u00bb75px\u00bb][\/vc_column][\/vc_row]<\/p>\n<\/div>","protected":false},"excerpt":{"rendered":"<p>[vc_row css_animation=\u00bb\u00bb row_type=\u00bbrow\u00bb use_row_as_full_screen_section=\u00bbno\u00bb type=\u00bbfull_width\u00bb angled_section=\u00bbno\u00bb text_align=\u00bbleft\u00bb background_image_as_pattern=\u00bbwithout_pattern\u00bb][vc_column width=\u00bb1\/4&#8243;][vc_column_text] BODEGA MACI\u00c0 [\/vc_column_text][vc_separator type=\u00bbsmall\u00bb position=\u00bbleft\u00bb][vc_empty_space][vc_single_image image=\u00bb23668&#8243; img_size=\u00bbfull\u00bb alignment=\u00bbcenter\u00bb style=\u00bbvc_box_shadow\u00bb qode_css_animation=\u00bb\u00bb][vc_empty_space][vc_column_text]Can Coma, s\/n 08259, Camps, Fonollosa +34 669 185 818 info@cellermacia.cat cellermacia.cat[\/vc_column_text][vc_empty_space][\/vc_column][vc_column width=\u00bb3\/4&#8243;][vc_gallery interval=\u00bb3&#8243; images=\u00bb23674,23678,23682,23686&#8243; img_size=\u00bbfull\u00bb][vc_empty_space][vc_column_text]Vi\u00f1edos y bodega est\u00e1n situados en el pueblo de Camps a 630&#8230;<\/p>\n","protected":false},"author":1,"featured_media":0,"parent":0,"menu_order":0,"comment_status":"closed","ping_status":"closed","template":"","meta":{"_monsterinsights_skip_tracking":false,"_monsterinsights_sitenote_active":false,"_monsterinsights_sitenote_note":"","_monsterinsights_sitenote_category":0,"footnotes":""},"class_list":["post-24008","page","type-page","status-publish","hentry"],"_links":{"self":[{"href":"https:\/\/dopladebages.com\/es\/wp-json\/wp\/v2\/pages\/24008","targetHints":{"allow":["GET"]}}],"collection":[{"href":"https:\/\/dopladebages.com\/es\/wp-json\/wp\/v2\/pages"}],"about":[{"href":"https:\/\/dopladebages.com\/es\/wp-json\/wp\/v2\/types\/page"}],"author":[{"embeddable":true,"href":"https:\/\/dopladebages.com\/es\/wp-json\/wp\/v2\/users\/1"}],"replies":[{"embeddable":true,"href":"https:\/\/dopladebages.com\/es\/wp-json\/wp\/v2\/comments?post=24008"}],"version-history":[{"count":0,"href":"https:\/\/dopladebages.com\/es\/wp-json\/wp\/v2\/pages\/24008\/revisions"}],"wp:attachment":[{"href":"https:\/\/dopladebages.com\/es\/wp-json\/wp\/v2\/media?parent=24008"}],"curies":[{"name":"wp","href":"https:\/\/api.w.org\/{rel}","templated":true}]}}