{"id":23996,"date":"2023-01-23T13:44:16","date_gmt":"2023-01-23T12:44:16","guid":{"rendered":"https:\/\/dopladebages.com\/bodega-exibis\/"},"modified":"2023-01-23T13:44:16","modified_gmt":"2023-01-23T12:44:16","slug":"bodega-exibis","status":"publish","type":"page","link":"https:\/\/dopladebages.com\/es\/bodega-exibis\/","title":{"rendered":"Bodega Exibis"},"content":{"rendered":"<div class=\"wpb-content-wrapper\"><p>[vc_row css_animation=\u00bb\u00bb row_type=\u00bbrow\u00bb use_row_as_full_screen_section=\u00bbno\u00bb type=\u00bbfull_width\u00bb angled_section=\u00bbno\u00bb text_align=\u00bbleft\u00bb background_image_as_pattern=\u00bbwithout_pattern\u00bb][vc_column width=\u00bb1\/4&#8243;][vc_column_text]<\/p>\n<h2 style=\"text-align: left;\">EXIBIS<\/h2>\n<p>[\/vc_column_text][vc_separator type=\u00bbsmall\u00bb position=\u00bbleft\u00bb][vc_empty_space][vc_single_image image=\u00bb19938&#8243; img_size=\u00bbfull\u00bb style=\u00bbvc_box_shadow\u00bb qode_css_animation=\u00bb\u00bb][vc_empty_space][vc_column_text]Masia Can Serra dels Exibis<\/p>\n<p>08670 Nav\u00e0s<\/p>\n<p><a href=\"mailto:info@exibis.com\">info@exibis.com<\/a><\/p>\n<p><a href=\"http:\/\/www.exibis.com\">exibis.com<\/a>[\/vc_column_text][vc_empty_space]<span class='q_social_icon_holder circle_social' ><a itemprop='url' href='https:\/\/www.instagram.com\/canserraexibis\/' target='_blank'><span class='fa-stack fa-lg' style=''><i class=\"qode_icon_font_awesome fa fa-instagram \" style=\"\" ><\/i><\/span><\/a><\/span><span class='q_social_icon_holder circle_social' ><a itemprop='url' href='https:\/\/twitter.com\/CanSerraExibis' target='_blank'><span class='fa-stack fa-lg' style=''><i class=\"qode_icon_font_awesome fa fa-twitter \" style=\"\" ><\/i><\/span><\/a><\/span>[vc_empty_space][vc_column_text css=\u00bb.vc_custom_1549492043749{padding-top: 30px !important;padding-right: 30px !important;padding-bottom: 30px !important;padding-left: 30px !important;background-color: #f7f7f7 !important;}\u00bb]ACTIVIDADES<\/p>\n<ul>\n<li>Visitas concertadas s\u00f3lo para profesionales.<\/li>\n<\/ul>\n<p>[\/vc_column_text][\/vc_column][vc_column width=\u00bb3\/4&#8243;][vc_gallery interval=\u00bb3&#8243; images=\u00bb19893,19887,19890&#8243; img_size=\u00bbfull\u00bb][vc_column_text]<br \/>\nLa bodega situada m\u00e1s al norte de la Denominaci\u00f3n de Origen Pla de Bages, a 500 metros de altura ofrece unos suelos pobres, en r\u00e9gimen de lluvias bajo y fuerte oscilaci\u00f3n t\u00e9rmica ya de por s\u00ed acusada en la zona.<\/p>\n<p>Exibis nace con la voluntad de recuperar el car\u00e1cter singular hist\u00f3rico de los vinos de la zona, con una clara apuesta por las viejas variedades como la Sumoll y la Mand\u00f3, articuladas mediante la Cabernet Sauvignon.<\/p>\n<p>Vi\u00f1edos de cultivo en ecol\u00f3gico. Se trata de los primeros vi\u00f1edos en el Bages acompa\u00f1ados con el trabajo y la mirada biodin\u00e1mica.[\/vc_column_text][vc_separator type=\u00bbtransparent\u00bb][\/vc_column][\/vc_row][vc_row css_animation=\u00bb\u00bb row_type=\u00bbrow\u00bb use_row_as_full_screen_section=\u00bbno\u00bb type=\u00bbfull_width\u00bb angled_section=\u00bbno\u00bb text_align=\u00bbleft\u00bb background_image_as_pattern=\u00bbwithout_pattern\u00bb][vc_column width=\u00bb1\/4&#8243;][\/vc_column][vc_column width=\u00bb3\/4&#8243;][vc_separator type=\u00bbtransparent\u00bb][vc_column_text]<\/p>\n<h3>VINOS<\/h3>\n<p>[\/vc_column_text][vc_separator type=\u00bbsmall\u00bb position=\u00bbleft\u00bb][vc_separator type=\u00bbtransparent\u00bb][\/vc_column][\/vc_row][vc_row css_animation=\u00bb\u00bb row_type=\u00bbrow\u00bb use_row_as_full_screen_section=\u00bbno\u00bb type=\u00bbfull_width\u00bb angled_section=\u00bbno\u00bb text_align=\u00bbleft\u00bb background_image_as_pattern=\u00bbwithout_pattern\u00bb][vc_column width=\u00bb1\/4&#8243;][\/vc_column][vc_column width=\u00bb1\/6&#8243;][vc_single_image image=\u00bb20028&#8243; img_size=\u00bbfull\u00bb alignment=\u00bbcenter\u00bb onclick=\u00bbcustom_link\u00bb img_link_target=\u00bb_blank\u00bb qode_css_animation=\u00bb\u00bb link=\u00bbhttps:\/\/dopladebages.com\/wp-content\/uploads\/2019\/03\/fitxa_LaBaula_CAT-nou.pdf\u00bb][vc_empty_space height=\u00bb20px\u00bb][vc_column_text]<\/p>\n<h6 class=\"portfolio_title entry_title\" style=\"text-align: center;\"><a href=\"https:\/\/dopladebages.com\/wp-content\/uploads\/2019\/03\/fitxa_LaBaula_CAT-nou.pdf\" rel=\"external\" rel=\"noopener noreferrer\">LA BAULA<\/a><\/h6>\n<p>[\/vc_column_text][\/vc_column][vc_column width=\u00bb1\/6&#8243;][vc_single_image image=\u00bb20415&#8243; img_size=\u00bbfull\u00bb alignment=\u00bbcenter\u00bb onclick=\u00bbcustom_link\u00bb img_link_target=\u00bb_blank\u00bb qode_css_animation=\u00bb\u00bb link=\u00bbhttps:\/\/dopladebages.com\/wp-content\/uploads\/2019\/03\/fitxa_LaRasa_CAT.pdf\u00bb][vc_empty_space height=\u00bb20px\u00bb][vc_column_text]<\/p>\n<h6 class=\"portfolio_title entry_title\" style=\"text-align: center;\"><a href=\"https:\/\/dopladebages.com\/wp-content\/uploads\/2019\/03\/fitxa_LaRasa_CAT.pdf\" rel=\"external\" rel=\"noopener noreferrer\">LA RASA<\/a><\/h6>\n<p>[\/vc_column_text][\/vc_column][vc_column width=\u00bb1\/6&#8243;][vc_single_image image=\u00bb20418&#8243; img_size=\u00bbfull\u00bb alignment=\u00bbcenter\u00bb onclick=\u00bbcustom_link\u00bb img_link_target=\u00bb_blank\u00bb qode_css_animation=\u00bb\u00bb link=\u00bbhttps:\/\/dopladebages.com\/wp-content\/uploads\/2019\/03\/fitxa_Exibis_CAT.pdf\u00bb][vc_empty_space height=\u00bb20px\u00bb][vc_column_text]<\/p>\n<h6 class=\"portfolio_title entry_title\" style=\"text-align: center;\"><a href=\"https:\/\/dopladebages.com\/wp-content\/uploads\/2019\/03\/fitxa_Exibis_CAT.pdf\" rel=\"external\" rel=\"noopener noreferrer\">EXIBIS<\/a><\/h6>\n<p>[\/vc_column_text][\/vc_column][vc_column width=\u00bb1\/6&#8243;][\/vc_column][\/vc_row][vc_row css_animation=\u00bb\u00bb row_type=\u00bbrow\u00bb use_row_as_full_screen_section=\u00bbno\u00bb type=\u00bbfull_width\u00bb angled_section=\u00bbno\u00bb text_align=\u00bbleft\u00bb background_image_as_pattern=\u00bbwithout_pattern\u00bb][vc_column][vc_empty_space height=\u00bb50px\u00bb][\/vc_column][\/vc_row]<\/p>\n<\/div>","protected":false},"excerpt":{"rendered":"<p>[vc_row css_animation=\u00bb\u00bb row_type=\u00bbrow\u00bb use_row_as_full_screen_section=\u00bbno\u00bb type=\u00bbfull_width\u00bb angled_section=\u00bbno\u00bb text_align=\u00bbleft\u00bb background_image_as_pattern=\u00bbwithout_pattern\u00bb][vc_column width=\u00bb1\/4&#8243;][vc_column_text] EXIBIS [\/vc_column_text][vc_separator type=\u00bbsmall\u00bb position=\u00bbleft\u00bb][vc_empty_space][vc_single_image image=\u00bb19938&#8243; img_size=\u00bbfull\u00bb style=\u00bbvc_box_shadow\u00bb qode_css_animation=\u00bb\u00bb][vc_empty_space][vc_column_text]Masia Can Serra dels Exibis 08670 Nav\u00e0s info@exibis.com exibis.com[\/vc_column_text][vc_empty_space][vc_empty_space][vc_column_text css=\u00bb.vc_custom_1549492043749{padding-top: 30px !important;padding-right: 30px !important;padding-bottom: 30px !important;padding-left: 30px !important;background-color: #f7f7f7 !important;}\u00bb]ACTIVIDADES Visitas concertadas s\u00f3lo para profesionales. [\/vc_column_text][\/vc_column][vc_column width=\u00bb3\/4&#8243;][vc_gallery interval=\u00bb3&#8243; images=\u00bb19893,19887,19890&#8243;&#8230;<\/p>\n","protected":false},"author":1,"featured_media":0,"parent":0,"menu_order":0,"comment_status":"closed","ping_status":"closed","template":"","meta":{"_monsterinsights_skip_tracking":false,"_monsterinsights_sitenote_active":false,"_monsterinsights_sitenote_note":"","_monsterinsights_sitenote_category":0,"footnotes":""},"class_list":["post-23996","page","type-page","status-publish","hentry"],"_links":{"self":[{"href":"https:\/\/dopladebages.com\/es\/wp-json\/wp\/v2\/pages\/23996","targetHints":{"allow":["GET"]}}],"collection":[{"href":"https:\/\/dopladebages.com\/es\/wp-json\/wp\/v2\/pages"}],"about":[{"href":"https:\/\/dopladebages.com\/es\/wp-json\/wp\/v2\/types\/page"}],"author":[{"embeddable":true,"href":"https:\/\/dopladebages.com\/es\/wp-json\/wp\/v2\/users\/1"}],"replies":[{"embeddable":true,"href":"https:\/\/dopladebages.com\/es\/wp-json\/wp\/v2\/comments?post=23996"}],"version-history":[{"count":0,"href":"https:\/\/dopladebages.com\/es\/wp-json\/wp\/v2\/pages\/23996\/revisions"}],"wp:attachment":[{"href":"https:\/\/dopladebages.com\/es\/wp-json\/wp\/v2\/media?parent=23996"}],"curies":[{"name":"wp","href":"https:\/\/api.w.org\/{rel}","templated":true}]}}