{"id":23992,"date":"2023-01-23T13:42:58","date_gmt":"2023-01-23T12:42:58","guid":{"rendered":"https:\/\/dopladebages.com\/bodega-cooperativa-de-artes\/"},"modified":"2023-01-23T13:42:59","modified_gmt":"2023-01-23T12:42:59","slug":"bodega-cooperativa-de-artes","status":"publish","type":"page","link":"https:\/\/dopladebages.com\/es\/bodega-cooperativa-de-artes\/","title":{"rendered":"Bodega Cooperativa de Art\u00e9s"},"content":{"rendered":"<div class=\"wpb-content-wrapper\"><p>[vc_row css_animation=\u00bb\u00bb row_type=\u00bbrow\u00bb use_row_as_full_screen_section=\u00bbno\u00bb type=\u00bbfull_width\u00bb angled_section=\u00bbno\u00bb text_align=\u00bbleft\u00bb background_image_as_pattern=\u00bbwithout_pattern\u00bb][vc_column width=\u00bb1\/4&#8243;][vc_column_text]<\/p>\n<h2 style=\"text-align: left;\">BODEGA COOPERATIVA DE ART\u00c9S<\/h2>\n<p>[\/vc_column_text][vc_separator type=\u00bbsmall\u00bb position=\u00bbleft\u00bb][vc_empty_space][vc_single_image image=\u00bb19911&#8243; img_size=\u00bbfull\u00bb style=\u00bbvc_box_shadow\u00bb qode_css_animation=\u00bb\u00bb][vc_empty_space][vc_column_text]C\/ Rocafort, 44<\/p>\n<p>08271 Art\u00e9s<\/p>\n<p>T 93 830 53 25<\/p>\n<p><a href=\"mailto:artium@cavesartium.com\" rel=\"external\" rel=\"noopener noreferrer\">artium@cavesartium.com<\/a><\/p>\n<p><a href=\"http:\/\/www.cavesartium.com\">cavesartium.com<\/a>[\/vc_column_text][vc_empty_space]<span class='q_social_icon_holder circle_social' ><a itemprop='url' href='https:\/\/www.instagram.com\/cavesartium\/' target='_blank'><span class='fa-stack fa-lg' style=''><i class=\"qode_icon_font_awesome fa fa-instagram \" style=\"\" ><\/i><\/span><\/a><\/span><span class='q_social_icon_holder circle_social' ><a itemprop='url' href='https:\/\/www.facebook.com\/Artiumvinsicaves\/' target='_blank'><span class='fa-stack fa-lg' style=''><i class=\"qode_icon_font_awesome fa fa-facebook \" style=\"\" ><\/i><\/span><\/a><\/span><span class='q_social_icon_holder circle_social' ><a itemprop='url' href='https:\/\/twitter.com\/Artium1908' target='_blank'><span class='fa-stack fa-lg' style=''><i class=\"qode_icon_font_awesome fa fa-twitter \" style=\"\" ><\/i><\/span><\/a><\/span>[vc_empty_space][vc_column_text css=\u00bb.vc_custom_1549490835919{padding-top: 30px !important;padding-right: 30px !important;padding-bottom: 30px !important;padding-left: 30px !important;background-color: #f7f7f7 !important;}\u00bb]<strong>ACTIVIDADES<\/strong><\/p>\n<ul>\n<li>Visita guiada a la bodega, exposici\u00f3n hist\u00f3rica, degustaciones y compra en la agrotienda.<\/li>\n<li>Salida a los vi\u00f1edos y vendimia popular.<\/li>\n<li>Espai Artium: zona anexa a la cooperativa donde se desarrolla toda la actividad de enoturismo y donde se puede realizar tranquilamente una copa de vino, vermut, cava&#8230; acompa\u00f1ados de mesas de quesos y embutidos.<\/li>\n<\/ul>\n<p>[\/vc_column_text][\/vc_column][vc_column width=\u00bb3\/4&#8243;][vc_gallery interval=\u00bb3&#8243; images=\u00bb19854,19857,19860&#8243; img_size=\u00bbfull\u00bb][vc_column_text]La tradici\u00f3n vitivin\u00edcola de la Bodega Cooperativa de Art\u00e9s es la herencia ancestral que se ha transmitido de padres a hijos a trav\u00e9s del tiempo. Pendientes de escuchar y entender una tierra con una climatolog\u00eda y suelo muy particulares, se consigue una personalidad y un estilo propios en el cultivo de la uva y la elaboraci\u00f3n del vino.<\/p>\n<p>Esta bodega, fundada en 1908 con el nombre \u201cSindicato Agr\u00edcola de Art\u00e9s\u201d, comercializa sus productos tanto a nivel nacional como internacional bajo las marcas Artium y Llu\u00eds Guitart.<\/p>\n<p>En 1940 la Bodega Cooperativa de Art\u00e9s saca al mercado las primeras botellas de cava, y se convierte en la primera cooperativa productora de cava del Estado espa\u00f1ol. Y en 1955 pasa a embotellar el vino procedente de uva picapoll con botella de 3\u20444 de litro, hecho determinante para el mantenimiento de la variedad Picapoll en el Bages.<\/p>\n<p>Sus paredes guardan muchos secretos.[\/vc_column_text][vc_separator type=\u00bbtransparent\u00bb][\/vc_column][\/vc_row][vc_row css_animation=\u00bb\u00bb row_type=\u00bbrow\u00bb use_row_as_full_screen_section=\u00bbno\u00bb type=\u00bbfull_width\u00bb angled_section=\u00bbno\u00bb text_align=\u00bbleft\u00bb background_image_as_pattern=\u00bbwithout_pattern\u00bb][vc_column width=\u00bb1\/4&#8243;][\/vc_column][vc_column width=\u00bb3\/4&#8243;][vc_separator type=\u00bbtransparent\u00bb][vc_column_text]<\/p>\n<h3>VINOS<\/h3>\n<p>[\/vc_column_text][vc_separator type=\u00bbsmall\u00bb position=\u00bbleft\u00bb][vc_separator type=\u00bbtransparent\u00bb][\/vc_column][\/vc_row][vc_row css_animation=\u00bb\u00bb row_type=\u00bbrow\u00bb use_row_as_full_screen_section=\u00bbno\u00bb type=\u00bbfull_width\u00bb angled_section=\u00bbno\u00bb text_align=\u00bbleft\u00bb background_image_as_pattern=\u00bbwithout_pattern\u00bb][vc_column width=\u00bb1\/4&#8243;][\/vc_column][vc_column width=\u00bb1\/6&#8243;][vc_single_image image=\u00bb20334&#8243; img_size=\u00bbfull\u00bb alignment=\u00bbcenter\u00bb onclick=\u00bbcustom_link\u00bb img_link_target=\u00bb_blank\u00bb qode_css_animation=\u00bb\u00bb link=\u00bbhttps:\/\/dopladebages.com\/wp-content\/uploads\/2019\/03\/Caprici-Artium.pdf\u00bb][vc_empty_space height=\u00bb20px\u00bb][vc_column_text]<\/p>\n<h6 class=\"portfolio_title entry_title\" style=\"text-align: center;\"><a href=\"https:\/\/dopladebages.com\/wp-content\/uploads\/2019\/03\/Caprici-Artium.pdf\" rel=\"external\" rel=\"noopener noreferrer\">Caprici negro\u00a0<\/a><\/h6>\n<p>[\/vc_column_text][\/vc_column][vc_column width=\u00bb1\/6&#8243;][vc_single_image image=\u00bb20337&#8243; img_size=\u00bbfull\u00bb alignment=\u00bbcenter\u00bb onclick=\u00bbcustom_link\u00bb img_link_target=\u00bb_blank\u00bb qode_css_animation=\u00bb\u00bb link=\u00bbhttps:\/\/dopladebages.com\/wp-content\/uploads\/2019\/03\/Caprici-rosat-Artium.pdf\u00bb][vc_empty_space height=\u00bb20px\u00bb][vc_column_text]<\/p>\n<h6 class=\"portfolio_title entry_title\" style=\"text-align: center;\"><a href=\"https:\/\/dopladebages.com\/wp-content\/uploads\/2019\/03\/Caprici-rosat-Artium.pdf\" rel=\"external\" rel=\"noopener noreferrer\">Caprici rosado<\/a><\/h6>\n<p>[\/vc_column_text][\/vc_column][vc_column width=\u00bb1\/6&#8243;][vc_single_image image=\u00bb20343&#8243; img_size=\u00bbfull\u00bb alignment=\u00bbcenter\u00bb onclick=\u00bbcustom_link\u00bb img_link_target=\u00bb_blank\u00bb qode_css_animation=\u00bb\u00bb link=\u00bbhttps:\/\/dopladebages.com\/wp-content\/uploads\/2019\/03\/Mand%C3%B3-Artium.pdf\u00bb][vc_empty_space height=\u00bb20px\u00bb][vc_column_text]<\/p>\n<h6 class=\"portfolio_title entry_title\" style=\"text-align: center;\"><a href=\"https:\/\/dopladebages.com\/wp-content\/uploads\/2019\/03\/Mand\u00f3-Artium.pdf\" rel=\"external\" rel=\"noopener noreferrer\">Mand\u00f3<\/a><\/h6>\n<p>[\/vc_column_text][\/vc_column][vc_column width=\u00bb1\/6&#8243;][vc_single_image image=\u00bb20346&#8243; img_size=\u00bbfull\u00bb alignment=\u00bbcenter\u00bb onclick=\u00bbcustom_link\u00bb img_link_target=\u00bb_blank\u00bb qode_css_animation=\u00bb\u00bb link=\u00bbhttps:\/\/dopladebages.com\/wp-content\/uploads\/2019\/03\/Fitxa-Picapoll-Artium.pdf\u00bb][vc_empty_space height=\u00bb20px\u00bb][vc_column_text]<\/p>\n<h6 class=\"portfolio_title entry_title\" style=\"text-align: center;\"><a href=\"https:\/\/dopladebages.com\/wp-content\/uploads\/2019\/03\/Fitxa-Picapoll-Artium.pdf\" rel=\"external\" rel=\"noopener noreferrer\">Picapoll<\/a><\/h6>\n<p>[\/vc_column_text][\/vc_column][\/vc_row][vc_row css_animation=\u00bb\u00bb row_type=\u00bbrow\u00bb use_row_as_full_screen_section=\u00bbno\u00bb type=\u00bbfull_width\u00bb angled_section=\u00bbno\u00bb text_align=\u00bbleft\u00bb background_image_as_pattern=\u00bbwithout_pattern\u00bb][vc_column][vc_empty_space height=\u00bb50px\u00bb][\/vc_column][\/vc_row][vc_row css_animation=\u00bb\u00bb row_type=\u00bbrow\u00bb use_row_as_full_screen_section=\u00bbno\u00bb type=\u00bbfull_width\u00bb angled_section=\u00bbno\u00bb text_align=\u00bbleft\u00bb background_image_as_pattern=\u00bbwithout_pattern\u00bb][vc_column width=\u00bb1\/4&#8243;][\/vc_column][vc_column width=\u00bb1\/6&#8243;][vc_single_image image=\u00bb20349&#8243; img_size=\u00bbfull\u00bb alignment=\u00bbcenter\u00bb onclick=\u00bbcustom_link\u00bb img_link_target=\u00bb_blank\u00bb qode_css_animation=\u00bb\u00bb link=\u00bbhttps:\/\/dopladebages.com\/wp-content\/uploads\/2019\/03\/Fitxa-picapoll-bota-Artium.pdf\u00bb][vc_empty_space height=\u00bb20px\u00bb][vc_column_text]<\/p>\n<h6 class=\"portfolio_title entry_title\" style=\"text-align: center;\"><a href=\"https:\/\/dopladebages.com\/wp-content\/uploads\/2019\/03\/Fitxa-picapoll-bota-Artium.pdf\" rel=\"external\" rel=\"noopener noreferrer\">Picapoll bota<\/a><\/h6>\n<p>[\/vc_column_text][\/vc_column][vc_column width=\u00bb1\/6&#8243;][vc_single_image image=\u00bb20352&#8243; img_size=\u00bbfull\u00bb alignment=\u00bbcenter\u00bb onclick=\u00bbcustom_link\u00bb img_link_target=\u00bb_blank\u00bb qode_css_animation=\u00bb\u00bb link=\u00bbhttps:\/\/dopladebages.com\/wp-content\/uploads\/2019\/03\/Roques-Albes-Artium.pdf\u00bb][vc_empty_space height=\u00bb20px\u00bb][vc_column_text]<\/p>\n<h6 class=\"portfolio_title entry_title\" style=\"text-align: center;\"><a href=\"https:\/\/dopladebages.com\/wp-content\/uploads\/2019\/03\/Roques-Albes-Artium.pdf\" rel=\"external\" rel=\"noopener noreferrer\">Roques Albes<\/a><\/h6>\n<p>[\/vc_column_text][\/vc_column][vc_column width=\u00bb1\/6&#8243;][vc_single_image image=\u00bb20340&#8243; img_size=\u00bbfull\u00bb alignment=\u00bbcenter\u00bb onclick=\u00bbcustom_link\u00bb img_link_target=\u00bb_blank\u00bb qode_css_animation=\u00bb\u00bb link=\u00bbhttps:\/\/dopladebages.com\/wp-content\/uploads\/2019\/03\/Fumet-Artium.pdf\u00bb][vc_empty_space height=\u00bb20px\u00bb][vc_column_text]<\/p>\n<h6 class=\"portfolio_title entry_title\" style=\"text-align: center;\"><a href=\"https:\/\/dopladebages.com\/wp-content\/uploads\/2019\/03\/Fumet-Artium.pdf\" rel=\"external\" rel=\"noopener noreferrer\">Fumet<\/a><\/h6>\n<p>[\/vc_column_text][\/vc_column][vc_column width=\u00bb1\/6&#8243;][\/vc_column][\/vc_row][vc_row css_animation=\u00bb\u00bb row_type=\u00bbrow\u00bb use_row_as_full_screen_section=\u00bbno\u00bb type=\u00bbfull_width\u00bb angled_section=\u00bbno\u00bb text_align=\u00bbleft\u00bb background_image_as_pattern=\u00bbwithout_pattern\u00bb][vc_column][vc_empty_space height=\u00bb50px\u00bb][\/vc_column][\/vc_row]<\/p>\n<\/div>","protected":false},"excerpt":{"rendered":"<p>[vc_row css_animation=\u00bb\u00bb row_type=\u00bbrow\u00bb use_row_as_full_screen_section=\u00bbno\u00bb type=\u00bbfull_width\u00bb angled_section=\u00bbno\u00bb text_align=\u00bbleft\u00bb background_image_as_pattern=\u00bbwithout_pattern\u00bb][vc_column width=\u00bb1\/4&#8243;][vc_column_text] BODEGA COOPERATIVA DE ART\u00c9S [\/vc_column_text][vc_separator type=\u00bbsmall\u00bb position=\u00bbleft\u00bb][vc_empty_space][vc_single_image image=\u00bb19911&#8243; img_size=\u00bbfull\u00bb style=\u00bbvc_box_shadow\u00bb qode_css_animation=\u00bb\u00bb][vc_empty_space][vc_column_text]C\/ Rocafort, 44 08271 Art\u00e9s T 93 830 53 25 artium@cavesartium.com cavesartium.com[\/vc_column_text][vc_empty_space][vc_empty_space][vc_column_text css=\u00bb.vc_custom_1549490835919{padding-top: 30px !important;padding-right: 30px !important;padding-bottom: 30px !important;padding-left: 30px !important;background-color: #f7f7f7 !important;}\u00bb]ACTIVIDADES Visita guiada a&#8230;<\/p>\n","protected":false},"author":1,"featured_media":0,"parent":0,"menu_order":0,"comment_status":"closed","ping_status":"closed","template":"","meta":{"_monsterinsights_skip_tracking":false,"_monsterinsights_sitenote_active":false,"_monsterinsights_sitenote_note":"","_monsterinsights_sitenote_category":0,"footnotes":""},"class_list":["post-23992","page","type-page","status-publish","hentry"],"_links":{"self":[{"href":"https:\/\/dopladebages.com\/es\/wp-json\/wp\/v2\/pages\/23992","targetHints":{"allow":["GET"]}}],"collection":[{"href":"https:\/\/dopladebages.com\/es\/wp-json\/wp\/v2\/pages"}],"about":[{"href":"https:\/\/dopladebages.com\/es\/wp-json\/wp\/v2\/types\/page"}],"author":[{"embeddable":true,"href":"https:\/\/dopladebages.com\/es\/wp-json\/wp\/v2\/users\/1"}],"replies":[{"embeddable":true,"href":"https:\/\/dopladebages.com\/es\/wp-json\/wp\/v2\/comments?post=23992"}],"version-history":[{"count":0,"href":"https:\/\/dopladebages.com\/es\/wp-json\/wp\/v2\/pages\/23992\/revisions"}],"wp:attachment":[{"href":"https:\/\/dopladebages.com\/es\/wp-json\/wp\/v2\/media?parent=23992"}],"curies":[{"name":"wp","href":"https:\/\/api.w.org\/{rel}","templated":true}]}}