{"id":23961,"date":"2023-01-23T13:03:39","date_gmt":"2023-01-23T12:03:39","guid":{"rendered":"https:\/\/dopladebages.com\/patrimonio-de-la-piedra-seca\/"},"modified":"2023-01-23T13:03:39","modified_gmt":"2023-01-23T12:03:39","slug":"patrimonio-de-la-piedra-seca","status":"publish","type":"page","link":"https:\/\/dopladebages.com\/es\/patrimonio-de-la-piedra-seca\/","title":{"rendered":"Patrimonio de la piedra seca"},"content":{"rendered":"<div class=\"wpb-content-wrapper\"><p>[vc_row css_animation=\u00bb\u00bb row_type=\u00bbrow\u00bb use_row_as_full_screen_section=\u00bbno\u00bb type=\u00bbfull_width\u00bb angled_section=\u00bbno\u00bb text_align=\u00bbleft\u00bb background_image_as_pattern=\u00bbwithout_pattern\u00bb][vc_column][vc_column_text]<\/p>\n<h2>Patrimonio de la piedra seca<\/h2>\n<p>[\/vc_column_text][vc_empty_space][\/vc_column][\/vc_row][vc_row css_animation=\u00bb\u00bb row_type=\u00bbrow\u00bb use_row_as_full_screen_section=\u00bbno\u00bb type=\u00bbfull_width\u00bb angled_section=\u00bbno\u00bb text_align=\u00bbleft\u00bb background_image_as_pattern=\u00bbwithout_pattern\u00bb][vc_column][vc_column_text]Una de las peculiaridades que podemos encontrar en la DO Pla de Bages son las tinas y barracas de piedra seca. \u00c9stas recuerdan que este territorio fue el de mayor extensi\u00f3n de vi\u00f1edo de toda Catalu\u00f1a hace unos 200 a\u00f1os, de hasta 28.000 hect\u00e1reas.<\/p>\n<p>Entre 1860 y 1890 fue la fiebre de oro de la vi\u00f1a del Bages. La plaga de la filoxera ya hab\u00eda arrasado los vi\u00f1edos franceses, y al aumentar la demanda de vinos, los precios y el cultivo de vi\u00f1edo se dispar\u00f3 para aprovechar el momento. Todo ello hizo que los vi\u00f1edos se subieran por las monta\u00f1as hasta llegar a estas 28.000 hect\u00e1reas de vi\u00f1edo en el Bages, configurando un nuevo paisaje de bancales de piedra seca y barracas de vi\u00f1edo.<\/p>\n<p>La distancia con las mas\u00edas obligaba a los campesinos a elaborar estas construcciones entre los vi\u00f1edos llamados tinas, donde elaboraban el vino para evitar tener que transportar la uva hasta la mas\u00eda, ya que era m\u00e1s pr\u00e1ctico transportar 65kg de vino que 100kg de uva. La uva entraba por arriba, se aplastaba con los pies sobre el panal y fermentaba en el dep\u00f3sito, y abajo saliendo por el buje, se cargaba para vender. En muchos casos, incluso, el vino se vend\u00eda en la misma tina, evitando tener que transportarlo hasta la misma mas\u00eda.<\/p>\n<p>Y por otra parte las barracas, que serv\u00edan para guardar el utillaje agr\u00edcola o proteg\u00edan de las inclemencias del tiempo.<\/p>\n<p>La filoxera lleg\u00f3 primero, pero no fue \u00e9ste el motivo de abandono del vi\u00f1edo, ya que descubierta la soluci\u00f3n del pie americano, se volvieron a plantar hasta 22.000 hect\u00e1reas. Fue con la llegada del textil que la gente se fue de la vi\u00f1a para optar a un sueldo asegurado al final de cada mes, un horario fijo y un trabajo no tan sacrificado. Tambi\u00e9n a ra\u00edz de la mecanizaci\u00f3n en el campo, se motivaron cultivos menos manuales. De 22.000 hect\u00e1reas a las 500 actuales.[\/vc_column_text][\/vc_column][\/vc_row][vc_row css_animation=\u00bb\u00bb row_type=\u00bbrow\u00bb use_row_as_full_screen_section=\u00bbno\u00bb type=\u00bbfull_width\u00bb angled_section=\u00bbno\u00bb text_align=\u00bbleft\u00bb background_image_as_pattern=\u00bbwithout_pattern\u00bb css=\u00bb.vc_custom_1641985143096{margin-top: 50px !important;margin-bottom: 50px !important;}\u00bb z_index=\u00bb\u00bb][vc_column]<div class=\"qode-advanced-image-gallery  qode-aig-grid-type qode-normal-space   \">\n\t<div class=\"qode-aig-inner qode-outer-space qode-aig-grid qode-aig-three-columns\">\n\t\t\t\t\t<div class=\"qode-aig-image qode-item-space\">\n\t\t\t\t<div class=\"qode-aig-image-inner\">\n\t\t\t\t\t\t\t\t\t\t\t<img loading=\"lazy\" decoding=\"async\" width=\"1080\" height=\"1080\" src=\"https:\/\/dopladebages.com\/wp-content\/uploads\/2022\/01\/7.jpg\" class=\"attachment-full size-full\" alt=\"\" srcset=\"https:\/\/dopladebages.com\/wp-content\/uploads\/2022\/01\/7.jpg 1080w, https:\/\/dopladebages.com\/wp-content\/uploads\/2022\/01\/7-300x300.jpg 300w, https:\/\/dopladebages.com\/wp-content\/uploads\/2022\/01\/7-1024x1024.jpg 1024w, https:\/\/dopladebages.com\/wp-content\/uploads\/2022\/01\/7-150x150.jpg 150w, https:\/\/dopladebages.com\/wp-content\/uploads\/2022\/01\/7-768x768.jpg 768w, https:\/\/dopladebages.com\/wp-content\/uploads\/2022\/01\/7-570x570.jpg 570w, https:\/\/dopladebages.com\/wp-content\/uploads\/2022\/01\/7-500x500.jpg 500w, https:\/\/dopladebages.com\/wp-content\/uploads\/2022\/01\/7-1000x1000.jpg 1000w, https:\/\/dopladebages.com\/wp-content\/uploads\/2022\/01\/7-700x700.jpg 700w\" sizes=\"auto, (max-width: 1080px) 100vw, 1080px\" \/>\t\t\t\t\t\t<span class=\"aig-gallery-hover\">\n\t\t\t\t\t\t\t\t\t\t\t\t\t<\/span>\n\t\t\t\t\t\t\t\t\t<\/div>\n\t\t\t<\/div>\n\t\t\t\t\t<div class=\"qode-aig-image qode-item-space\">\n\t\t\t\t<div class=\"qode-aig-image-inner\">\n\t\t\t\t\t\t\t\t\t\t\t<img loading=\"lazy\" decoding=\"async\" width=\"800\" height=\"600\" src=\"https:\/\/dopladebages.com\/wp-content\/uploads\/2021\/11\/Granera-800x600-1.jpeg\" class=\"attachment-full size-full\" alt=\"\" srcset=\"https:\/\/dopladebages.com\/wp-content\/uploads\/2021\/11\/Granera-800x600-1.jpeg 800w, https:\/\/dopladebages.com\/wp-content\/uploads\/2021\/11\/Granera-800x600-1-300x225.jpeg 300w, https:\/\/dopladebages.com\/wp-content\/uploads\/2021\/11\/Granera-800x600-1-768x576.jpeg 768w, https:\/\/dopladebages.com\/wp-content\/uploads\/2021\/11\/Granera-800x600-1-700x525.jpeg 700w\" sizes=\"auto, (max-width: 800px) 100vw, 800px\" \/>\t\t\t\t\t\t<span class=\"aig-gallery-hover\">\n\t\t\t\t\t\t\t\t\t\t\t\t\t<\/span>\n\t\t\t\t\t\t\t\t\t<\/div>\n\t\t\t<\/div>\n\t\t\t\t\t<div class=\"qode-aig-image qode-item-space\">\n\t\t\t\t<div class=\"qode-aig-image-inner\">\n\t\t\t\t\t\t\t\t\t\t\t<img loading=\"lazy\" decoding=\"async\" width=\"800\" height=\"600\" src=\"https:\/\/dopladebages.com\/wp-content\/uploads\/2021\/11\/vilomara-sortida-800x600-1.jpg\" class=\"attachment-full size-full\" alt=\"\" srcset=\"https:\/\/dopladebages.com\/wp-content\/uploads\/2021\/11\/vilomara-sortida-800x600-1.jpg 800w, https:\/\/dopladebages.com\/wp-content\/uploads\/2021\/11\/vilomara-sortida-800x600-1-300x225.jpg 300w, https:\/\/dopladebages.com\/wp-content\/uploads\/2021\/11\/vilomara-sortida-800x600-1-768x576.jpg 768w, https:\/\/dopladebages.com\/wp-content\/uploads\/2021\/11\/vilomara-sortida-800x600-1-700x525.jpg 700w\" sizes=\"auto, (max-width: 800px) 100vw, 800px\" \/>\t\t\t\t\t\t<span class=\"aig-gallery-hover\">\n\t\t\t\t\t\t\t\t\t\t\t\t\t<\/span>\n\t\t\t\t\t\t\t\t\t<\/div>\n\t\t\t<\/div>\n\t\t\t<\/div>\n<\/div>[\/vc_column][\/vc_row]<\/p>\n<\/div>","protected":false},"excerpt":{"rendered":"<p>[vc_row css_animation=\u00bb\u00bb row_type=\u00bbrow\u00bb use_row_as_full_screen_section=\u00bbno\u00bb type=\u00bbfull_width\u00bb angled_section=\u00bbno\u00bb text_align=\u00bbleft\u00bb background_image_as_pattern=\u00bbwithout_pattern\u00bb][vc_column][vc_column_text] Patrimonio de la piedra seca [\/vc_column_text][vc_empty_space][\/vc_column][\/vc_row][vc_row css_animation=\u00bb\u00bb row_type=\u00bbrow\u00bb use_row_as_full_screen_section=\u00bbno\u00bb type=\u00bbfull_width\u00bb angled_section=\u00bbno\u00bb text_align=\u00bbleft\u00bb background_image_as_pattern=\u00bbwithout_pattern\u00bb][vc_column][vc_column_text]Una de las peculiaridades que podemos encontrar en la DO Pla de Bages son las tinas y barracas de piedra seca. \u00c9stas recuerdan que este&#8230;<\/p>\n","protected":false},"author":1,"featured_media":0,"parent":0,"menu_order":0,"comment_status":"closed","ping_status":"closed","template":"","meta":{"_monsterinsights_skip_tracking":false,"_monsterinsights_sitenote_active":false,"_monsterinsights_sitenote_note":"","_monsterinsights_sitenote_category":0,"footnotes":""},"class_list":["post-23961","page","type-page","status-publish","hentry"],"_links":{"self":[{"href":"https:\/\/dopladebages.com\/es\/wp-json\/wp\/v2\/pages\/23961","targetHints":{"allow":["GET"]}}],"collection":[{"href":"https:\/\/dopladebages.com\/es\/wp-json\/wp\/v2\/pages"}],"about":[{"href":"https:\/\/dopladebages.com\/es\/wp-json\/wp\/v2\/types\/page"}],"author":[{"embeddable":true,"href":"https:\/\/dopladebages.com\/es\/wp-json\/wp\/v2\/users\/1"}],"replies":[{"embeddable":true,"href":"https:\/\/dopladebages.com\/es\/wp-json\/wp\/v2\/comments?post=23961"}],"version-history":[{"count":0,"href":"https:\/\/dopladebages.com\/es\/wp-json\/wp\/v2\/pages\/23961\/revisions"}],"wp:attachment":[{"href":"https:\/\/dopladebages.com\/es\/wp-json\/wp\/v2\/media?parent=23961"}],"curies":[{"name":"wp","href":"https:\/\/api.w.org\/{rel}","templated":true}]}}