{"id":23957,"date":"2023-01-23T12:56:24","date_gmt":"2023-01-23T11:56:24","guid":{"rendered":"https:\/\/dopladebages.com\/la-ruta-del-vino-do-pla-de-bages\/"},"modified":"2023-02-22T09:36:39","modified_gmt":"2023-02-22T08:36:39","slug":"la-ruta-del-vino-do-pla-de-bages","status":"publish","type":"page","link":"https:\/\/dopladebages.com\/es\/la-ruta-del-vino-do-pla-de-bages\/","title":{"rendered":"La Ruta del Vino DO Pla de Bages"},"content":{"rendered":"<div class=\"wpb-content-wrapper\"><p>[vc_row css_animation=\u00bb\u00bb row_type=\u00bbrow\u00bb use_row_as_full_screen_section=\u00bbno\u00bb type=\u00bbfull_width\u00bb angled_section=\u00bbno\u00bb text_align=\u00bbleft\u00bb background_image_as_pattern=\u00bbwithout_pattern\u00bb][vc_column][vc_column_text]<\/p>\n<h2>La ruta del vino de la DO Pla de Bages<\/h2>\n<p>[\/vc_column_text][vc_empty_space][\/vc_column][\/vc_row][vc_row css_animation=\u00bb\u00bb row_type=\u00bbrow\u00bb use_row_as_full_screen_section=\u00bbno\u00bb type=\u00bbfull_width\u00bb angled_section=\u00bbno\u00bb text_align=\u00bbleft\u00bb background_image_as_pattern=\u00bbwithout_pattern\u00bb][vc_column][vc_column_text]Somos un territorio de contrastes donde los vi\u00f1edos reposan protegidos a los pies de la monta\u00f1a de Montserrat, un importante s\u00edmbolo para la historia, la espiritualidad y la cultura catalana. De hecho, es la denominaci\u00f3n de origen m\u00e1s cercana a este icono natural.<\/p>\n<p>Situada en un espacio natural protegido de extrema belleza, entre las m\u00edticas cordilleras de Montserrat y la Sierra de Castelltallat, el parque natural de San Lorenzo del Munt y el Obac y el macizo del Montcau, donde puedes disfrutar de diversas atracciones enotur\u00edsticas siguiendo la <a href=\"https:\/\/www.rutadelvidobages.cat\/es\/\">Ruta del Vino DO Pla de Bages.<\/a>[\/vc_column_text][\/vc_column][\/vc_row][vc_row css_animation=\u00bb\u00bb row_type=\u00bbrow\u00bb use_row_as_full_screen_section=\u00bbno\u00bb type=\u00bbfull_width\u00bb angled_section=\u00bbno\u00bb text_align=\u00bbleft\u00bb background_image_as_pattern=\u00bbwithout_pattern\u00bb css=\u00bb.vc_custom_1641985143096{margin-top: 50px !important;margin-bottom: 50px !important;}\u00bb z_index=\u00bb\u00bb][vc_column]<div class=\"qode-advanced-image-gallery  qode-aig-grid-type qode-normal-space   \">\n\t<div class=\"qode-aig-inner qode-outer-space qode-aig-grid qode-aig-three-columns\">\n\t\t\t\t\t<div class=\"qode-aig-image qode-item-space\">\n\t\t\t\t<div class=\"qode-aig-image-inner\">\n\t\t\t\t\t\t\t\t\t\t\t<img loading=\"lazy\" decoding=\"async\" width=\"1080\" height=\"1080\" src=\"https:\/\/dopladebages.com\/wp-content\/uploads\/2022\/01\/2.jpg\" class=\"attachment-full size-full\" alt=\"\" srcset=\"https:\/\/dopladebages.com\/wp-content\/uploads\/2022\/01\/2.jpg 1080w, https:\/\/dopladebages.com\/wp-content\/uploads\/2022\/01\/2-300x300.jpg 300w, https:\/\/dopladebages.com\/wp-content\/uploads\/2022\/01\/2-1024x1024.jpg 1024w, https:\/\/dopladebages.com\/wp-content\/uploads\/2022\/01\/2-150x150.jpg 150w, https:\/\/dopladebages.com\/wp-content\/uploads\/2022\/01\/2-768x768.jpg 768w, https:\/\/dopladebages.com\/wp-content\/uploads\/2022\/01\/2-570x570.jpg 570w, https:\/\/dopladebages.com\/wp-content\/uploads\/2022\/01\/2-500x500.jpg 500w, https:\/\/dopladebages.com\/wp-content\/uploads\/2022\/01\/2-1000x1000.jpg 1000w, https:\/\/dopladebages.com\/wp-content\/uploads\/2022\/01\/2-700x700.jpg 700w\" sizes=\"auto, (max-width: 1080px) 100vw, 1080px\" \/>\t\t\t\t\t\t<span class=\"aig-gallery-hover\">\n\t\t\t\t\t\t\t\t\t\t\t\t\t<\/span>\n\t\t\t\t\t\t\t\t\t<\/div>\n\t\t\t<\/div>\n\t\t\t\t\t<div class=\"qode-aig-image qode-item-space\">\n\t\t\t\t<div class=\"qode-aig-image-inner\">\n\t\t\t\t\t\t\t\t\t\t\t<img loading=\"lazy\" decoding=\"async\" width=\"1080\" height=\"1080\" src=\"https:\/\/dopladebages.com\/wp-content\/uploads\/2022\/01\/1.jpg\" class=\"attachment-full size-full\" alt=\"\" srcset=\"https:\/\/dopladebages.com\/wp-content\/uploads\/2022\/01\/1.jpg 1080w, https:\/\/dopladebages.com\/wp-content\/uploads\/2022\/01\/1-300x300.jpg 300w, https:\/\/dopladebages.com\/wp-content\/uploads\/2022\/01\/1-1024x1024.jpg 1024w, https:\/\/dopladebages.com\/wp-content\/uploads\/2022\/01\/1-150x150.jpg 150w, https:\/\/dopladebages.com\/wp-content\/uploads\/2022\/01\/1-768x768.jpg 768w, https:\/\/dopladebages.com\/wp-content\/uploads\/2022\/01\/1-570x570.jpg 570w, https:\/\/dopladebages.com\/wp-content\/uploads\/2022\/01\/1-500x500.jpg 500w, https:\/\/dopladebages.com\/wp-content\/uploads\/2022\/01\/1-1000x1000.jpg 1000w, https:\/\/dopladebages.com\/wp-content\/uploads\/2022\/01\/1-700x700.jpg 700w\" sizes=\"auto, (max-width: 1080px) 100vw, 1080px\" \/>\t\t\t\t\t\t<span class=\"aig-gallery-hover\">\n\t\t\t\t\t\t\t\t\t\t\t\t\t<\/span>\n\t\t\t\t\t\t\t\t\t<\/div>\n\t\t\t<\/div>\n\t\t\t\t\t<div class=\"qode-aig-image qode-item-space\">\n\t\t\t\t<div class=\"qode-aig-image-inner\">\n\t\t\t\t\t\t\t\t\t\t\t<img loading=\"lazy\" decoding=\"async\" width=\"1080\" height=\"1080\" src=\"https:\/\/dopladebages.com\/wp-content\/uploads\/2022\/01\/3.jpg\" class=\"attachment-full size-full\" alt=\"\" srcset=\"https:\/\/dopladebages.com\/wp-content\/uploads\/2022\/01\/3.jpg 1080w, https:\/\/dopladebages.com\/wp-content\/uploads\/2022\/01\/3-300x300.jpg 300w, https:\/\/dopladebages.com\/wp-content\/uploads\/2022\/01\/3-1024x1024.jpg 1024w, https:\/\/dopladebages.com\/wp-content\/uploads\/2022\/01\/3-150x150.jpg 150w, https:\/\/dopladebages.com\/wp-content\/uploads\/2022\/01\/3-768x768.jpg 768w, https:\/\/dopladebages.com\/wp-content\/uploads\/2022\/01\/3-570x570.jpg 570w, https:\/\/dopladebages.com\/wp-content\/uploads\/2022\/01\/3-500x500.jpg 500w, https:\/\/dopladebages.com\/wp-content\/uploads\/2022\/01\/3-1000x1000.jpg 1000w, https:\/\/dopladebages.com\/wp-content\/uploads\/2022\/01\/3-700x700.jpg 700w\" sizes=\"auto, (max-width: 1080px) 100vw, 1080px\" \/>\t\t\t\t\t\t<span class=\"aig-gallery-hover\">\n\t\t\t\t\t\t\t\t\t\t\t\t\t<\/span>\n\t\t\t\t\t\t\t\t\t<\/div>\n\t\t\t<\/div>\n\t\t\t<\/div>\n<\/div>[\/vc_column][\/vc_row][vc_row css_animation=\u00bb\u00bb row_type=\u00bbrow\u00bb use_row_as_full_screen_section=\u00bbno\u00bb type=\u00bbfull_width\u00bb angled_section=\u00bbno\u00bb text_align=\u00bbleft\u00bb background_image_as_pattern=\u00bbwithout_pattern\u00bb][vc_column][vc_column_text]El punto de partida de este camino vin\u00edcola puede ser el monasterio de Sant Benet de Bages, con vi\u00f1edos documentados desde el siglo x y una gran bodega g\u00f3tica. La Ruta del Vino DO Pla de Bages incluye experiencias culturales enotur\u00edsticas, actividades, deportes, paseos en bicicleta o un \u201ctren del vino\u201d. Los m\u00e1s aventureros incluso podr\u00e1n descubrir las <strong>vi\u00f1as a vista de p\u00e1jaro en globo<\/strong>, ultraligero o parapente biplaza, contemplando la espectacular cara norte de Montserrat.<\/p>\n<p><strong>Patrimonio vin\u00edcola excepcional<\/strong><\/p>\n<p>Hoy en d\u00eda acogemos grandes vinos, muchas propuestas enotur\u00edsticas y un <strong>patrimonio vin\u00edcola \u00fanico en Europa<\/strong>, que incluye las singulares tinas de piedra seca situadas junto a los vi\u00f1edos.<\/p>\n<p>Las tinas de piedra seca son el elemento a destacar de las diversas atracciones enotur\u00edsticas de la <a href=\"https:\/\/www.catalunya.com\/do-pla-del-bages-23-1-49?language=es\">DO Pla de Bages<\/a> y <strong>se conservan alrededor de 4.000.<\/strong> Eran unas construcciones que permit\u00edan a los campesinos <strong>atender los vi\u00f1edos y almacenar la uva<\/strong> recolectada cuando las mas\u00edas quedaban bastante lejos debido a las grandes extensiones de vi\u00f1edo.[\/vc_column_text][\/vc_column][\/vc_row][vc_row css_animation=\u00bb\u00bb row_type=\u00bbrow\u00bb use_row_as_full_screen_section=\u00bbno\u00bb type=\u00bbfull_width\u00bb angled_section=\u00bbno\u00bb text_align=\u00bbleft\u00bb background_image_as_pattern=\u00bbwithout_pattern\u00bb css=\u00bb.vc_custom_1641985153072{margin-top: 50px !important;margin-bottom: 50px !important;}\u00bb z_index=\u00bb\u00bb][vc_column]<div class=\"qode-advanced-image-gallery  qode-aig-grid-type qode-normal-space   \">\n\t<div class=\"qode-aig-inner qode-outer-space qode-aig-grid qode-aig-three-columns\">\n\t\t\t\t\t<div class=\"qode-aig-image qode-item-space\">\n\t\t\t\t<div class=\"qode-aig-image-inner\">\n\t\t\t\t\t\t\t\t\t\t\t<img loading=\"lazy\" decoding=\"async\" width=\"1080\" height=\"1080\" src=\"https:\/\/dopladebages.com\/wp-content\/uploads\/2022\/01\/6.jpg\" class=\"attachment-full size-full\" alt=\"\" srcset=\"https:\/\/dopladebages.com\/wp-content\/uploads\/2022\/01\/6.jpg 1080w, https:\/\/dopladebages.com\/wp-content\/uploads\/2022\/01\/6-300x300.jpg 300w, https:\/\/dopladebages.com\/wp-content\/uploads\/2022\/01\/6-1024x1024.jpg 1024w, https:\/\/dopladebages.com\/wp-content\/uploads\/2022\/01\/6-150x150.jpg 150w, https:\/\/dopladebages.com\/wp-content\/uploads\/2022\/01\/6-768x768.jpg 768w, https:\/\/dopladebages.com\/wp-content\/uploads\/2022\/01\/6-570x570.jpg 570w, https:\/\/dopladebages.com\/wp-content\/uploads\/2022\/01\/6-500x500.jpg 500w, https:\/\/dopladebages.com\/wp-content\/uploads\/2022\/01\/6-1000x1000.jpg 1000w, https:\/\/dopladebages.com\/wp-content\/uploads\/2022\/01\/6-700x700.jpg 700w\" sizes=\"auto, (max-width: 1080px) 100vw, 1080px\" \/>\t\t\t\t\t\t<span class=\"aig-gallery-hover\">\n\t\t\t\t\t\t\t\t\t\t\t\t\t<\/span>\n\t\t\t\t\t\t\t\t\t<\/div>\n\t\t\t<\/div>\n\t\t\t\t\t<div class=\"qode-aig-image qode-item-space\">\n\t\t\t\t<div class=\"qode-aig-image-inner\">\n\t\t\t\t\t\t\t\t\t\t\t<img loading=\"lazy\" decoding=\"async\" width=\"1080\" height=\"1080\" src=\"https:\/\/dopladebages.com\/wp-content\/uploads\/2022\/01\/5.jpg\" class=\"attachment-full size-full\" alt=\"\" srcset=\"https:\/\/dopladebages.com\/wp-content\/uploads\/2022\/01\/5.jpg 1080w, https:\/\/dopladebages.com\/wp-content\/uploads\/2022\/01\/5-300x300.jpg 300w, https:\/\/dopladebages.com\/wp-content\/uploads\/2022\/01\/5-1024x1024.jpg 1024w, https:\/\/dopladebages.com\/wp-content\/uploads\/2022\/01\/5-150x150.jpg 150w, https:\/\/dopladebages.com\/wp-content\/uploads\/2022\/01\/5-768x768.jpg 768w, https:\/\/dopladebages.com\/wp-content\/uploads\/2022\/01\/5-570x570.jpg 570w, https:\/\/dopladebages.com\/wp-content\/uploads\/2022\/01\/5-500x500.jpg 500w, https:\/\/dopladebages.com\/wp-content\/uploads\/2022\/01\/5-1000x1000.jpg 1000w, https:\/\/dopladebages.com\/wp-content\/uploads\/2022\/01\/5-700x700.jpg 700w\" sizes=\"auto, (max-width: 1080px) 100vw, 1080px\" \/>\t\t\t\t\t\t<span class=\"aig-gallery-hover\">\n\t\t\t\t\t\t\t\t\t\t\t\t\t<\/span>\n\t\t\t\t\t\t\t\t\t<\/div>\n\t\t\t<\/div>\n\t\t\t\t\t<div class=\"qode-aig-image qode-item-space\">\n\t\t\t\t<div class=\"qode-aig-image-inner\">\n\t\t\t\t\t\t\t\t\t\t\t<img loading=\"lazy\" decoding=\"async\" width=\"1080\" height=\"1080\" src=\"https:\/\/dopladebages.com\/wp-content\/uploads\/2022\/01\/4.jpg\" class=\"attachment-full size-full\" alt=\"\" srcset=\"https:\/\/dopladebages.com\/wp-content\/uploads\/2022\/01\/4.jpg 1080w, https:\/\/dopladebages.com\/wp-content\/uploads\/2022\/01\/4-300x300.jpg 300w, https:\/\/dopladebages.com\/wp-content\/uploads\/2022\/01\/4-1024x1024.jpg 1024w, https:\/\/dopladebages.com\/wp-content\/uploads\/2022\/01\/4-150x150.jpg 150w, https:\/\/dopladebages.com\/wp-content\/uploads\/2022\/01\/4-768x768.jpg 768w, https:\/\/dopladebages.com\/wp-content\/uploads\/2022\/01\/4-570x570.jpg 570w, https:\/\/dopladebages.com\/wp-content\/uploads\/2022\/01\/4-500x500.jpg 500w, https:\/\/dopladebages.com\/wp-content\/uploads\/2022\/01\/4-1000x1000.jpg 1000w, https:\/\/dopladebages.com\/wp-content\/uploads\/2022\/01\/4-700x700.jpg 700w\" sizes=\"auto, (max-width: 1080px) 100vw, 1080px\" \/>\t\t\t\t\t\t<span class=\"aig-gallery-hover\">\n\t\t\t\t\t\t\t\t\t\t\t\t\t<\/span>\n\t\t\t\t\t\t\t\t\t<\/div>\n\t\t\t<\/div>\n\t\t\t<\/div>\n<\/div>[\/vc_column][\/vc_row]<\/p>\n<\/div>","protected":false},"excerpt":{"rendered":"<p>[vc_row css_animation=\u00bb\u00bb row_type=\u00bbrow\u00bb use_row_as_full_screen_section=\u00bbno\u00bb type=\u00bbfull_width\u00bb angled_section=\u00bbno\u00bb text_align=\u00bbleft\u00bb background_image_as_pattern=\u00bbwithout_pattern\u00bb][vc_column][vc_column_text] La ruta del vino de la DO Pla de Bages [\/vc_column_text][vc_empty_space][\/vc_column][\/vc_row][vc_row css_animation=\u00bb\u00bb row_type=\u00bbrow\u00bb use_row_as_full_screen_section=\u00bbno\u00bb type=\u00bbfull_width\u00bb angled_section=\u00bbno\u00bb text_align=\u00bbleft\u00bb background_image_as_pattern=\u00bbwithout_pattern\u00bb][vc_column][vc_column_text]Somos un territorio de contrastes donde los vi\u00f1edos reposan protegidos a los pies de la monta\u00f1a de Montserrat, un importante&#8230;<\/p>\n","protected":false},"author":1,"featured_media":0,"parent":0,"menu_order":0,"comment_status":"closed","ping_status":"closed","template":"","meta":{"_monsterinsights_skip_tracking":false,"_monsterinsights_sitenote_active":false,"_monsterinsights_sitenote_note":"","_monsterinsights_sitenote_category":0,"footnotes":""},"class_list":["post-23957","page","type-page","status-publish","hentry"],"_links":{"self":[{"href":"https:\/\/dopladebages.com\/es\/wp-json\/wp\/v2\/pages\/23957","targetHints":{"allow":["GET"]}}],"collection":[{"href":"https:\/\/dopladebages.com\/es\/wp-json\/wp\/v2\/pages"}],"about":[{"href":"https:\/\/dopladebages.com\/es\/wp-json\/wp\/v2\/types\/page"}],"author":[{"embeddable":true,"href":"https:\/\/dopladebages.com\/es\/wp-json\/wp\/v2\/users\/1"}],"replies":[{"embeddable":true,"href":"https:\/\/dopladebages.com\/es\/wp-json\/wp\/v2\/comments?post=23957"}],"version-history":[{"count":0,"href":"https:\/\/dopladebages.com\/es\/wp-json\/wp\/v2\/pages\/23957\/revisions"}],"wp:attachment":[{"href":"https:\/\/dopladebages.com\/es\/wp-json\/wp\/v2\/media?parent=23957"}],"curies":[{"name":"wp","href":"https:\/\/api.w.org\/{rel}","templated":true}]}}