{"id":23476,"date":"2022-05-10T06:58:50","date_gmt":"2022-05-10T04:58:50","guid":{"rendered":"https:\/\/dopladebages.com\/?page_id=23476"},"modified":"2022-05-10T06:58:50","modified_gmt":"2022-05-10T04:58:50","slug":"adjudicacion-de-las-ayudas-a-la-piedra-seca","status":"publish","type":"page","link":"https:\/\/dopladebages.com\/es\/adjudicacion-de-las-ayudas-a-la-piedra-seca\/","title":{"rendered":"Adjudicaci\u00f3n de las ayudas a la piedra seca"},"content":{"rendered":"<div class=\"wpb-content-wrapper\"><p>[vc_row css_animation=\u00bb\u00bb row_type=\u00bbrow\u00bb use_row_as_full_screen_section=\u00bbno\u00bb type=\u00bbfull_width\u00bb angled_section=\u00bbno\u00bb text_align=\u00bbleft\u00bb background_image_as_pattern=\u00bbwithout_pattern\u00bb][vc_column][vc_column_text]<\/p>\n<h2 style=\"text-align: center;\">Adjudicaci\u00f3n de las ayudas a la piedra seca a trav\u00e9s de la inserci\u00f3n laboral 2022<\/h2>\n<p>[\/vc_column_text][vc_separator type=\u00bbsmall\u00bb position=\u00bbcenter\u00bb up=\u00bb20&#8243; down=\u00bb40&#8243;][\/vc_column][\/vc_row][vc_row css_animation=\u00bb\u00bb row_type=\u00bbrow\u00bb use_row_as_full_screen_section=\u00bbno\u00bb type=\u00bbfull_width\u00bb angled_section=\u00bbno\u00bb text_align=\u00bbleft\u00bb background_image_as_pattern=\u00bbwithout_pattern\u00bb][vc_column][vc_column_text]De acuerdo con el procedimiento establecido, hacemos p\u00fablica la resoluci\u00f3n de las ayudas otorgadas por la restauraci\u00f3n del patrimonio de la piedra seca a trav\u00e9s de la inserci\u00f3n laboral.<\/p>\n<p>&nbsp;<\/p>\n<p><a href=\"https:\/\/dopladebages.com\/wp-content\/uploads\/2022\/05\/ADJUDICACIO%CC%81-dels-Ajuts-a-la-pedra-seca-a-trave%CC%81s-de-la-insercio%CC%81-laboral-2022.pdf\" target=\"_blank\" rel=\"noopener\"><strong>ADJUDICACI\u00d3N DE LAS AYUDAS<\/strong><\/a><\/p>\n<p>&nbsp;<\/p>\n<p>En la resoluci\u00f3n de concesi\u00f3n figura el importe de la ayuda, el DNI de la persona beneficiar\u00eda y el porcentaje adjudicado de la ayuda.<\/p>\n<p>&nbsp;<\/p>\n<p>Para m\u00e1s informaci\u00f3n sobre las bases de las ayudas 2022 puedes hacer clic <a href=\"https:\/\/dopladebages.com\/2022\/03\/08\/es-convoquen-els-ajuts-per-la-restauracio-de-patrimoni-de-la-pedra-seca-a-traves-de-la-insercio-de-persones-amb-risc-dexclusio-social\/\" target=\"_blank\" rel=\"noopener\"><strong>aqu\u00ed.<\/strong><\/a><\/p>\n<p>&nbsp;<\/p>\n<p>En caso de duda o consulta puedes ponerte en contacto con nosotros a trav\u00e9s de este correo electr\u00f3nico: <strong>pedraseca.manresa@caritasdiocesanavic.cat<\/strong><\/p>\n<p>&nbsp;<\/p>\n<p>Los premios Viu la Pedra seca son compatibles con las Ayudas convocadas por C\u00e1ritas Manresa a trav\u00e9s de la inserci\u00f3n sociolaboral. Las bases y convocatoria de los premios pueden consultarse aqu\u00ed.[\/vc_column_text][\/vc_column][\/vc_row][vc_row css_animation=\u00bb\u00bb row_type=\u00bbrow\u00bb use_row_as_full_screen_section=\u00bbno\u00bb type=\u00bbfull_width\u00bb angled_section=\u00bbno\u00bb text_align=\u00bbleft\u00bb background_image_as_pattern=\u00bbwithout_pattern\u00bb][vc_column][vc_empty_space height=\u00bb50px\u00bb][\/vc_column][\/vc_row]<\/p>\n<\/div>","protected":false},"excerpt":{"rendered":"<p>[vc_row css_animation=\u00bb\u00bb row_type=\u00bbrow\u00bb use_row_as_full_screen_section=\u00bbno\u00bb type=\u00bbfull_width\u00bb angled_section=\u00bbno\u00bb text_align=\u00bbleft\u00bb background_image_as_pattern=\u00bbwithout_pattern\u00bb][vc_column][vc_column_text] Adjudicaci\u00f3n de las ayudas a la piedra seca a trav\u00e9s de la inserci\u00f3n laboral 2022 [\/vc_column_text][vc_separator type=\u00bbsmall\u00bb position=\u00bbcenter\u00bb up=\u00bb20&#8243; down=\u00bb40&#8243;][\/vc_column][\/vc_row][vc_row css_animation=\u00bb\u00bb row_type=\u00bbrow\u00bb use_row_as_full_screen_section=\u00bbno\u00bb type=\u00bbfull_width\u00bb angled_section=\u00bbno\u00bb text_align=\u00bbleft\u00bb background_image_as_pattern=\u00bbwithout_pattern\u00bb][vc_column][vc_column_text]De acuerdo con el procedimiento establecido, hacemos p\u00fablica la resoluci\u00f3n de&#8230;<\/p>\n","protected":false},"author":1,"featured_media":0,"parent":0,"menu_order":0,"comment_status":"open","ping_status":"closed","template":"","meta":{"_monsterinsights_skip_tracking":false,"_monsterinsights_sitenote_active":false,"_monsterinsights_sitenote_note":"","_monsterinsights_sitenote_category":0,"footnotes":""},"class_list":["post-23476","page","type-page","status-publish","hentry"],"_links":{"self":[{"href":"https:\/\/dopladebages.com\/es\/wp-json\/wp\/v2\/pages\/23476","targetHints":{"allow":["GET"]}}],"collection":[{"href":"https:\/\/dopladebages.com\/es\/wp-json\/wp\/v2\/pages"}],"about":[{"href":"https:\/\/dopladebages.com\/es\/wp-json\/wp\/v2\/types\/page"}],"author":[{"embeddable":true,"href":"https:\/\/dopladebages.com\/es\/wp-json\/wp\/v2\/users\/1"}],"replies":[{"embeddable":true,"href":"https:\/\/dopladebages.com\/es\/wp-json\/wp\/v2\/comments?post=23476"}],"version-history":[{"count":0,"href":"https:\/\/dopladebages.com\/es\/wp-json\/wp\/v2\/pages\/23476\/revisions"}],"wp:attachment":[{"href":"https:\/\/dopladebages.com\/es\/wp-json\/wp\/v2\/media?parent=23476"}],"curies":[{"name":"wp","href":"https:\/\/api.w.org\/{rel}","templated":true}]}}