{"id":22166,"date":"2021-04-08T16:59:07","date_gmt":"2021-04-08T14:59:07","guid":{"rendered":"https:\/\/dopladebages.com\/bodegas-visitables\/"},"modified":"2021-04-08T17:06:21","modified_gmt":"2021-04-08T15:06:21","slug":"bodegas-visitables","status":"publish","type":"page","link":"https:\/\/dopladebages.com\/es\/bodegas-visitables\/","title":{"rendered":"Bodegas visitables"},"content":{"rendered":"<div class=\"wpb-content-wrapper\"><p>[vc_row css_animation=\u00bb\u00bb row_type=\u00bbrow\u00bb use_row_as_full_screen_section=\u00bbno\u00bb type=\u00bbgrid\u00bb angled_section=\u00bbno\u00bb text_align=\u00bbleft\u00bb background_image_as_pattern=\u00bbwithout_pattern\u00bb background_color=\u00bb#ffffff\u00bb padding_top=\u00bb82&#8243; padding_bottom=\u00bb0&#8243; z_index=\u00bb\u00bb][vc_column css=\u00bb.vc_custom_1552472649063{padding-top: 20px !important;}\u00bb][vc_column_text css=\u00bb.vc_custom_1578475583426{margin-top: 60px !important;}\u00bb]<\/p>\n<h2 style=\"text-align: center;\">Bodegas visitables<\/h2>\n<p>[\/vc_column_text][vc_separator type=\u00bbsmall\u00bb position=\u00bbcenter\u00bb up=\u00bb20&#8243; down=\u00bb20&#8243;][vc_column_text]<\/p>\n<p style=\"text-align: center;\">Alguns dels cellers de la Denominaci\u00f3 d&#8217;Origen Pla de Bages us obren les seves portes per tal de que pugueu tastar els seus vins i veure les seves instal\u00b7lacions.<\/p>\n<p>[\/vc_column_text][\/vc_column][\/vc_row][vc_row css_animation=\u00bb\u00bb row_type=\u00bbrow\u00bb use_row_as_full_screen_section=\u00bbno\u00bb type=\u00bbfull_width\u00bb angled_section=\u00bbno\u00bb text_align=\u00bbleft\u00bb background_image_as_pattern=\u00bbwithout_pattern\u00bb background_color=\u00bb#ffffff\u00bb padding_top=\u00bb82&#8243; padding_bottom=\u00bb0&#8243; z_index=\u00bb\u00bb][vc_column css=\u00bb.vc_custom_1552472649063{padding-top: 20px !important;}\u00bb][vc_gmaps link=\u00bb#E-8_JTNDaWZyYW1lJTIwc3JjJTNEJTIyaHR0cHMlM0ElMkYlMkZ3d3cuZ29vZ2xlLmNvbSUyRm1hcHMlMkZkJTJGZW1iZWQlM0ZtaWQlM0QxS3J6SEVGQXJCWW9DTzVmQ2h3cmVZcHdJTUY4SHI1LTAlMjIlMjB3aWR0aCUzRCUyMjY0MCUyMiUyMGhlaWdodCUzRCUyMjYwMCUyMiUzRSUzQyUyRmlmcmFtZSUzRQ==\u00bb size=\u00bb600&#8243;][vc_separator type=\u00bbtransparent\u00bb up=\u00bb10&#8243; down=\u00bb15&#8243;][\/vc_column][\/vc_row][vc_row css_animation=\u00bb\u00bb row_type=\u00bbrow\u00bb use_row_as_full_screen_section=\u00bbno\u00bb type=\u00bbgrid\u00bb angled_section=\u00bbno\u00bb text_align=\u00bbleft\u00bb background_image_as_pattern=\u00bbwithout_pattern\u00bb background_color=\u00bb#ffffff\u00bb padding_top=\u00bb82&#8243; padding_bottom=\u00bb0&#8243; z_index=\u00bb\u00bb][\/vc_row][vc_row css_animation=\u00bb\u00bb row_type=\u00bbrow\u00bb use_row_as_full_screen_section=\u00bbno\u00bb type=\u00bbgrid\u00bb angled_section=\u00bbno\u00bb text_align=\u00bbleft\u00bb background_image_as_pattern=\u00bbwithout_pattern\u00bb z_index=\u00bb\u00bb][vc_column width=\u00bb1\/4&#8243;][vc_hoverbox image=\u00bb19464&#8243; primary_title=\u00bbCaves Gibert\u00bb primary_title_font_container=\u00bbcolor:%23ffffff\u00bb primary_title_use_theme_fonts=\u00bbyes\u00bb hover_title=\u00bb\u00bb hover_title_font_container=\u00bbcolor:%23ffffff\u00bb shape=\u00bbsquare\u00bb css_animation=\u00bbfadeIn\u00bb primary_title_link=\u00bburl:http%3A%2F%2Fabadal.net%2Fes%2F|title:%2B%20info|target:%20_blank|\u00bb el_class=\u00bbcellers\u00bb hover_title_link=\u00bburl:http%3A%2F%2Fabadal.net|target:%20_blank|\u00bb]<\/p>\n<h4>Amb un precedent de tres segles en l\u2019elaboraci\u00f3 de vins, les Caves Gibert varen \u00e9sser fundades l\u2019any 1920.<\/h4>\n<p>&nbsp;<\/p>\n<h3 style=\"text-align: center;\"><a href=\"https:\/\/dopladebages.com\/caves-gibert\/\" rel=\"external\" rel=\"noopener noreferrer\">+ info<\/a><\/h3>\n<p>[\/vc_hoverbox][vc_separator type=\u00bbtransparent\u00bb up=\u00bb10&#8243; down=\u00bb15&#8243;][vc_hoverbox image=\u00bb19524&#8243; primary_title=\u00bbCeller El mol\u00ed\u00bb primary_title_font_container=\u00bbfont_size:10|color:%23ffffff\u00bb primary_title_use_theme_fonts=\u00bbyes\u00bb hover_title=\u00bb\u00bb hover_title_font_container=\u00bbcolor:%23ffffff\u00bb shape=\u00bbsquare\u00bb css_animation=\u00bbfadeIn\u00bb primary_title_link=\u00bburl:http%3A%2F%2Fabadal.net%2Fes%2F|title:%2B%20info|target:%20_blank|\u00bb el_class=\u00bbcellers\u00bb hover_title_link=\u00bburl:http%3A%2F%2Fabadal.net|target:%20_blank|\u00bb]<\/p>\n<h4>Quatre generacions dedicades al conreu de la vinya, iniciant un canvi cap a la producci\u00f3 ecol\u00f2gica.<\/h4>\n<h4><\/h4>\n<h3 style=\"text-align: center;\"><a href=\"https:\/\/dopladebages.com\/celler-el-moli\/\" rel=\"external\" rel=\"noopener noreferrer\">+ info<\/a><\/h3>\n<p>[\/vc_hoverbox][vc_separator type=\u00bbtransparent\u00bb up=\u00bb10&#8243; down=\u00bb15&#8243;][vc_hoverbox image=\u00bb20130&#8243; primary_title=\u00bbHeretat Oller del Mas\u00bb primary_title_font_container=\u00bbfont_size:10|color:%23ffffff\u00bb primary_title_use_theme_fonts=\u00bbyes\u00bb hover_title=\u00bb\u00bb hover_title_font_container=\u00bbcolor:%23ffffff\u00bb shape=\u00bbsquare\u00bb css_animation=\u00bbfadeIn\u00bb primary_title_link=\u00bburl:http%3A%2F%2Fabadal.net%2Fes%2F|title:%2B%20info|target:%20_blank|\u00bb el_class=\u00bbcellers\u00bb hover_title_link=\u00bburl:http%3A%2F%2Fabadal.net|target:%20_blank|\u00bb]<\/p>\n<h4 style=\"text-align: left;\">Vins fets amb els valors que ens han transm\u00e8s els nostres avantpassats: la fam\u00edlia, el respecte pel medi ambient i el comprom\u00eds amb el territori.<\/h4>\n<h3 style=\"text-align: center;\"><a href=\"https:\/\/dopladebages.com\/heretat-oller-del-mas\/\" rel=\"external\" rel=\"noopener noreferrer\">+ info<\/a><\/h3>\n<p>[\/vc_hoverbox][\/vc_column][vc_column width=\u00bb1\/4&#8243;][vc_hoverbox image=\u00bb19701&#8243; primary_title=\u00bbCeller Abadal\u00bb primary_title_font_container=\u00bbfont_size:12|color:%23ffffff\u00bb hover_title=\u00bb\u00bb hover_title_font_container=\u00bbcolor:%23ffffff\u00bb shape=\u00bbsquare\u00bb css_animation=\u00bbfadeIn\u00bb primary_title_link=\u00bb|||\u00bb el_class=\u00bbcellers\u00bb hover_title_link=\u00bburl:http%3A%2F%2Fabadal.net|target:%20_blank|\u00bb]<\/p>\n<h4>Una visita indispensable, tant per la bellesa del celler i el seu entorn com per la qualitat dels seus vins.<\/h4>\n<p>&nbsp;<\/p>\n<h3 style=\"text-align: center;\"><a href=\"https:\/\/dopladebages.com\/celler-abadal\/\" rel=\"external\" rel=\"noopener noreferrer\">+ info<\/a><\/h3>\n<p>[\/vc_hoverbox][vc_separator type=\u00bbtransparent\u00bb up=\u00bb10&#8243; down=\u00bb15&#8243;][vc_hoverbox image=\u00bb19479&#8243; primary_title=\u00bbCeller Fargas Fargas\u00bb primary_title_font_container=\u00bbfont_size:10|color:%23ffffff\u00bb primary_title_use_theme_fonts=\u00bbyes\u00bb hover_title=\u00bb\u00bb hover_title_font_container=\u00bbcolor:%23ffffff\u00bb shape=\u00bbsquare\u00bb css_animation=\u00bbfadeIn\u00bb primary_title_link=\u00bburl:http%3A%2F%2Fabadal.net%2Fes%2F|title:%2B%20info|target:%20_blank|\u00bb el_class=\u00bbcellers\u00bb hover_title_link=\u00bburl:http%3A%2F%2Fabadal.net|target:%20_blank|\u00bb]<\/p>\n<h4>Petita empresa familiar dedicada al cultiu de la vinya i a l\u2019elaboraci\u00f3 dels seus propis vins.<\/h4>\n<p>&nbsp;<\/p>\n<h3 style=\"text-align: center;\"><a href=\"https:\/\/dopladebages.com\/celler-fargas-fargas\/\" rel=\"external\" rel=\"noopener noreferrer\">+ info<\/a><\/h3>\n<p>[\/vc_hoverbox][vc_separator type=\u00bbtransparent\u00bb up=\u00bb10&#8243; down=\u00bb15&#8243;][vc_hoverbox image=\u00bb19470&#8243; primary_title=\u00bbMas de Sant Iscle\u00bb primary_title_font_container=\u00bbfont_size:10|color:%23ffffff\u00bb primary_title_use_theme_fonts=\u00bbyes\u00bb hover_title=\u00bb\u00bb hover_title_font_container=\u00bbcolor:%23ffffff\u00bb shape=\u00bbsquare\u00bb css_animation=\u00bbfadeIn\u00bb primary_title_link=\u00bburl:http%3A%2F%2Fabadal.net%2Fes%2F|title:%2B%20info|target:%20_blank|\u00bb el_class=\u00bbcellers\u00bb hover_title_link=\u00bburl:http%3A%2F%2Fabadal.net|target:%20_blank|\u00bb]<\/p>\n<h4>Un celler amb gran inter\u00e8s per les varietats aut\u00f2ctones i un ferm comprom\u00eds amb el medi ambient.<\/h4>\n<p>&nbsp;<\/p>\n<h3 style=\"text-align: center;\"><a href=\"https:\/\/dopladebages.com\/mas-de-sant-iscle\/\" rel=\"external\" rel=\"noopener noreferrer\">+ info<\/a><\/h3>\n<p>[\/vc_hoverbox][\/vc_column][vc_column width=\u00bb1\/4&#8243;][vc_hoverbox image=\u00bb19467&#8243; primary_title=\u00bbCeller Cooperatiu d&#8217;Art\u00e9s\u00bb primary_title_font_container=\u00bbfont_size:10|color:%23ffffff\u00bb primary_title_use_theme_fonts=\u00bbyes\u00bb hover_title=\u00bb\u00bb hover_title_font_container=\u00bbcolor:%23ffffff\u00bb shape=\u00bbsquare\u00bb css_animation=\u00bbfadeIn\u00bb primary_title_link=\u00bburl:http%3A%2F%2Fabadal.net%2Fes%2F|title:%2B%20info|target:%20_blank|\u00bb el_class=\u00bbcellers\u00bb hover_title_link=\u00bburl:http%3A%2F%2Fabadal.net|target:%20_blank|\u00bb]<\/p>\n<h4>La tradici\u00f3 vitivin\u00edcola del Celler Cooperatiu d\u2019Art\u00e9s \u00e9s l&#8217;her\u00e8ncia ancestral que s&#8217;ha transm\u00e8s de pares a fills a trav\u00e9s del temps.<\/h4>\n<p>&nbsp;<\/p>\n<h3 style=\"text-align: center;\"><a href=\"https:\/\/dopladebages.com\/celler-cooperatiu-dartes\/\" rel=\"external\" rel=\"noopener noreferrer\">+ info<\/a><\/h3>\n<p>[\/vc_hoverbox][vc_separator type=\u00bbtransparent\u00bb up=\u00bb10&#8243; down=\u00bb15&#8243;][vc_hoverbox image=\u00bb20325&#8243; primary_title=\u00bbCeller Grau i Grau\u00bb primary_title_font_container=\u00bbfont_size:10|color:%23ffffff\u00bb primary_title_use_theme_fonts=\u00bbyes\u00bb hover_title=\u00bb\u00bb hover_title_font_container=\u00bbcolor:%23ffffff\u00bb shape=\u00bbsquare\u00bb css_animation=\u00bbfadeIn\u00bb primary_title_link=\u00bburl:http%3A%2F%2Fabadal.net%2Fes%2F|title:%2B%20info|target:%20_blank|\u00bb el_class=\u00bbcellers\u00bb hover_title_link=\u00bburl:http%3A%2F%2Fabadal.net|target:%20_blank|\u00bb]<\/p>\n<h4>Passi\u00f3 pels vins desde 1885, dedicant-hi tot l&#8217;esfor\u00e7 per aconseguir el millor de cada collita.<\/h4>\n<p>&nbsp;<\/p>\n<h3 style=\"text-align: center;\"><a href=\"https:\/\/dopladebages.com\/celler-grau-i-grau\/\" rel=\"external\" rel=\"noopener noreferrer\">+ info<\/a><\/h3>\n<p>[\/vc_hoverbox][vc_separator type=\u00bbtransparent\u00bb up=\u00bb10&#8243; down=\u00bb15&#8243;][vc_hoverbox image=\u00bb19833&#8243; primary_title=\u00bbCeller Solergibert\u00bb primary_title_font_container=\u00bbfont_size:10|color:%23ffffff\u00bb primary_title_use_theme_fonts=\u00bbyes\u00bb hover_title=\u00bb\u00bb hover_title_font_container=\u00bbcolor:%23ffffff\u00bb shape=\u00bbsquare\u00bb css_animation=\u00bbfadeIn\u00bb primary_title_link=\u00bburl:http%3A%2F%2Fabadal.net%2Fes%2F|title:%2B%20info|target:%20_blank|\u00bb el_class=\u00bbcellers\u00bb hover_title_link=\u00bburl:http%3A%2F%2Fabadal.net|target:%20_blank|\u00bb]<\/p>\n<h4>Produccions petites, controlades i de gran qualitat, d&#8217;una fam\u00edlia d&#8217;Art\u00e9s que s&#8217;ha dedicat a la vinya des de 1730.<\/h4>\n<p>&nbsp;<\/p>\n<h3 style=\"text-align: center;\"><a href=\"https:\/\/dopladebages.com\/celler-solergibert\/\" rel=\"external\" rel=\"noopener noreferrer\">+ info<\/a><\/h3>\n<p>[\/vc_hoverbox][\/vc_column][vc_column width=\u00bb1\/4&#8243;][vc_hoverbox image=\u00bb19485&#8243; primary_title=\u00bbVins Colltor\u00bb primary_title_font_container=\u00bbfont_size:10|color:%23ffffff\u00bb primary_title_use_theme_fonts=\u00bbyes\u00bb hover_title=\u00bb\u00bb hover_title_font_container=\u00bbcolor:%23ffffff\u00bb shape=\u00bbsquare\u00bb css_animation=\u00bbfadeIn\u00bb primary_title_link=\u00bburl:http%3A%2F%2Fabadal.net%2Fes%2F|title:%2B%20info|target:%20_blank|\u00bb el_class=\u00bbcellers\u00bb hover_title_link=\u00bburl:http%3A%2F%2Fabadal.net|target:%20_blank|\u00bb]<\/p>\n<h4>Vins Colltor \u00e9s un petit celler situat en plena natura, amb un m\u00e8tode de treball completament artesanal i sostenible.<\/h4>\n<h3 style=\"text-align: center;\"><a href=\"https:\/\/dopladebages.com\/vins-colltor\/\" rel=\"external\" rel=\"noopener noreferrer\">+ info<\/a><\/h3>\n<p>[\/vc_hoverbox][vc_separator type=\u00bbtransparent\u00bb up=\u00bb10&#8243; down=\u00bb15&#8243;][vc_hoverbox image=\u00bb19758&#8243; primary_title=\u00bbCeller Les Ac\u00e0cies\u00bb primary_title_font_container=\u00bbfont_size:10|color:%23ffffff\u00bb primary_title_use_theme_fonts=\u00bbyes\u00bb hover_title=\u00bb\u00bb hover_title_font_container=\u00bbcolor:%23ffffff\u00bb shape=\u00bbsquare\u00bb css_animation=\u00bbfadeIn\u00bb primary_title_link=\u00bburl:http%3A%2F%2Fabadal.net%2Fes%2F|title:%2B%20info|target:%20_blank|\u00bb el_class=\u00bbcellers\u00bb hover_title_link=\u00bburl:http%3A%2F%2Fabadal.net|target:%20_blank|\u00bb]<\/p>\n<h4>Elaborem vins pel gust de reflecteir l\u2019esperit d\u2019una terra vitivin\u00edcola que elabora vi des de fa mil anys.<\/h4>\n<h3 style=\"text-align: center;\"><a href=\"https:\/\/dopladebages.com\/celler-les-acacies\/\" rel=\"external\" rel=\"noopener noreferrer\">+ info<\/a><\/h3>\n<p>[\/vc_hoverbox][vc_separator type=\u00bbtransparent\u00bb up=\u00bb10&#8243; down=\u00bb15&#8243;][vc_hoverbox image=\u00bb20223&#8243; primary_title=\u00bbCeller Sanmart\u00ed\u00bb primary_title_font_container=\u00bbfont_size:10|color:%23ffffff\u00bb primary_title_use_theme_fonts=\u00bbyes\u00bb hover_title=\u00bb\u00bb hover_title_font_container=\u00bbcolor:%23ffffff\u00bb shape=\u00bbsquare\u00bb css_animation=\u00bbfadeIn\u00bb primary_title_link=\u00bburl:http%3A%2F%2Fabadal.net%2Fes%2F|title:%2B%20info|target:%20_blank|\u00bb el_class=\u00bbcellers\u00bb hover_title_link=\u00bburl:http%3A%2F%2Fabadal.net|target:%20_blank|\u00bb]<\/p>\n<h4>Un celler hist\u00f2ric, renovat i adaptat\u00a0per a la producci\u00f3 d\u2019uns vins de molta qualitat i producci\u00f3 limitada.<\/h4>\n<p>&nbsp;<\/p>\n<h3 style=\"text-align: center;\"><a href=\"https:\/\/dopladebages.com\/celler-sanmarti\/\" rel=\"external\" rel=\"noopener noreferrer\">+ info<\/a><\/h3>\n<h3 style=\"text-align: center;\"><\/h3>\n<p>[\/vc_hoverbox][\/vc_column][vc_column][vc_separator type=\u00bbtransparent\u00bb up=\u00bb10&#8243; down=\u00bb15&#8243;]<div class='q_icon_with_title tiny normal_icon left_from_title qode_iwt_hover_enabled '><div class=\"icon_text_holder\" style=\"\"><div class=\"icon_text_inner\" style=\"\"><div class=\"icon_title_holder\"><div class=\"icon_holder q_icon_animation\" style=\" \"><a itemprop=\"url\" href=\"https:\/\/dopladebages.com\/wp-content\/uploads\/2020\/04\/directori-cellers-visitables.pdf\" target=\"_blank\" class=\"q_icon_link\"><span data-icon-type=\"normal\"   style=\"\" class=\"qode_iwt_icon_holder q_font_awsome_icon fa-lg  \"><i class=\"qode_icon_font_awesome fa fa-file-pdf-o qode_iwt_icon_element\" style=\"\" ><\/i><\/span><\/a><\/div><h5 class=\"icon_title\" style=\"\">Descargue un archivo con el directorio de bodegas visitables<\/h5><\/div><p style=''><\/p><a itemprop='url' class='icon_with_title_link' href='https:\/\/dopladebages.com\/wp-content\/uploads\/2020\/04\/directori-cellers-visitables.pdf' target='_blank' style=''>Descargue un archivo con el directorio de bodegas visitables<\/a><\/div><\/div><\/div>[vc_separator type=\u00bbtransparent\u00bb up=\u00bb10&#8243; down=\u00bb15&#8243;][\/vc_column][\/vc_row]<\/p>\n<\/div>","protected":false},"excerpt":{"rendered":"<p>[vc_row css_animation=\u00bb\u00bb row_type=\u00bbrow\u00bb use_row_as_full_screen_section=\u00bbno\u00bb type=\u00bbgrid\u00bb angled_section=\u00bbno\u00bb text_align=\u00bbleft\u00bb background_image_as_pattern=\u00bbwithout_pattern\u00bb background_color=\u00bb#ffffff\u00bb padding_top=\u00bb82&#8243; padding_bottom=\u00bb0&#8243; z_index=\u00bb\u00bb][vc_column css=\u00bb.vc_custom_1552472649063{padding-top: 20px !important;}\u00bb][vc_column_text css=\u00bb.vc_custom_1578475583426{margin-top: 60px !important;}\u00bb] Bodegas visitables [\/vc_column_text][vc_separator type=\u00bbsmall\u00bb position=\u00bbcenter\u00bb up=\u00bb20&#8243; down=\u00bb20&#8243;][vc_column_text] Alguns dels cellers de la Denominaci\u00f3 d&#8217;Origen Pla de Bages us obren les seves portes per tal de que pugueu&#8230;<\/p>\n","protected":false},"author":1,"featured_media":0,"parent":0,"menu_order":0,"comment_status":"open","ping_status":"closed","template":"full_width.php","meta":{"_monsterinsights_skip_tracking":false,"_monsterinsights_sitenote_active":false,"_monsterinsights_sitenote_note":"","_monsterinsights_sitenote_category":0,"footnotes":""},"class_list":["post-22166","page","type-page","status-publish","hentry"],"_links":{"self":[{"href":"https:\/\/dopladebages.com\/es\/wp-json\/wp\/v2\/pages\/22166","targetHints":{"allow":["GET"]}}],"collection":[{"href":"https:\/\/dopladebages.com\/es\/wp-json\/wp\/v2\/pages"}],"about":[{"href":"https:\/\/dopladebages.com\/es\/wp-json\/wp\/v2\/types\/page"}],"author":[{"embeddable":true,"href":"https:\/\/dopladebages.com\/es\/wp-json\/wp\/v2\/users\/1"}],"replies":[{"embeddable":true,"href":"https:\/\/dopladebages.com\/es\/wp-json\/wp\/v2\/comments?post=22166"}],"version-history":[{"count":0,"href":"https:\/\/dopladebages.com\/es\/wp-json\/wp\/v2\/pages\/22166\/revisions"}],"wp:attachment":[{"href":"https:\/\/dopladebages.com\/es\/wp-json\/wp\/v2\/media?parent=22166"}],"curies":[{"name":"wp","href":"https:\/\/api.w.org\/{rel}","templated":true}]}}