{"id":22162,"date":"2021-04-08T16:53:57","date_gmt":"2021-04-08T14:53:57","guid":{"rendered":"https:\/\/dopladebages.com\/visitas-de-interes\/"},"modified":"2021-04-08T16:53:58","modified_gmt":"2021-04-08T14:53:58","slug":"visitas-de-interes","status":"publish","type":"page","link":"https:\/\/dopladebages.com\/es\/visitas-de-interes\/","title":{"rendered":"Visitas de inter\u00e9s"},"content":{"rendered":"<div class=\"wpb-content-wrapper\"><p>[vc_row css_animation=\u00bb\u00bb row_type=\u00bbrow\u00bb use_row_as_full_screen_section=\u00bbno\u00bb type=\u00bbfull_width\u00bb angled_section=\u00bbno\u00bb text_align=\u00bbleft\u00bb background_image_as_pattern=\u00bbwithout_pattern\u00bb][vc_column][vc_column_text]<\/p>\n<h2 style=\"text-align: center;\">VISITAS DE INTER\u00c9S<\/h2>\n<p>[\/vc_column_text][vc_separator type=\u00bbsmall\u00bb position=\u00bbcenter\u00bb][\/vc_column][\/vc_row][vc_row css_animation=\u00bb\u00bb row_type=\u00bbrow\u00bb use_row_as_full_screen_section=\u00bbno\u00bb type=\u00bbfull_width\u00bb angled_section=\u00bbno\u00bb text_align=\u00bbleft\u00bb background_image_as_pattern=\u00bbwithout_pattern\u00bb z_index=\u00bb\u00bb css=\u00bb.vc_custom_1552474804594{margin-top: 20px !important;}\u00bb][vc_column width=\u00bb1\/4&#8243;][vc_column_text css=\u00bb.vc_custom_1577702142109{padding-top: 30px !important;padding-right: 30px !important;padding-bottom: 30px !important;padding-left: 30px !important;background-color: #f7f7f7 !important;}\u00bb]<\/p>\n<h3><strong>La ruta de las tinas<\/strong><\/h3>\n<p>&nbsp;<\/p>\n<p><strong>+ info:<\/strong><\/p>\n<p><a href=\"https:\/\/parcs.diba.cat\/web\/SantLlorenc\">Parque Natural de Sant Lloren\u00e7 del Munt i l&#8217;Obac<\/a><\/p>\n<p>Ctra. de Terrassa a Navarcles, km 14,8<\/p>\n<p>08230 Matadepera<\/p>\n<p>Tel. 938317300[\/vc_column_text][\/vc_column][vc_column width=\u00bb3\/4&#8243;][vc_gallery interval=\u00bb3&#8243; images=\u00bb20082,20079,20085,20076,20088&#8243; img_size=\u00bb1920&#8243;][vc_column_text]Cuando hace 150 a\u00f1os la regi\u00f3n de Bages estaba pr\u00e1cticamente tapizada de vi\u00f1edos, la distancia, las dificultades, los riesgos y el coste adicional de transportar la cosecha a las mas\u00edas hac\u00edan que la cuba se construyera en los propios vi\u00f1edos. Es el caso del valle del Flequer, donde una sencilla ruta circular con pocas laderas permite descubrir unas construcciones espectaculares.<\/p>\n<p>&nbsp;<\/p>\n<p><strong>Dist\u00e0ncia:<\/strong> 3 km<\/p>\n<p><strong>Duraci\u00f3n:<\/strong> 2h 30min<\/p>\n<p><strong>Altitud m\u00ednima:<\/strong> 269 m<\/p>\n<p><strong>Altitud m\u00e1xima:<\/strong> 348 m<\/p>\n<p><strong>Ganancia acumulada de altitud:<\/strong> 153 m<\/p>\n<p><strong>Dificultad:<\/strong> F\u00e0cil<\/p>\n<p><strong>\u00c9poca:<\/strong> Tot l&#8217;any<\/p>\n<p><strong>Punto de partida:<\/strong> Aparcamiento en carretera BV-1124, km 4,2. Por la autopista C-16, salida del Pont de Vilomara. Cruza esta localidad y contin\u00faa hacia Rocafort, hasta encontrar el desv\u00edo a Oristrell, donde se encuentra el aparcamiento.<\/p>\n<p>&nbsp;<\/p>\n<p>Descargue un <strong><a href=\"https:\/\/parcs.diba.cat\/documents\/75109\/15894268\/p04d125.pdf\/dbba7913-bc10-4855-bfae-d00adcc75c7f\">documento<\/a> <\/strong>con toda la informaci\u00f3n.[\/vc_column_text][\/vc_column][\/vc_row][vc_row css_animation=\u00bb\u00bb row_type=\u00bbrow\u00bb use_row_as_full_screen_section=\u00bbno\u00bb type=\u00bbfull_width\u00bb angled_section=\u00bbno\u00bb text_align=\u00bbleft\u00bb background_image_as_pattern=\u00bbwithout_pattern\u00bb][vc_column][vc_empty_space height=\u00bb50px\u00bb][\/vc_column][\/vc_row][vc_row css_animation=\u00bb\u00bb row_type=\u00bbrow\u00bb use_row_as_full_screen_section=\u00bbno\u00bb type=\u00bbfull_width\u00bb angled_section=\u00bbno\u00bb text_align=\u00bbleft\u00bb background_image_as_pattern=\u00bbwithout_pattern\u00bb][vc_column][vc_separator type=\u00bbnormal\u00bb][\/vc_column][\/vc_row][vc_row css_animation=\u00bb\u00bb row_type=\u00bbrow\u00bb use_row_as_full_screen_section=\u00bbno\u00bb type=\u00bbfull_width\u00bb angled_section=\u00bbno\u00bb text_align=\u00bbleft\u00bb background_image_as_pattern=\u00bbwithout_pattern\u00bb][vc_column][vc_empty_space height=\u00bb50px\u00bb][\/vc_column][\/vc_row][vc_row css_animation=\u00bb\u00bb row_type=\u00bbrow\u00bb use_row_as_full_screen_section=\u00bbno\u00bb type=\u00bbfull_width\u00bb angled_section=\u00bbno\u00bb text_align=\u00bbleft\u00bb background_image_as_pattern=\u00bbwithout_pattern\u00bb z_index=\u00bb\u00bb css=\u00bb.vc_custom_1552474804594{margin-top: 20px !important;}\u00bb][vc_column width=\u00bb1\/4&#8243;][vc_column_text css=\u00bb.vc_custom_1577701409404{padding-top: 30px !important;padding-right: 30px !important;padding-bottom: 30px !important;padding-left: 30px !important;background-color: #f7f7f7 !important;}\u00bb]<\/p>\n<h3><strong>Les Casas de Matamarg\u00f3<\/strong><\/h3>\n<p>&nbsp;<\/p>\n<p><strong>+ info:<\/strong><\/p>\n<p><a href=\"http:\/\/www.lescasas.com\/\">lescasas.com<\/a><\/p>\n<p>Tel. 606436666 \/ 973473213[\/vc_column_text][\/vc_column][vc_column width=\u00bb3\/4&#8243;][vc_gallery interval=\u00bb3&#8243; images=\u00bb20124,20121,20127&#8243; img_size=\u00bb1920&#8243;][vc_column_text]Las Casas de Matamarg\u00f3 es una casa-museo, un espacio de inter\u00e9s cultural que pretende mostrar al p\u00fablico las experiencias de una casa solariega desde 1280, a partir de diferentes salas de exposici\u00f3n.<\/p>\n<p>La Casa-Museo consta de 15 salas de exposici\u00f3n, con un total de 700 metros cuadrados. El recorrido va acompa\u00f1ado de un gu\u00eda que explica las diversas historias y an\u00e9cdotas que se han conservado a lo largo de los a\u00f1os, as\u00ed como el funcionamiento de las herramientas e instrumentos que vamos encontrando. La visita se complementa con una degustaci\u00f3n de productos locales en \u00abLa Botiga\u00bb.<\/p>\n<p>[\/vc_column_text][\/vc_column][\/vc_row][vc_row css_animation=\u00bb\u00bb row_type=\u00bbrow\u00bb use_row_as_full_screen_section=\u00bbno\u00bb type=\u00bbfull_width\u00bb angled_section=\u00bbno\u00bb text_align=\u00bbleft\u00bb background_image_as_pattern=\u00bbwithout_pattern\u00bb][vc_column][vc_empty_space height=\u00bb50px\u00bb][\/vc_column][\/vc_row][vc_row css_animation=\u00bb\u00bb row_type=\u00bbrow\u00bb use_row_as_full_screen_section=\u00bbno\u00bb type=\u00bbfull_width\u00bb angled_section=\u00bbno\u00bb text_align=\u00bbleft\u00bb background_image_as_pattern=\u00bbwithout_pattern\u00bb][vc_column][vc_separator type=\u00bbnormal\u00bb][\/vc_column][\/vc_row][vc_row css_animation=\u00bb\u00bb row_type=\u00bbrow\u00bb use_row_as_full_screen_section=\u00bbno\u00bb type=\u00bbfull_width\u00bb angled_section=\u00bbno\u00bb text_align=\u00bbleft\u00bb background_image_as_pattern=\u00bbwithout_pattern\u00bb][vc_column][vc_empty_space height=\u00bb50px\u00bb][\/vc_column][\/vc_row][vc_row css_animation=\u00bb\u00bb row_type=\u00bbrow\u00bb use_row_as_full_screen_section=\u00bbno\u00bb type=\u00bbfull_width\u00bb angled_section=\u00bbno\u00bb text_align=\u00bbleft\u00bb background_image_as_pattern=\u00bbwithout_pattern\u00bb z_index=\u00bb\u00bb css=\u00bb.vc_custom_1552474804594{margin-top: 20px !important;}\u00bb][vc_column width=\u00bb1\/4&#8243;][vc_column_text css=\u00bb.vc_custom_1577701377563{padding-top: 30px !important;padding-right: 30px !important;padding-bottom: 30px !important;padding-left: 30px !important;background-color: #f7f7f7 !important;}\u00bb]<\/p>\n<h3><strong>Itinerarios Piedra Seca<\/strong><\/h3>\n<p>[\/vc_column_text][\/vc_column][vc_column width=\u00bb3\/4&#8243;][vc_column_text]<strong>Itinerario por Sant Joan de Vilatorrada<\/strong><\/p>\n<p>Un corto paseo por la parte m\u00e1s meridional del municipio permite descubrir un interesante conjunto de antiguas chozas y paredes de piedra seca que dan testimonio de la ocupaci\u00f3n del vi\u00f1edo por todo el municipio.<\/p>\n<p><a href=\"https:\/\/dopladebages.com\/wp-content\/uploads\/2019\/12\/pedra-seca-Sant-Joan-Vilatorrada.pdf\" rel=\"external\" rel=\"noopener noreferrer\">+ info<\/a><\/p>\n<p>&nbsp;<\/p>\n<p><strong>Itinerario por Monistrol de Calders<\/strong><\/p>\n<p>Interesante itinerario por el patrimonio rural \u201cmonistrolenc\u201d que pasa por el casco antiguo, \u201cl\u2019om\u201d, los d\u00f3lmenes del Pla de Trull\u00e0s, el Mas de Casanova y el Codro Gros.<\/p>\n<p><a href=\"https:\/\/dopladebages.com\/wp-content\/uploads\/2019\/12\/pedra-seca-monistrol-de-calders.pdf\" rel=\"external\" rel=\"noopener noreferrer\">+ info<\/a><\/p>\n<p>&nbsp;<\/p>\n<p><strong>Ruta esc\u00e9nica Sant Fruit\u00f3s \u2013 Sant Benet<\/strong><\/p>\n<div class=\"page\" title=\"Page 1\">\n<div class=\"section\">\n<div class=\"layoutArea\">\n<div class=\"column\">\n<p>Este camino de gran belleza esc\u00e9nica es el itinerario hist\u00f3rico que, con poco m\u00e1s de 3 kil\u00f3metros, conecta el n\u00facleo de Sant Fruit\u00f3s con el Monasterio de Sant Benet.<\/p>\n<\/div>\n<\/div>\n<\/div>\n<\/div>\n<p><a href=\"https:\/\/dopladebages.com\/wp-content\/uploads\/2020\/06\/cami-paisatgistic1.pdf\" rel=\"external\" rel=\"noopener noreferrer\">+ info<\/a>[\/vc_column_text][\/vc_column][\/vc_row][vc_row css_animation=\u00bb\u00bb row_type=\u00bbrow\u00bb use_row_as_full_screen_section=\u00bbno\u00bb type=\u00bbfull_width\u00bb angled_section=\u00bbno\u00bb text_align=\u00bbleft\u00bb background_image_as_pattern=\u00bbwithout_pattern\u00bb][vc_column][vc_empty_space height=\u00bb50px\u00bb][\/vc_column][\/vc_row]<\/p>\n<\/div>","protected":false},"excerpt":{"rendered":"<p>[vc_row css_animation=\u00bb\u00bb row_type=\u00bbrow\u00bb use_row_as_full_screen_section=\u00bbno\u00bb type=\u00bbfull_width\u00bb angled_section=\u00bbno\u00bb text_align=\u00bbleft\u00bb background_image_as_pattern=\u00bbwithout_pattern\u00bb][vc_column][vc_column_text] VISITAS DE INTER\u00c9S [\/vc_column_text][vc_separator type=\u00bbsmall\u00bb position=\u00bbcenter\u00bb][\/vc_column][\/vc_row][vc_row css_animation=\u00bb\u00bb row_type=\u00bbrow\u00bb use_row_as_full_screen_section=\u00bbno\u00bb type=\u00bbfull_width\u00bb angled_section=\u00bbno\u00bb text_align=\u00bbleft\u00bb background_image_as_pattern=\u00bbwithout_pattern\u00bb z_index=\u00bb\u00bb css=\u00bb.vc_custom_1552474804594{margin-top: 20px !important;}\u00bb][vc_column width=\u00bb1\/4&#8243;][vc_column_text css=\u00bb.vc_custom_1577702142109{padding-top: 30px !important;padding-right: 30px !important;padding-bottom: 30px !important;padding-left: 30px !important;background-color: #f7f7f7 !important;}\u00bb] La ruta de las tinas &nbsp; + info:&#8230;<\/p>\n","protected":false},"author":1,"featured_media":0,"parent":0,"menu_order":0,"comment_status":"closed","ping_status":"closed","template":"","meta":{"_monsterinsights_skip_tracking":false,"_monsterinsights_sitenote_active":false,"_monsterinsights_sitenote_note":"","_monsterinsights_sitenote_category":0,"footnotes":""},"class_list":["post-22162","page","type-page","status-publish","hentry"],"_links":{"self":[{"href":"https:\/\/dopladebages.com\/es\/wp-json\/wp\/v2\/pages\/22162","targetHints":{"allow":["GET"]}}],"collection":[{"href":"https:\/\/dopladebages.com\/es\/wp-json\/wp\/v2\/pages"}],"about":[{"href":"https:\/\/dopladebages.com\/es\/wp-json\/wp\/v2\/types\/page"}],"author":[{"embeddable":true,"href":"https:\/\/dopladebages.com\/es\/wp-json\/wp\/v2\/users\/1"}],"replies":[{"embeddable":true,"href":"https:\/\/dopladebages.com\/es\/wp-json\/wp\/v2\/comments?post=22162"}],"version-history":[{"count":0,"href":"https:\/\/dopladebages.com\/es\/wp-json\/wp\/v2\/pages\/22162\/revisions"}],"wp:attachment":[{"href":"https:\/\/dopladebages.com\/es\/wp-json\/wp\/v2\/media?parent=22162"}],"curies":[{"name":"wp","href":"https:\/\/api.w.org\/{rel}","templated":true}]}}