{"id":22138,"date":"2021-04-08T16:34:01","date_gmt":"2021-04-08T14:34:01","guid":{"rendered":"https:\/\/dopladebages.com\/bodegas\/"},"modified":"2024-02-19T09:10:53","modified_gmt":"2024-02-19T08:10:53","slug":"bodegas","status":"publish","type":"page","link":"https:\/\/dopladebages.com\/es\/bodegas\/","title":{"rendered":"Bodegas"},"content":{"rendered":"<div class=\"wpb-content-wrapper\"><p>[vc_row css_animation=\u00bb\u00bb row_type=\u00bbrow\u00bb use_row_as_full_screen_section=\u00bbno\u00bb type=\u00bbgrid\u00bb angled_section=\u00bbno\u00bb text_align=\u00bbleft\u00bb background_image_as_pattern=\u00bbwithout_pattern\u00bb background_color=\u00bb#ffffff\u00bb padding_top=\u00bb82&#8243; padding_bottom=\u00bb0&#8243; z_index=\u00bb\u00bb][vc_column css=\u00bb.vc_custom_1552472649063{padding-top: 20px !important;}\u00bb][vc_column_text css=\u00bb.vc_custom_1552472656428{margin-top: 60px !important;}\u00bb]<\/p>\n<h2 style=\"text-align: center;\">Bodegas<\/h2>\n<p>[\/vc_column_text][vc_separator type=\u00bbsmall\u00bb position=\u00bbcenter\u00bb up=\u00bb20&#8243; down=\u00bb20&#8243;][vc_column_text]La Denominaci\u00f3n de Origen Pla de Bages re\u00fane bodegas cuya larga tradici\u00f3n vitivin\u00edcola fue, en el siglo XIX, la regi\u00f3n con m\u00e1s vi\u00f1edos de Catalu\u00f1a. Estas bodegas son en su mayor\u00eda explotaciones familiares, y todas tienen sus propios vi\u00f1edos. Esto implica un cuidado tradicional y muy personalizado del vi\u00f1edo que se traduce en la calidad de sus vinos. Actualmente hay 17 bodegas adheridas a la D.O. Pla de Bages.[\/vc_column_text][\/vc_column][\/vc_row][vc_row css_animation=\u00bb\u00bb row_type=\u00bbrow\u00bb use_row_as_full_screen_section=\u00bbno\u00bb type=\u00bbfull_width\u00bb angled_section=\u00bbno\u00bb text_align=\u00bbleft\u00bb background_image_as_pattern=\u00bbwithout_pattern\u00bb background_color=\u00bb#ffffff\u00bb padding_top=\u00bb82&#8243; padding_bottom=\u00bb0&#8243; z_index=\u00bb\u00bb][vc_column css=\u00bb.vc_custom_1552472649063{padding-top: 20px !important;}\u00bb][vc_gmaps link=\u00bb#E-8_JTNDaWZyYW1lJTIwc3JjJTNEJTIyaHR0cHMlM0ElMkYlMkZ3d3cuZ29vZ2xlLmNvbSUyRm1hcHMlMkZkJTJGZW1iZWQlM0ZtaWQlM0QxSFdibS1HdldOVzJwMGhja3lHdTVCbGFPdUR2S2FJWnIlMjZlaGJjJTNEMkUzMTJGJTIyJTIwd2lkdGglM0QlMjI2NDAlMjIlMjBoZWlnaHQlM0QlMjI0ODAlMjIlM0UlM0MlMkZpZnJhbWUlM0U=\u00bb size=\u00bb600&#8243;][vc_separator type=\u00bbtransparent\u00bb up=\u00bb10&#8243; down=\u00bb15&#8243;][\/vc_column][\/vc_row][vc_row css_animation=\u00bb\u00bb row_type=\u00bbrow\u00bb use_row_as_full_screen_section=\u00bbno\u00bb type=\u00bbgrid\u00bb angled_section=\u00bbno\u00bb text_align=\u00bbleft\u00bb background_image_as_pattern=\u00bbwithout_pattern\u00bb padding_top=\u00bb80&#8243; z_index=\u00bb\u00bb][vc_column width=\u00bb1\/4&#8243;][vc_hoverbox image=\u00bb19701&#8243; primary_title=\u00bbAbadal\u00bb primary_title_font_container=\u00bbfont_size:12|color:%23ffffff\u00bb hover_title=\u00bb\u00bb hover_title_font_container=\u00bbcolor:%23ffffff\u00bb shape=\u00bbsquare\u00bb css_animation=\u00bbnone\u00bb primary_title_link=\u00bb|||\u00bb el_class=\u00bbcellers\u00bb hover_title_link=\u00bburl:http%3A%2F%2Fabadal.net|target:%20_blank|\u00bb]<\/p>\n<h4>Una visita indispensable, tanto por la belleza de la bodega y su entorno como por la calidad de sus vinos.<\/h4>\n<p>&nbsp;<\/p>\n<h3 style=\"text-align: center;\"><a href=\"https:\/\/dopladebages.com\/celler-abadal\/\" rel=\"external\" rel=\"noopener noreferrer\">+ info<\/a><\/h3>\n<p>[\/vc_hoverbox][vc_separator type=\u00bbtransparent\u00bb up=\u00bb10&#8243; down=\u00bb15&#8243;][vc_hoverbox image=\u00bb20223&#8243; primary_title=\u00bbSanmart\u00ed\u00bb primary_title_font_container=\u00bbfont_size:10|color:%23ffffff\u00bb primary_title_use_theme_fonts=\u00bbyes\u00bb hover_title=\u00bb\u00bb hover_title_font_container=\u00bbcolor:%23ffffff\u00bb shape=\u00bbsquare\u00bb css_animation=\u00bbnone\u00bb primary_title_link=\u00bburl:http%3A%2F%2Fabadal.net%2Fes%2F|title:%2B%20info|target:%20_blank|\u00bb el_class=\u00bbcellers\u00bb hover_title_link=\u00bburl:http%3A%2F%2Fabadal.net|target:%20_blank|\u00bb]<\/p>\n<h4>Una bodega hist\u00f3rica, renovada y adaptada para la producci\u00f3n de unos vinos de mucha calidad y producci\u00f3n limitada.<\/h4>\n<p>&nbsp;<\/p>\n<h3 style=\"text-align: center;\"><a href=\"https:\/\/dopladebages.com\/celler-sanmarti\/\" rel=\"external\" rel=\"noopener noreferrer\">+ info<\/a><\/h3>\n<p>[\/vc_hoverbox][vc_separator type=\u00bbtransparent\u00bb up=\u00bb10&#8243; down=\u00bb15&#8243;][vc_hoverbox image=\u00bb19479&#8243; primary_title=\u00bbFargas Fargas\u00bb primary_title_font_container=\u00bbfont_size:10|color:%23ffffff\u00bb primary_title_use_theme_fonts=\u00bbyes\u00bb hover_title=\u00bb\u00bb hover_title_font_container=\u00bbcolor:%23ffffff\u00bb shape=\u00bbsquare\u00bb css_animation=\u00bbnone\u00bb primary_title_link=\u00bburl:http%3A%2F%2Fabadal.net%2Fes%2F|title:%2B%20info|target:%20_blank|\u00bb el_class=\u00bbcellers\u00bb hover_title_link=\u00bburl:http%3A%2F%2Fabadal.net|target:%20_blank|\u00bb]<\/p>\n<h4>Peque\u00f1a empresa familiar dedicada al cultivo del vi\u00f1edo ya la elaboraci\u00f3n de sus propios vinos.<\/h4>\n<p>&nbsp;<\/p>\n<h3 style=\"text-align: center;\"><a href=\"https:\/\/dopladebages.com\/celler-fargas-fargas\/\" rel=\"external\" rel=\"noopener noreferrer\">+ info<\/a><\/h3>\n<p>[\/vc_hoverbox][vc_separator type=\u00bbtransparent\u00bb up=\u00bb10&#8243; down=\u00bb15&#8243;][vc_hoverbox image=\u00bb23341&#8243; primary_title=\u00bbMond Obert\u00bb primary_title_font_container=\u00bbfont_size:10|color:%23ffffff\u00bb primary_title_use_theme_fonts=\u00bbyes\u00bb hover_title=\u00bb\u00bb hover_title_font_container=\u00bbcolor:%23ffffff\u00bb shape=\u00bbsquare\u00bb css_animation=\u00bbnone\u00bb primary_title_link=\u00bburl:http%3A%2F%2Fabadal.net%2Fes%2F|title:%2B%20info|target:%20_blank|\u00bb el_class=\u00bbcellers\u00bb hover_title_link=\u00bburl:http%3A%2F%2Fabadal.net|target:%20_blank|\u00bb]<\/p>\n<h4>Una bodega con gran inter\u00e9s por las variedades aut\u00f3ctonas y un firme compromiso con el medio ambiente.<\/h4>\n<p>&nbsp;<\/p>\n<h3 style=\"text-align: center;\"><a href=\"https:\/\/dopladebages.com\/mas-de-sant-iscle\/\" rel=\"external\" rel=\"noopener noreferrer\">+ info<\/a><\/h3>\n<p>[\/vc_hoverbox][vc_separator type=\u00bbtransparent\u00bb up=\u00bb10&#8243; down=\u00bb15&#8243;][vc_hoverbox image=\u00bb19464&#8243; primary_title=\u00bbCavas Gibert\u00bb primary_title_font_container=\u00bbcolor:%23ffffff\u00bb primary_title_use_theme_fonts=\u00bbyes\u00bb hover_title=\u00bb\u00bb hover_title_font_container=\u00bbcolor:%23ffffff\u00bb shape=\u00bbsquare\u00bb css_animation=\u00bbnone\u00bb primary_title_link=\u00bburl:http%3A%2F%2Fabadal.net%2Fes%2F|title:%2B%20info|\u00bb el_class=\u00bbcellers\u00bb hover_title_link=\u00bburl:http%3A%2F%2Fabadal.net|target:%20_blank|\u00bb]<\/p>\n<h4>Con un precedente de tres siglos en la elaboraci\u00f3n de vinos, las Caves Gibert fueron fundadas en 1920.<\/h4>\n<p>&nbsp;<\/p>\n<h3 style=\"text-align: center;\"><a href=\"https:\/\/dopladebages.com\/caves-gibert\/\" rel=\"external\" rel=\"noopener noreferrer\">+ info<\/a><\/h3>\n<p>[\/vc_hoverbox][\/vc_column][vc_column width=\u00bb1\/4&#8243;][vc_hoverbox image=\u00bb19467&#8243; primary_title=\u00bbBodega Cooperativa de Art\u00e9s\u00bb primary_title_font_container=\u00bbfont_size:10|color:%23ffffff\u00bb primary_title_use_theme_fonts=\u00bbyes\u00bb hover_title=\u00bb\u00bb hover_title_font_container=\u00bbcolor:%23ffffff\u00bb shape=\u00bbsquare\u00bb css_animation=\u00bbnone\u00bb primary_title_link=\u00bburl:http%3A%2F%2Fabadal.net%2Fes%2F|title:%2B%20info|target:%20_blank|\u00bb el_class=\u00bbcellers\u00bb hover_title_link=\u00bburl:http%3A%2F%2Fabadal.net|target:%20_blank|\u00bb]<\/p>\n<h4>La tradici\u00f3n vitivin\u00edcola de la Bodega Cooperativa de Art\u00e9s es la herencia ancestral que se ha transmitido de padres a hijos a trav\u00e9s del tiempo.<\/h4>\n<p>&nbsp;<\/p>\n<h3 style=\"text-align: center;\"><a href=\"https:\/\/dopladebages.com\/celler-cooperatiu-dartes\/\" rel=\"external\" rel=\"noopener noreferrer\">+ info<\/a><\/h3>\n<p>[\/vc_hoverbox][vc_separator type=\u00bbtransparent\u00bb up=\u00bb10&#8243; down=\u00bb15&#8243;][vc_hoverbox image=\u00bb19524&#8243; primary_title=\u00bbCollbaix El Mol\u00ed\u00bb primary_title_font_container=\u00bbfont_size:10|color:%23ffffff\u00bb primary_title_use_theme_fonts=\u00bbyes\u00bb hover_title=\u00bb\u00bb hover_title_font_container=\u00bbcolor:%23ffffff\u00bb shape=\u00bbsquare\u00bb css_animation=\u00bbnone\u00bb primary_title_link=\u00bburl:http%3A%2F%2Fabadal.net%2Fes%2F|title:%2B%20info|target:%20_blank|\u00bb el_class=\u00bbcellers\u00bb hover_title_link=\u00bburl:http%3A%2F%2Fabadal.net|target:%20_blank|\u00bb]<\/p>\n<h4>Cuatro generaciones dedicadas al cultivo del vi\u00f1edo, iniciando un cambio hacia la producci\u00f3n ecol\u00f3gica.<\/h4>\n<h4><\/h4>\n<h3 style=\"text-align: center;\"><a href=\"https:\/\/dopladebages.com\/celler-el-moli\/\" rel=\"external\" rel=\"noopener noreferrer\">+ info<\/a><\/h3>\n<p>[\/vc_hoverbox][vc_separator type=\u00bbtransparent\u00bb up=\u00bb10&#8243; down=\u00bb15&#8243;][vc_hoverbox image=\u00bb20130&#8243; primary_title=\u00bbHeretat Oller del Mas\u00bb primary_title_font_container=\u00bbfont_size:10|color:%23ffffff\u00bb primary_title_use_theme_fonts=\u00bbyes\u00bb hover_title=\u00bb\u00bb hover_title_font_container=\u00bbcolor:%23ffffff\u00bb shape=\u00bbsquare\u00bb css_animation=\u00bbnone\u00bb primary_title_link=\u00bburl:http%3A%2F%2Fabadal.net%2Fes%2F|title:%2B%20info|target:%20_blank|\u00bb el_class=\u00bbcellers\u00bb hover_title_link=\u00bburl:http%3A%2F%2Fabadal.net|target:%20_blank|\u00bb]<\/p>\n<h4 style=\"text-align: left;\">Vinos realizados con los valores que nos han transmitido nuestros antepasados: la familia, el respeto por el medio ambiente y el compromiso con el territorio.<\/h4>\n<h3 style=\"text-align: center;\"><a href=\"https:\/\/dopladebages.com\/heretat-oller-del-mas\/\" rel=\"external\" rel=\"noopener noreferrer\">+ info<\/a><\/h3>\n<p>[\/vc_hoverbox][vc_separator type=\u00bbtransparent\u00bb up=\u00bb10&#8243; down=\u00bb15&#8243;][vc_hoverbox image=\u00bb19755&#8243; primary_title=\u00bbSant Miquel d&apos;Ol\u00f3\u00bb primary_title_font_container=\u00bbfont_size:10|color:%23ffffff\u00bb primary_title_use_theme_fonts=\u00bbyes\u00bb hover_title=\u00bb\u00bb hover_title_font_container=\u00bbcolor:%23ffffff\u00bb shape=\u00bbsquare\u00bb css_animation=\u00bbnone\u00bb primary_title_link=\u00bburl:http%3A%2F%2Fabadal.net%2Fes%2F|title:%2B%20info|target:%20_blank|\u00bb el_class=\u00bbcellers\u00bb hover_title_link=\u00bburl:http%3A%2F%2Fabadal.net|target:%20_blank|\u00bb]<\/p>\n<div class=\"wpb_text_column wpb_content_element \">\n<div class=\"wpb_wrapper\">\n<h4>Una peque\u00f1a bodega moderna que elabora vinos artesanales y actuales.<\/h4>\n<\/div>\n<\/div>\n<p>&nbsp;<\/p>\n<h3 style=\"text-align: center;\"><a href=\"https:\/\/dopladebages.com\/santmiqueldolo\/\" rel=\"external\" rel=\"noopener noreferrer\">+ info<\/a><\/h3>\n<p>[\/vc_hoverbox][vc_separator type=\u00bbtransparent\u00bb up=\u00bb10&#8243; down=\u00bb15&#8243;][vc_hoverbox image=\u00bb20583&#8243; primary_title=\u00bbViticultores sin bodega\u00bb primary_title_font_container=\u00bbfont_size:10|color:%23ffffff\u00bb primary_title_use_theme_fonts=\u00bbyes\u00bb hover_title=\u00bb\u00bb hover_title_font_container=\u00bbcolor:%23ffffff\u00bb shape=\u00bbsquare\u00bb css_animation=\u00bbnone\u00bb primary_title_link=\u00bburl:http%3A%2F%2Fabadal.net%2Fes%2F|title:%2B%20info|target:%20_blank|\u00bb el_class=\u00bbcellers\u00bb hover_title_link=\u00bburl:http%3A%2F%2Fabadal.net|target:%20_blank|\u00bb]<\/p>\n<h4>La diferenta<\/h4>\n<h4>Murallius<\/h4>\n<h4>Vinyes de Castellgal\u00ed<\/h4>\n<h4>Urpina<\/h4>\n<h4>Jaia<\/h4>\n<h3 style=\"text-align: center;\"><a href=\"https:\/\/dopladebages.com\/projectes-de-viticultors-sense-celler\/\" rel=\"external\" rel=\"noopener noreferrer\">+ info<\/a><\/h3>\n<p>[\/vc_hoverbox][\/vc_column][vc_column width=\u00bb1\/4&#8243;][vc_hoverbox image=\u00bb20325&#8243; primary_title=\u00bbGrau i Grau\u00bb primary_title_font_container=\u00bbfont_size:10|color:%23ffffff\u00bb primary_title_use_theme_fonts=\u00bbyes\u00bb hover_title=\u00bb\u00bb hover_title_font_container=\u00bbcolor:%23ffffff\u00bb shape=\u00bbsquare\u00bb css_animation=\u00bbnone\u00bb primary_title_link=\u00bburl:http%3A%2F%2Fabadal.net%2Fes%2F|title:%2B%20info|target:%20_blank|\u00bb el_class=\u00bbcellers\u00bb hover_title_link=\u00bburl:http%3A%2F%2Fabadal.net|target:%20_blank|\u00bb]<\/p>\n<h4>Pasi\u00f3n por los vinos desde 1885, dedicando todo el esfuerzo por conseguir lo mejor de cada cosecha.<\/h4>\n<p>&nbsp;<\/p>\n<h3 style=\"text-align: center;\"><a href=\"https:\/\/dopladebages.com\/celler-grau-i-grau\/\" rel=\"external\" rel=\"noopener noreferrer\">+ info<\/a><\/h3>\n<p>[\/vc_hoverbox][vc_separator type=\u00bbtransparent\u00bb up=\u00bb10&#8243; down=\u00bb15&#8243;][vc_hoverbox image=\u00bb22958&#8243; primary_title=\u00bbEntrebosc\u00bb primary_title_font_container=\u00bbfont_size:10|color:%23ffffff\u00bb primary_title_use_theme_fonts=\u00bbyes\u00bb hover_title=\u00bb\u00bb hover_title_font_container=\u00bbcolor:%23ffffff\u00bb shape=\u00bbsquare\u00bb css_animation=\u00bbnone\u00bb primary_title_link=\u00bburl:http%3A%2F%2Fabadal.net%2Fes%2F|title:%2B%20info|target:%20_blank|\u00bb el_class=\u00bbcellers\u00bb hover_title_link=\u00bburl:http%3A%2F%2Fabadal.net|target:%20_blank|\u00bb]<\/p>\n<h4>Trabajan con cuidado y precisi\u00f3n la tierra para elaborar microproducciones con conciencia ecol\u00f3gica y m\u00ednima intervenci\u00f3n.<\/h4>\n<h3 style=\"text-align: center;\"><a href=\"https:\/\/dopladebages.com\/es\/entrebosc\/\">+ info<\/a><\/h3>\n<p>[\/vc_hoverbox][vc_separator type=\u00bbtransparent\u00bb up=\u00bb10&#8243; down=\u00bb15&#8243;][vc_hoverbox image=\u00bb19758&#8243; primary_title=\u00bbLes Ac\u00e0cies\u00bb primary_title_font_container=\u00bbfont_size:10|color:%23ffffff\u00bb primary_title_use_theme_fonts=\u00bbyes\u00bb hover_title=\u00bb\u00bb hover_title_font_container=\u00bbcolor:%23ffffff\u00bb shape=\u00bbsquare\u00bb css_animation=\u00bbnone\u00bb primary_title_link=\u00bburl:http%3A%2F%2Fabadal.net%2Fes%2F|title:%2B%20info|target:%20_blank|\u00bb el_class=\u00bbcellers\u00bb hover_title_link=\u00bburl:http%3A%2F%2Fabadal.net|target:%20_blank|\u00bb]<\/p>\n<h4>Elaboramos vinos por el placer de reflejar el esp\u00edritu de una tierra vitivin\u00edcola que elabora vino desde hace mil a\u00f1os.<\/h4>\n<h3 style=\"text-align: center;\"><a href=\"https:\/\/dopladebages.com\/celler-les-acacies\/\" rel=\"external\" rel=\"noopener noreferrer\">+ info<\/a><\/h3>\n<p>[\/vc_hoverbox][vc_separator type=\u00bbtransparent\u00bb up=\u00bb10&#8243; down=\u00bb15&#8243;][vc_hoverbox image=\u00bb19833&#8243; primary_title=\u00bbSolergibert\u00bb primary_title_font_container=\u00bbfont_size:10|color:%23ffffff\u00bb primary_title_use_theme_fonts=\u00bbyes\u00bb hover_title=\u00bb\u00bb hover_title_font_container=\u00bbcolor:%23ffffff\u00bb shape=\u00bbsquare\u00bb css_animation=\u00bbnone\u00bb primary_title_link=\u00bburl:http%3A%2F%2Fabadal.net%2Fes%2F|title:%2B%20info|target:%20_blank|\u00bb el_class=\u00bbcellers\u00bb hover_title_link=\u00bburl:http%3A%2F%2Fabadal.net|target:%20_blank|\u00bb]<\/p>\n<h4>Producciones peque\u00f1as, controladas y de gran calidad, de una familia de Art\u00e9s que se ha dedicado a la vi\u00f1a desde 1730.<\/h4>\n<p>&nbsp;<\/p>\n<h3 style=\"text-align: center;\"><a href=\"https:\/\/dopladebages.com\/celler-solergibert\/\" rel=\"external\" rel=\"noopener noreferrer\">+ info<\/a><\/h3>\n<p>[\/vc_hoverbox][\/vc_column][vc_column width=\u00bb1\/4&#8243;][vc_hoverbox image=\u00bb23649&#8243; primary_title=\u00bbMaci\u00e0\u00bb primary_title_font_container=\u00bbfont_size:10|color:%23ffffff\u00bb primary_title_use_theme_fonts=\u00bbyes\u00bb hover_title=\u00bb\u00bb hover_title_font_container=\u00bbcolor:%23ffffff\u00bb shape=\u00bbsquare\u00bb css_animation=\u00bbnone\u00bb primary_title_link=\u00bburl:https%3A%2F%2Fdopladebages.com%2Fes%2Fmacia%2F|title:%2B%20info|target:_blank|\u00bb el_class=\u00bbcellers\u00bb hover_title_link=\u00bburl:http%3A%2F%2Fabadal.net|target:%20_blank|\u00bb]<\/p>\n<h4>Reducida producci\u00f3n de vino sin m\u00e1s af\u00e1n que poder disfrutar de un vino que despierte los sentidos<\/h4>\n<p>&nbsp;<\/p>\n<h3 style=\"text-align: center;\"><a href=\"https:\/\/dopladebages.com\/es\/macia\/\" rel=\"external\" rel=\"noopener noreferrer\">+ info<\/a><\/h3>\n<p>[\/vc_hoverbox][vc_separator type=\u00bbtransparent\u00bb up=\u00bb10&#8243; down=\u00bb15&#8243;][vc_hoverbox image=\u00bb19482&#8243; primary_title=\u00bbExibis\u00bb primary_title_font_container=\u00bbcolor:%23ffffff\u00bb hover_title=\u00bb\u00bb hover_title_font_container=\u00bbcolor:%23ffffff\u00bb shape=\u00bbsquare\u00bb css_animation=\u00bbnone\u00bb primary_title_link=\u00bburl:http%3A%2F%2Fabadal.net%2Fes%2F|title:%2B%20info|target:%20_blank|\u00bb el_class=\u00bbcellers\u00bb hover_title_link=\u00bburl:http%3A%2F%2Fabadal.net|target:%20_blank|\u00bb]<\/p>\n<h4>Voluntad de recuperar el car\u00e1cter singular hist\u00f3rico de los vinos de la zona, con una clara apuesta por las viejas variedades como la Sumoll y la Mand\u00f3.<\/h4>\n<h3 style=\"text-align: center;\"><a href=\"https:\/\/dopladebages.com\/celler-exibis\/\" rel=\"external\" rel=\"noopener noreferrer\">+ info<\/a><\/h3>\n<p>[\/vc_hoverbox][vc_separator type=\u00bbtransparent\u00bb up=\u00bb10&#8243; down=\u00bb15&#8243;][vc_hoverbox image=\u00bb23568&#8243; primary_title=\u00bbM\u00e9s Que Paraules\u00bb primary_title_font_container=\u00bbfont_size:10|color:%23ffffff\u00bb primary_title_use_theme_fonts=\u00bbyes\u00bb hover_title=\u00bb\u00bb hover_title_font_container=\u00bbcolor:%23ffffff\u00bb shape=\u00bbsquare\u00bb css_animation=\u00bbnone\u00bb primary_title_link=\u00bburl:http%3A%2F%2Fabadal.net%2Fes%2F|title:%2B%20info|target:%20_blank|\u00bb el_class=\u00bbcellers\u00bb hover_title_link=\u00bburl:http%3A%2F%2Fabadal.net|target:%20_blank|\u00bb]<\/p>\n<h4>Creatividad, trabajo y pasi\u00f3n ofrecen un vino actual, cercano y moderno manteniendo la identidad tradicional del Bages.<\/h4>\n<h3 style=\"text-align: center;\"><a href=\"https:\/\/dopladebages.com\/celler-cooperatiu-de-salelles\/\" rel=\"external\" rel=\"noopener noreferrer\">+ info<\/a><\/h3>\n<p>[\/vc_hoverbox][vc_separator type=\u00bbtransparent\u00bb up=\u00bb10&#8243; down=\u00bb15&#8243;][vc_hoverbox image=\u00bb19485&#8243; primary_title=\u00bbVins Colltor\u00bb primary_title_font_container=\u00bbfont_size:10|color:%23ffffff\u00bb primary_title_use_theme_fonts=\u00bbyes\u00bb hover_title=\u00bb\u00bb hover_title_font_container=\u00bbcolor:%23ffffff\u00bb shape=\u00bbsquare\u00bb css_animation=\u00bbnone\u00bb primary_title_link=\u00bburl:http%3A%2F%2Fabadal.net%2Fes%2F|title:%2B%20info|target:%20_blank|\u00bb el_class=\u00bbcellers\u00bb hover_title_link=\u00bburl:http%3A%2F%2Fabadal.net|target:%20_blank|\u00bb]<\/p>\n<h4>Vins Colltor es una peque\u00f1a bodega situada en plena naturaleza, con un m\u00e9todo de trabajo completamente artesanal y sostenible.<\/h4>\n<h3 style=\"text-align: center;\"><a href=\"https:\/\/dopladebages.com\/vins-colltor\/\" rel=\"external\" rel=\"noopener noreferrer\">+ info<\/a><\/h3>\n<p>[\/vc_hoverbox][\/vc_column][\/vc_row][vc_row css_animation=\u00bb\u00bb row_type=\u00bbrow\u00bb use_row_as_full_screen_section=\u00bbno\u00bb type=\u00bbgrid\u00bb angled_section=\u00bbno\u00bb text_align=\u00bbleft\u00bb background_image_as_pattern=\u00bbwithout_pattern\u00bb z_index=\u00bb\u00bb][vc_column][vc_separator type=\u00bbtransparent\u00bb up=\u00bb10&#8243; down=\u00bb15&#8243;]<div class='q_icon_with_title tiny normal_icon left_from_title qode_iwt_hover_enabled '><div class=\"icon_text_holder\" style=\"\"><div class=\"icon_text_inner\" style=\"\"><div class=\"icon_title_holder\"><div class=\"icon_holder q_icon_animation\" style=\" \"><a itemprop=\"url\" href=\"https:\/\/dopladebages.com\/wp-content\/uploads\/2023\/02\/Directori-de-cellers-2023.pdf\" target=\"_blank\" class=\"q_icon_link\"><span data-icon-type=\"normal\"   style=\"\" class=\"qode_iwt_icon_holder q_font_awsome_icon fa-lg  \"><i class=\"qode_icon_font_awesome fa fa-file-pdf-o qode_iwt_icon_element\" style=\"\" ><\/i><\/span><\/a><\/div><h5 class=\"icon_title\" style=\"\">Descargar un archivo con el directorio de bodegas<\/h5><\/div><p style=''><\/p><a itemprop='url' class='icon_with_title_link' href='https:\/\/dopladebages.com\/wp-content\/uploads\/2023\/02\/Directori-de-cellers-2023.pdf' target='_blank' style=''>Descargar un archivo con el directorio de bodegas<\/a><\/div><\/div><\/div>[vc_separator type=\u00bbtransparent\u00bb up=\u00bb10&#8243; down=\u00bb15&#8243;][\/vc_column][\/vc_row]<\/p>\n<\/div>","protected":false},"excerpt":{"rendered":"<p>[vc_row css_animation=\u00bb\u00bb row_type=\u00bbrow\u00bb use_row_as_full_screen_section=\u00bbno\u00bb type=\u00bbgrid\u00bb angled_section=\u00bbno\u00bb text_align=\u00bbleft\u00bb background_image_as_pattern=\u00bbwithout_pattern\u00bb background_color=\u00bb#ffffff\u00bb padding_top=\u00bb82&#8243; padding_bottom=\u00bb0&#8243; z_index=\u00bb\u00bb][vc_column css=\u00bb.vc_custom_1552472649063{padding-top: 20px !important;}\u00bb][vc_column_text css=\u00bb.vc_custom_1552472656428{margin-top: 60px !important;}\u00bb] Bodegas [\/vc_column_text][vc_separator type=\u00bbsmall\u00bb position=\u00bbcenter\u00bb up=\u00bb20&#8243; down=\u00bb20&#8243;][vc_column_text]La Denominaci\u00f3n de Origen Pla de Bages re\u00fane bodegas cuya larga tradici\u00f3n vitivin\u00edcola fue, en el siglo XIX, la regi\u00f3n con m\u00e1s&#8230;<\/p>\n","protected":false},"author":1,"featured_media":0,"parent":0,"menu_order":0,"comment_status":"open","ping_status":"closed","template":"full_width.php","meta":{"_monsterinsights_skip_tracking":false,"_monsterinsights_sitenote_active":false,"_monsterinsights_sitenote_note":"","_monsterinsights_sitenote_category":0,"footnotes":""},"class_list":["post-22138","page","type-page","status-publish","hentry"],"_links":{"self":[{"href":"https:\/\/dopladebages.com\/es\/wp-json\/wp\/v2\/pages\/22138","targetHints":{"allow":["GET"]}}],"collection":[{"href":"https:\/\/dopladebages.com\/es\/wp-json\/wp\/v2\/pages"}],"about":[{"href":"https:\/\/dopladebages.com\/es\/wp-json\/wp\/v2\/types\/page"}],"author":[{"embeddable":true,"href":"https:\/\/dopladebages.com\/es\/wp-json\/wp\/v2\/users\/1"}],"replies":[{"embeddable":true,"href":"https:\/\/dopladebages.com\/es\/wp-json\/wp\/v2\/comments?post=22138"}],"version-history":[{"count":0,"href":"https:\/\/dopladebages.com\/es\/wp-json\/wp\/v2\/pages\/22138\/revisions"}],"wp:attachment":[{"href":"https:\/\/dopladebages.com\/es\/wp-json\/wp\/v2\/media?parent=22138"}],"curies":[{"name":"wp","href":"https:\/\/api.w.org\/{rel}","templated":true}]}}