{"id":22134,"date":"2021-04-08T13:26:39","date_gmt":"2021-04-08T11:26:39","guid":{"rendered":"https:\/\/dopladebages.com\/establecimientos-con-do\/"},"modified":"2021-04-08T13:26:39","modified_gmt":"2021-04-08T11:26:39","slug":"establecimientos-con-do","status":"publish","type":"page","link":"https:\/\/dopladebages.com\/es\/establecimientos-con-do\/","title":{"rendered":"Establecimientos con DO"},"content":{"rendered":"<div class=\"wpb-content-wrapper\"><p>[vc_row css_animation=\u00bb\u00bb row_type=\u00bbrow\u00bb use_row_as_full_screen_section=\u00bbno\u00bb type=\u00bbfull_width\u00bb angled_section=\u00bbno\u00bb text_align=\u00bbleft\u00bb background_image_as_pattern=\u00bbwithout_pattern\u00bb][vc_column][vc_column_text]<\/p>\n<h2 style=\"text-align: center;\">ESTABLECIMIENTOS CON DO<\/h2>\n<p>[\/vc_column_text][vc_separator type=\u00bbsmall\u00bb position=\u00bbcenter\u00bb up=\u00bb20&#8243; down=\u00bb40&#8243;][\/vc_column][\/vc_row][vc_row css_animation=\u00bb\u00bb row_type=\u00bbrow\u00bb use_row_as_full_screen_section=\u00bbno\u00bb type=\u00bbfull_width\u00bb angled_section=\u00bbno\u00bb text_align=\u00bbleft\u00bb background_image_as_pattern=\u00bbwithout_pattern\u00bb][vc_column width=\u00bb1\/4&#8243;][vc_single_image image=\u00bb19635&#8243; img_size=\u00bbfull\u00bb alignment=\u00bbcenter\u00bb qode_css_animation=\u00bbelement_from_fade\u00bb transition_delay=\u00bb0.3&#8243;][\/vc_column][vc_column width=\u00bb3\/4&#8243;][vc_column_text]<\/p>\n<h4>La red de establecimientos con DO pretende ser una herramienta para unir, coordinar y promover el conocimiento del patrimonio vitivin\u00edcola, su historia y tradici\u00f3n y las bodegas y vinos actuales del territorio que abarca la Denominaci\u00f3n de Origen Pla de Bages.<\/h4>\n<p>&nbsp;<\/p>\n<p>Esta red tambi\u00e9n debe permitir la promoci\u00f3n de nuevas iniciativas relacionadas con el vi\u00f1edo y el vino en la zona, creando sinergias entre los miembros que forman parte de ella.<\/p>\n<p>&nbsp;<\/p>\n<p><strong>Ventajas de ser parte de ella<\/strong><\/p>\n<p>&nbsp;<\/p>\n<ul>\n<li>Red de informaci\u00f3n sectorial<\/li>\n<li>Participaci\u00f3n gratuita en actividades organizadas por la DO<\/li>\n<li>Difusi\u00f3n a trav\u00e9s de la p\u00e1gina web y los folletos que edita el Consejo Regulador<\/li>\n<li>Promoci\u00f3n de los establecimientos por parte de las bodegas a trav\u00e9s de una lista actualizada que tendr\u00e1n a su disposici\u00f3n.<\/li>\n<\/ul>\n<p>&nbsp;<\/p>\n<p>Haga clic <a href=\"https:\/\/dopladebages.com\/wp-content\/uploads\/2020\/02\/Establiments-DO-criteris.pdf\">aqu\u00ed<\/a> para ver el documento con la informaci\u00f3n completa <\/p>\n<div class=\"c1\">\n<p class=\"nm\">\n<\/div>\n<p>[\/vc_column_text][\/vc_column][\/vc_row][vc_row css_animation=\u00bb\u00bb row_type=\u00bbrow\u00bb use_row_as_full_screen_section=\u00bbno\u00bb type=\u00bbfull_width\u00bb angled_section=\u00bbno\u00bb text_align=\u00bbleft\u00bb background_image_as_pattern=\u00bbwithout_pattern\u00bb][vc_column][vc_empty_space]<a  itemprop=\"url\" href=\"https:\/\/docs.google.com\/forms\/d\/e\/1FAIpQLSc8Uy_kJim6wQAayNeCCyArBQC23yJ9-On5igeOZlB0q1ehPg\/viewform\" target=\"_blank\"  class=\"qbutton  default\" style=\"\">Reg\u00edstrese!<\/a>[vc_empty_space height=\u00bb42px\u00bb][\/vc_column][\/vc_row][vc_row css_animation=\u00bb\u00bb row_type=\u00bbrow\u00bb use_row_as_full_screen_section=\u00bbno\u00bb type=\u00bbfull_width\u00bb angled_section=\u00bbno\u00bb text_align=\u00bbleft\u00bb background_image_as_pattern=\u00bbwithout_pattern\u00bb][vc_column][vc_column_text]<\/p>\n<h3 style=\"text-align: center;\">Establecimientos inscritos<\/h3>\n<p>[\/vc_column_text][vc_separator type=\u00bbnormal\u00bb][vc_empty_space height=\u00bb42px\u00bb][\/vc_column][\/vc_row][vc_row css_animation=\u00bb\u00bb row_type=\u00bbrow\u00bb use_row_as_full_screen_section=\u00bbno\u00bb type=\u00bbfull_width\u00bb angled_section=\u00bbno\u00bb text_align=\u00bbleft\u00bb background_image_as_pattern=\u00bbwithout_pattern\u00bb z_index=\u00bb\u00bb][vc_column][vc_gmaps link=\u00bb#E-8_JTNDaWZyYW1lJTIwc3JjJTNEJTIyaHR0cHMlM0ElMkYlMkZ3d3cuZ29vZ2xlLmNvbSUyRm1hcHMlMkZkJTJGZW1iZWQlM0ZtaWQlM0QxU3RpcGVwVVZjbm54aHd4RnU2dWZ5cmhQdjNJM1pvcG8lMjIlMjB3aWR0aCUzRCUyMjY0MCUyMiUyMGhlaWdodCUzRCUyMjQ4MCUyMiUzRSUzQyUyRmlmcmFtZSUzRQ==\u00bb size=\u00bb600&#8243;][vc_empty_space height=\u00bb22px\u00bb][\/vc_column][\/vc_row][vc_row css_animation=\u00bb\u00bb row_type=\u00bbrow\u00bb use_row_as_full_screen_section=\u00bbno\u00bb type=\u00bbfull_width\u00bb angled_section=\u00bbno\u00bb text_align=\u00bbleft\u00bb background_image_as_pattern=\u00bbwithout_pattern\u00bb][vc_column width=\u00bb1\/4&#8243;]<div class=\"image_with_text\"><img decoding=\"async\" itemprop=\"image\" src=\"https:\/\/dopladebages.com\/wp-content\/uploads\/2020\/02\/CAL-PARAD\u00cdS.jpg\" alt=\"\" \/><h3 ><\/h3><span style=\"margin: 6px 0px;\" class=\"separator transparent\"><\/span><\/p>\n<h6 style=\"text-align: center;\"><strong><a href=\"http:\/\/www.campingcalparadis.com\/\" rel=\"external\" rel=\"noopener noreferrer\">Camping Cal Parad\u00eds<\/a><\/strong><\/h6>\n<p><\/div>[\/vc_column][vc_column width=\u00bb1\/4&#8243;]<div class=\"image_with_text\"><img decoding=\"async\" itemprop=\"image\" src=\"https:\/\/dopladebages.com\/wp-content\/uploads\/2020\/02\/cal-carter.jpg\" alt=\"\" \/><h3 ><\/h3><span style=\"margin: 6px 0px;\" class=\"separator transparent\"><\/span><\/p>\n<h6 style=\"text-align: center;\"><strong><a href=\"http:\/\/www.calcarter.net\/\" rel=\"external\" rel=\"noopener noreferrer\">Cal Carter<\/a><\/strong><\/h6>\n<p><\/div>[\/vc_column][vc_column width=\u00bb1\/4&#8243;]<div class=\"image_with_text\"><img decoding=\"async\" itemprop=\"image\" src=\"https:\/\/dopladebages.com\/wp-content\/uploads\/2020\/02\/hostal-soler-1.jpg\" alt=\"\" \/><h3 ><\/h3><span style=\"margin: 6px 0px;\" class=\"separator transparent\"><\/span><\/p>\n<h6 style=\"text-align: center;\"><strong><a href=\"http:\/\/www.hostalsoler.com\/\" rel=\"external\" rel=\"noopener noreferrer\">Hostal Soler<\/a><\/strong><\/h6>\n<p><\/div>[\/vc_column][vc_column width=\u00bb1\/4&#8243;]<div class=\"image_with_text\"><img decoding=\"async\" itemprop=\"image\" src=\"https:\/\/dopladebages.com\/wp-content\/uploads\/2020\/02\/golut.jpg\" alt=\"\" \/><h3 ><\/h3><span style=\"margin: 6px 0px;\" class=\"separator transparent\"><\/span><\/p>\n<h6 style=\"text-align: center;\"><strong><a href=\"https:\/\/es-es.facebook.com\/elgolut\/\" rel=\"external\" rel=\"noopener noreferrer\">El Golut<\/a><\/strong><\/h6>\n<p><\/div>[\/vc_column][\/vc_row][vc_row css_animation=\u00bb\u00bb row_type=\u00bbrow\u00bb use_row_as_full_screen_section=\u00bbno\u00bb type=\u00bbfull_width\u00bb angled_section=\u00bbno\u00bb text_align=\u00bbleft\u00bb background_image_as_pattern=\u00bbwithout_pattern\u00bb][vc_column][vc_empty_space height=\u00bb22px\u00bb][\/vc_column][\/vc_row][vc_row css_animation=\u00bb\u00bb row_type=\u00bbrow\u00bb use_row_as_full_screen_section=\u00bbno\u00bb type=\u00bbfull_width\u00bb angled_section=\u00bbno\u00bb text_align=\u00bbleft\u00bb background_image_as_pattern=\u00bbwithout_pattern\u00bb][vc_column width=\u00bb1\/4&#8243;]<div class=\"image_with_text\"><img decoding=\"async\" itemprop=\"image\" src=\"https:\/\/dopladebages.com\/wp-content\/uploads\/2020\/02\/soldevila.jpg\" alt=\"\" \/><h3 ><\/h3><span style=\"margin: 6px 0px;\" class=\"separator transparent\"><\/span><\/p>\n<h6 style=\"text-align: center;\"><strong><a href=\"http:\/\/soldevila.net\/\" rel=\"external\" rel=\"noopener noreferrer\">Soldevila<\/a><\/strong><\/h6>\n<p><\/div>[\/vc_column][vc_column width=\u00bb1\/4&#8243;]<div class=\"image_with_text\"><img decoding=\"async\" itemprop=\"image\" src=\"https:\/\/dopladebages.com\/wp-content\/uploads\/2020\/02\/aligu\u00e9.jpg\" alt=\"\" \/><h3 ><\/h3><span style=\"margin: 6px 0px;\" class=\"separator transparent\"><\/span><\/p>\n<h6 style=\"text-align: center;\"><strong><a href=\"http:\/\/www.restaurantaligue.es\/\" rel=\"external\" rel=\"noopener noreferrer\">Aligu\u00e9<\/a><\/strong><\/h6>\n<p><\/div>[\/vc_column][vc_column width=\u00bb1\/4&#8243;]<div class=\"image_with_text\"><img decoding=\"async\" itemprop=\"image\" src=\"https:\/\/dopladebages.com\/wp-content\/uploads\/2020\/02\/casa-lagulla.jpg\" alt=\"\" \/><h3 ><\/h3><span style=\"margin: 6px 0px;\" class=\"separator transparent\"><\/span><\/p>\n<h6 style=\"text-align: center;\"><strong><a href=\"http:\/\/casalagulla.com\/\" rel=\"external\" rel=\"noopener noreferrer\">Casa L&#8217;Agulla<\/a><\/strong><\/h6>\n<p><\/div>[\/vc_column][vc_column width=\u00bb1\/4&#8243;]<div class=\"image_with_text\"><img decoding=\"async\" itemprop=\"image\" src=\"https:\/\/dopladebages.com\/wp-content\/uploads\/2020\/02\/can-ladis.jpg\" alt=\"\" \/><h3 ><\/h3><span style=\"margin: 6px 0px;\" class=\"separator transparent\"><\/span><\/p>\n<h6 style=\"text-align: center;\"><strong><a href=\"http:\/\/www.marisquercanladis.com\/\" rel=\"external\" rel=\"noopener noreferrer\">Can Ladis<\/a><\/strong><\/h6>\n<p><\/div>[\/vc_column][\/vc_row][vc_row css_animation=\u00bb\u00bb row_type=\u00bbrow\u00bb use_row_as_full_screen_section=\u00bbno\u00bb type=\u00bbfull_width\u00bb angled_section=\u00bbno\u00bb text_align=\u00bbleft\u00bb background_image_as_pattern=\u00bbwithout_pattern\u00bb][vc_column][vc_empty_space height=\u00bb22px\u00bb][\/vc_column][\/vc_row][vc_row css_animation=\u00bb\u00bb row_type=\u00bbrow\u00bb use_row_as_full_screen_section=\u00bbno\u00bb type=\u00bbfull_width\u00bb angled_section=\u00bbno\u00bb text_align=\u00bbleft\u00bb background_image_as_pattern=\u00bbwithout_pattern\u00bb][vc_column width=\u00bb1\/4&#8243;]<div class=\"image_with_text\"><img decoding=\"async\" itemprop=\"image\" src=\"https:\/\/dopladebages.com\/wp-content\/uploads\/2020\/02\/mas-de-la-sala.jpg\" alt=\"\" \/><h3 ><\/h3><span style=\"margin: 6px 0px;\" class=\"separator transparent\"><\/span><\/p>\n<h6 style=\"text-align: center;\"><strong><a href=\"http:\/\/www.masdelasala.com\/\" rel=\"external\" rel=\"noopener noreferrer\">Mas de la Sala<\/a><\/strong><\/h6>\n<p><\/div>[\/vc_column][vc_column width=\u00bb1\/4&#8243;]<div class=\"image_with_text\"><img decoding=\"async\" itemprop=\"image\" src=\"https:\/\/dopladebages.com\/wp-content\/uploads\/2020\/02\/joviat.jpg\" alt=\"\" \/><h3 ><\/h3><span style=\"margin: 6px 0px;\" class=\"separator transparent\"><\/span><\/p>\n<h6 style=\"text-align: center;\"><strong><a href=\"https:\/\/www.joviat.com\/joviat-hoteleria\/\" rel=\"external\" rel=\"noopener noreferrer\">Joviat<\/a><\/strong><\/h6>\n<p><\/div>[\/vc_column][vc_column width=\u00bb1\/4&#8243;]<div class=\"image_with_text\"><img decoding=\"async\" itemprop=\"image\" src=\"https:\/\/dopladebages.com\/wp-content\/uploads\/2020\/02\/kursaal.jpg\" alt=\"\" \/><h3 ><\/h3><span style=\"margin: 6px 0px;\" class=\"separator transparent\"><\/span><\/p>\n<h6 style=\"text-align: center;\"><strong><a href=\"https:\/\/restaurantkursaal.cat\/\" rel=\"external\" rel=\"noopener noreferrer\">Kursaal<\/a><\/strong><\/h6>\n<p><\/div>[\/vc_column][vc_column width=\u00bb1\/4&#8243;]<div class=\"image_with_text\"><img decoding=\"async\" itemprop=\"image\" src=\"https:\/\/dopladebages.com\/wp-content\/uploads\/2020\/02\/cal-manel.jpg\" alt=\"\" \/><h3 ><\/h3><span style=\"margin: 6px 0px;\" class=\"separator transparent\"><\/span><\/p>\n<h6 style=\"text-align: center;\"><strong><a href=\"https:\/\/www.facebook.com\/calmanel\" rel=\"external\" rel=\"noopener noreferrer\">Cal Manel<\/a><\/strong><\/h6>\n<p><\/div>[\/vc_column][\/vc_row][vc_row css_animation=\u00bb\u00bb row_type=\u00bbrow\u00bb use_row_as_full_screen_section=\u00bbno\u00bb type=\u00bbfull_width\u00bb angled_section=\u00bbno\u00bb text_align=\u00bbleft\u00bb background_image_as_pattern=\u00bbwithout_pattern\u00bb][vc_column][vc_empty_space height=\u00bb22px\u00bb][\/vc_column][\/vc_row][vc_row css_animation=\u00bb\u00bb row_type=\u00bbrow\u00bb use_row_as_full_screen_section=\u00bbno\u00bb type=\u00bbfull_width\u00bb angled_section=\u00bbno\u00bb text_align=\u00bbleft\u00bb background_image_as_pattern=\u00bbwithout_pattern\u00bb][vc_column width=\u00bb1\/4&#8243;]<div class=\"image_with_text\"><img decoding=\"async\" itemprop=\"image\" src=\"https:\/\/dopladebages.com\/wp-content\/uploads\/2020\/02\/cal-Jaume.jpg\" alt=\"\" \/><h3 ><\/h3><span style=\"margin: 6px 0px;\" class=\"separator transparent\"><\/span><\/p>\n<h6 style=\"text-align: center;\"><strong><a href=\"http:\/\/www.restaurantcaljaume.net\/\" rel=\"external\" rel=\"noopener noreferrer\">Cal Jaume<\/a><\/strong><\/h6>\n<p><\/div>[\/vc_column][vc_column width=\u00bb1\/4&#8243;]<div class=\"image_with_text\"><img decoding=\"async\" itemprop=\"image\" src=\"https:\/\/dopladebages.com\/wp-content\/uploads\/2020\/02\/la-premsa.jpg\" alt=\"\" \/><h3 ><\/h3><span style=\"margin: 6px 0px;\" class=\"separator transparent\"><\/span><\/p>\n<h6 style=\"text-align: center;\"><strong><a href=\"http:\/\/www.lapremsahotelrural.com\/cat\/index.html\" rel=\"external\" rel=\"noopener noreferrer\">La Premsa<\/a><\/strong><\/h6>\n<p><\/div>[\/vc_column][vc_column width=\u00bb1\/4&#8243;]<div class=\"image_with_text\"><img decoding=\"async\" itemprop=\"image\" src=\"https:\/\/dopladebages.com\/wp-content\/uploads\/2020\/02\/lasvegas.jpg\" alt=\"\" \/><h3 ><\/h3><span style=\"margin: 6px 0px;\" class=\"separator transparent\"><\/span><\/p>\n<h6 style=\"text-align: center;\"><strong><a href=\"https:\/\/www.restaurantlasvegas.com\/\" rel=\"external\" rel=\"noopener noreferrer\">Las Vegas<\/a><\/strong><\/h6>\n<p><\/div>[\/vc_column][vc_column width=\u00bb1\/4&#8243;]<div class=\"image_with_text\"><img decoding=\"async\" itemprop=\"image\" src=\"https:\/\/dopladebages.com\/wp-content\/uploads\/2020\/03\/tesi.jpg\" alt=\"\" \/><h3 ><\/h3><span style=\"margin: 6px 0px;\" class=\"separator transparent\"><\/span><\/p>\n<h6 style=\"text-align: center;\"><strong><a href=\"http:\/\/www.restauranttesi.net\/es\/productos\/ensaladas-y-entrantes_resultados_104155_0_1.html\" rel=\"external\" rel=\"noopener noreferrer\">Restaurant Tesi<\/a><\/strong><\/h6>\n<p><\/div>[\/vc_column][\/vc_row][vc_row css_animation=\u00bb\u00bb row_type=\u00bbrow\u00bb use_row_as_full_screen_section=\u00bbno\u00bb type=\u00bbfull_width\u00bb angled_section=\u00bbno\u00bb text_align=\u00bbleft\u00bb background_image_as_pattern=\u00bbwithout_pattern\u00bb][vc_column][vc_empty_space][\/vc_column][\/vc_row][vc_row css_animation=\u00bb\u00bb row_type=\u00bbrow\u00bb use_row_as_full_screen_section=\u00bbno\u00bb type=\u00bbfull_width\u00bb angled_section=\u00bbno\u00bb text_align=\u00bbleft\u00bb background_image_as_pattern=\u00bbwithout_pattern\u00bb][vc_column width=\u00bb1\/4&#8243;]<div class=\"image_with_text\"><img decoding=\"async\" itemprop=\"image\" src=\"https:\/\/dopladebages.com\/wp-content\/uploads\/2020\/06\/cal-magre.jpg\" alt=\"\" \/><h3 ><\/h3><span style=\"margin: 6px 0px;\" class=\"separator transparent\"><\/span><\/p>\n<h6 style=\"text-align: center;\"><strong><a href=\"http:\/\/calmagre.cat\" rel=\"external\" rel=\"noopener noreferrer\">Cal Magre<\/a><\/strong><\/h6>\n<p><\/div>[\/vc_column][vc_column width=\u00bb1\/4&#8243;]<div class=\"image_with_text\"><img decoding=\"async\" itemprop=\"image\" src=\"https:\/\/dopladebages.com\/wp-content\/uploads\/2020\/06\/lacuina.jpg\" alt=\"\" \/><h3 ><\/h3><span style=\"margin: 6px 0px;\" class=\"separator transparent\"><\/span><\/p>\n<h6 style=\"text-align: center;\"><strong><a href=\"http:\/\/www.restaurantlacuina.com\" rel=\"external\" rel=\"noopener noreferrer\">La cuina<\/a><\/strong><\/h6>\n<p><\/div>[\/vc_column][vc_column width=\u00bb1\/4&#8243;][\/vc_column][vc_column width=\u00bb1\/4&#8243;][\/vc_column][\/vc_row][vc_row css_animation=\u00bb\u00bb row_type=\u00bbrow\u00bb use_row_as_full_screen_section=\u00bbno\u00bb type=\u00bbfull_width\u00bb angled_section=\u00bbno\u00bb text_align=\u00bbleft\u00bb background_image_as_pattern=\u00bbwithout_pattern\u00bb][vc_column][vc_empty_space][\/vc_column][\/vc_row]<\/p>\n<\/div>","protected":false},"excerpt":{"rendered":"<p>[vc_row css_animation=\u00bb\u00bb row_type=\u00bbrow\u00bb use_row_as_full_screen_section=\u00bbno\u00bb type=\u00bbfull_width\u00bb angled_section=\u00bbno\u00bb text_align=\u00bbleft\u00bb background_image_as_pattern=\u00bbwithout_pattern\u00bb][vc_column][vc_column_text] ESTABLECIMIENTOS CON DO [\/vc_column_text][vc_separator type=\u00bbsmall\u00bb position=\u00bbcenter\u00bb up=\u00bb20&#8243; down=\u00bb40&#8243;][\/vc_column][\/vc_row][vc_row css_animation=\u00bb\u00bb row_type=\u00bbrow\u00bb use_row_as_full_screen_section=\u00bbno\u00bb type=\u00bbfull_width\u00bb angled_section=\u00bbno\u00bb text_align=\u00bbleft\u00bb background_image_as_pattern=\u00bbwithout_pattern\u00bb][vc_column width=\u00bb1\/4&#8243;][vc_single_image image=\u00bb19635&#8243; img_size=\u00bbfull\u00bb alignment=\u00bbcenter\u00bb qode_css_animation=\u00bbelement_from_fade\u00bb transition_delay=\u00bb0.3&#8243;][\/vc_column][vc_column width=\u00bb3\/4&#8243;][vc_column_text] La red de establecimientos con DO pretende ser una herramienta para unir, coordinar y promover&#8230;<\/p>\n","protected":false},"author":1,"featured_media":0,"parent":0,"menu_order":0,"comment_status":"closed","ping_status":"closed","template":"","meta":{"_monsterinsights_skip_tracking":false,"_monsterinsights_sitenote_active":false,"_monsterinsights_sitenote_note":"","_monsterinsights_sitenote_category":0,"footnotes":""},"class_list":["post-22134","page","type-page","status-publish","hentry"],"_links":{"self":[{"href":"https:\/\/dopladebages.com\/es\/wp-json\/wp\/v2\/pages\/22134","targetHints":{"allow":["GET"]}}],"collection":[{"href":"https:\/\/dopladebages.com\/es\/wp-json\/wp\/v2\/pages"}],"about":[{"href":"https:\/\/dopladebages.com\/es\/wp-json\/wp\/v2\/types\/page"}],"author":[{"embeddable":true,"href":"https:\/\/dopladebages.com\/es\/wp-json\/wp\/v2\/users\/1"}],"replies":[{"embeddable":true,"href":"https:\/\/dopladebages.com\/es\/wp-json\/wp\/v2\/comments?post=22134"}],"version-history":[{"count":0,"href":"https:\/\/dopladebages.com\/es\/wp-json\/wp\/v2\/pages\/22134\/revisions"}],"wp:attachment":[{"href":"https:\/\/dopladebages.com\/es\/wp-json\/wp\/v2\/media?parent=22134"}],"curies":[{"name":"wp","href":"https:\/\/api.w.org\/{rel}","templated":true}]}}