{"id":22130,"date":"2021-04-08T12:32:33","date_gmt":"2021-04-08T10:32:33","guid":{"rendered":"https:\/\/dopladebages.com\/premios-vive-la-piedra-seca\/"},"modified":"2021-04-08T12:32:33","modified_gmt":"2021-04-08T10:32:33","slug":"premios-vive-la-piedra-seca","status":"publish","type":"page","link":"https:\/\/dopladebages.com\/es\/premios-vive-la-piedra-seca\/","title":{"rendered":"Premios vive la piedra seca"},"content":{"rendered":"<div class=\"wpb-content-wrapper\"><p>[vc_row css_animation=\u00bb\u00bb row_type=\u00bbrow\u00bb use_row_as_full_screen_section=\u00bbno\u00bb type=\u00bbfull_width\u00bb angled_section=\u00bbno\u00bb text_align=\u00bbleft\u00bb background_image_as_pattern=\u00bbwithout_pattern\u00bb][vc_column][vc_column_text]<\/p>\n<h2 style=\"text-align: center;\">PREMIOS VIVE LA PIEDRA SECA<\/h2>\n<p>[\/vc_column_text][vc_separator type=\u00bbsmall\u00bb position=\u00bbcenter\u00bb up=\u00bb20&#8243; down=\u00bb40&#8243;][\/vc_column][\/vc_row][vc_row css_animation=\u00bb\u00bb row_type=\u00bbrow\u00bb use_row_as_full_screen_section=\u00bbno\u00bb type=\u00bbfull_width\u00bb angled_section=\u00bbno\u00bb text_align=\u00bbleft\u00bb background_image_as_pattern=\u00bbwithout_pattern\u00bb][vc_column width=\u00bb2\/3&#8243;][vc_gallery interval=\u00bb3&#8243; images=\u00bb19563,19566,19569,19572,19560,19575,19578&#8243; img_size=\u00bbfull\u00bb][vc_column_text]Descargue la documentaci\u00f3n:[\/vc_column_text]<div class='q_icon_with_title tiny normal_icon qode_iwt_hover_enabled '><div class=\"icon_holder q_icon_animation\" style=\" \"><a itemprop=\"url\" href=\"https:\/\/dopladebages.com\/wp-content\/uploads\/2020\/01\/triptic_premis_viulapedraseca_2020_.pdf\" target=\"\" class=\"q_icon_link\"><span data-icon-type=\"normal\"   style=\"\" class=\"qode_iwt_icon_holder q_font_awsome_icon fa-lg  \"><i class=\"qode_icon_font_awesome fa fa-file-pdf-o qode_iwt_icon_element\" style=\"\" ><\/i><\/span><\/a><\/div><div class=\"icon_text_holder\" style=\"\"><div class=\"icon_text_inner\" style=\"\"><h5 class=\"icon_title\" style=\"font-weight: 400;\">FOLLETO INFORMATIVO Y BASES <\/h5><p style=''><\/p><a itemprop='url' class='icon_with_title_link' href='https:\/\/dopladebages.com\/wp-content\/uploads\/2020\/01\/triptic_premis_viulapedraseca_2020_.pdf' target='_self' style=''>Read More<\/a><\/div><\/div><\/div><div class='q_icon_with_title tiny normal_icon qode_iwt_hover_enabled '><div class=\"icon_holder q_icon_animation\" style=\" \"><a itemprop=\"url\" href=\"https:\/\/dopladebages.com\/wp-content\/uploads\/2019\/12\/Butlleta-inscripci\u00f3-ps.pdf\" target=\"\" class=\"q_icon_link\"><span data-icon-type=\"normal\"   style=\"\" class=\"qode_iwt_icon_holder q_font_awsome_icon fa-lg  \"><i class=\"qode_icon_font_awesome fa fa-file-pdf-o qode_iwt_icon_element\" style=\"\" ><\/i><\/span><\/a><\/div><div class=\"icon_text_holder\" style=\"\"><div class=\"icon_text_inner\" style=\"\"><h5 class=\"icon_title\" style=\"font-weight: 400;\">FORMULARIO DE INSCRIPCI\u00d3N<\/h5><p style=''><\/p><a itemprop='url' class='icon_with_title_link' href='https:\/\/dopladebages.com\/wp-content\/uploads\/2019\/12\/Butlleta-inscripci\u00f3-ps.pdf' target='_self' style=''>Read More<\/a><\/div><\/div><\/div>[\/vc_column][vc_column width=\u00bb1\/3&#8243;][vc_column_text]<\/p>\n<p style=\"text-align: left;\">Los premios \u201c<strong>Viu la Pedra Seca<\/strong>\u201d tienen como objetivo, por un lado, promover la rehabilitaci\u00f3n del patrimonio (chozas, tinas, muros de piedra seca&#8230;) y, por otro, poner en valor el trabajo de investigaci\u00f3n, las actividades educativas, itinerarios y acciones de promoci\u00f3n y difusi\u00f3n del patrimonio de piedra seca.<\/p>\n<p>&nbsp;<\/p>\n<blockquote>\n<h4 style=\"text-align: left;\">Las construcciones de piedra seca reflejan aspectos de nuestra historia y nuestra cultura vitivin\u00edcola y forman parte de nuestro paisaje. Es necesario garantizar su conservaci\u00f3n y difusi\u00f3n, ya que pueden ser una importante herramienta de desarrollo econ\u00f3mico para el territorio.<\/h4>\n<\/blockquote>\n<p>[\/vc_column_text][\/vc_column][\/vc_row]<\/p>\n<\/div>","protected":false},"excerpt":{"rendered":"<p>[vc_row css_animation=\u00bb\u00bb row_type=\u00bbrow\u00bb use_row_as_full_screen_section=\u00bbno\u00bb type=\u00bbfull_width\u00bb angled_section=\u00bbno\u00bb text_align=\u00bbleft\u00bb background_image_as_pattern=\u00bbwithout_pattern\u00bb][vc_column][vc_column_text] PREMIOS VIVE LA PIEDRA SECA [\/vc_column_text][vc_separator type=\u00bbsmall\u00bb position=\u00bbcenter\u00bb up=\u00bb20&#8243; down=\u00bb40&#8243;][\/vc_column][\/vc_row][vc_row css_animation=\u00bb\u00bb row_type=\u00bbrow\u00bb use_row_as_full_screen_section=\u00bbno\u00bb type=\u00bbfull_width\u00bb angled_section=\u00bbno\u00bb text_align=\u00bbleft\u00bb background_image_as_pattern=\u00bbwithout_pattern\u00bb][vc_column width=\u00bb2\/3&#8243;][vc_gallery interval=\u00bb3&#8243; images=\u00bb19563,19566,19569,19572,19560,19575,19578&#8243; img_size=\u00bbfull\u00bb][vc_column_text]Descargue la documentaci\u00f3n:[\/vc_column_text][\/vc_column][vc_column width=\u00bb1\/3&#8243;][vc_column_text] Los premios \u201cViu la Pedra Seca\u201d tienen como objetivo, por un lado, promover&#8230;<\/p>\n","protected":false},"author":1,"featured_media":0,"parent":0,"menu_order":0,"comment_status":"open","ping_status":"closed","template":"","meta":{"_monsterinsights_skip_tracking":false,"_monsterinsights_sitenote_active":false,"_monsterinsights_sitenote_note":"","_monsterinsights_sitenote_category":0,"footnotes":""},"class_list":["post-22130","page","type-page","status-publish","hentry"],"_links":{"self":[{"href":"https:\/\/dopladebages.com\/es\/wp-json\/wp\/v2\/pages\/22130","targetHints":{"allow":["GET"]}}],"collection":[{"href":"https:\/\/dopladebages.com\/es\/wp-json\/wp\/v2\/pages"}],"about":[{"href":"https:\/\/dopladebages.com\/es\/wp-json\/wp\/v2\/types\/page"}],"author":[{"embeddable":true,"href":"https:\/\/dopladebages.com\/es\/wp-json\/wp\/v2\/users\/1"}],"replies":[{"embeddable":true,"href":"https:\/\/dopladebages.com\/es\/wp-json\/wp\/v2\/comments?post=22130"}],"version-history":[{"count":0,"href":"https:\/\/dopladebages.com\/es\/wp-json\/wp\/v2\/pages\/22130\/revisions"}],"wp:attachment":[{"href":"https:\/\/dopladebages.com\/es\/wp-json\/wp\/v2\/media?parent=22130"}],"curies":[{"name":"wp","href":"https:\/\/api.w.org\/{rel}","templated":true}]}}