{"id":22117,"date":"2021-04-08T11:23:20","date_gmt":"2021-04-08T09:23:20","guid":{"rendered":"https:\/\/dopladebages.com\/suelo-y-clima\/"},"modified":"2023-02-22T09:46:49","modified_gmt":"2023-02-22T08:46:49","slug":"suelo-y-clima","status":"publish","type":"page","link":"https:\/\/dopladebages.com\/es\/suelo-y-clima\/","title":{"rendered":"Suelo y clima"},"content":{"rendered":"<div class=\"wpb-content-wrapper\"><p>[vc_row css_animation=\u00bb\u00bb row_type=\u00bbrow\u00bb use_row_as_full_screen_section=\u00bbno\u00bb type=\u00bbfull_width\u00bb angled_section=\u00bbno\u00bb text_align=\u00bbleft\u00bb background_image_as_pattern=\u00bbwithout_pattern\u00bb][vc_column][vc_column_text]<\/p>\n<h2 style=\"text-align: center;\">SUELO Y CLIMA<\/h2>\n<p>[\/vc_column_text][vc_separator type=\u00bbsmall\u00bb position=\u00bbcenter\u00bb up=\u00bb20&#8243; down=\u00bb40&#8243;][\/vc_column][\/vc_row][vc_row css_animation=\u00bb\u00bb row_type=\u00bbrow\u00bb use_row_as_full_screen_section=\u00bbno\u00bb type=\u00bbfull_width\u00bb angled_section=\u00bbno\u00bb text_align=\u00bbleft\u00bb background_image_as_pattern=\u00bbwithout_pattern\u00bb][vc_column width=\u00bb2\/3&#8243;][vc_single_image image=\u00bb19587&#8243; img_size=\u00bbfull\u00bb qode_css_animation=\u00bbelement_from_fade\u00bb transition_delay=\u00bb0.3&#8243;][\/vc_column][vc_column width=\u00bb1\/3&#8243;][vc_column_text]<\/p>\n<p class=\"justificat nms mi2\">Dentro de un clima continental mediterr\u00e1neo de media monta\u00f1a, el Bages tiene las condiciones ideales para el cultivo de vid: un microclima excepcional, bajas precipitaciones  y una fuerte oscilaci\u00f3n t\u00e9rmica, adem\u00e1s de un suelo arcilloso y calc\u00e1reo.<\/p>\n<p>&nbsp;<\/p>\n<p class=\"justificat nms mi2\">Sus vinos quedan impregnados de notas bals\u00e1micas de lavanda, tomillo y romero. Estas plantas arom\u00e1ticas pueblan los bosques de pinos, robles y encinas que rodean los vi\u00f1edos.<\/p>\n<p>&nbsp;<\/p>\n<blockquote>\n<h4>Estas peculiaridades hacen de las Bages una zona \u00f3ptima para la obtenci\u00f3n de vinos de gran identidad.<\/h4>\n<\/blockquote>\n<div class=\"c1\">\n<p class=\"nm\">\n<\/div>\n<p>[\/vc_column_text][\/vc_column][\/vc_row][vc_row css_animation=\u00bb\u00bb row_type=\u00bbrow\u00bb use_row_as_full_screen_section=\u00bbno\u00bb type=\u00bbfull_width\u00bb angled_section=\u00bbno\u00bb text_align=\u00bbleft\u00bb background_image_as_pattern=\u00bbwithout_pattern\u00bb][vc_column][vc_empty_space height=\u00bb50px\u00bb][\/vc_column][\/vc_row]<\/p>\n<\/div>","protected":false},"excerpt":{"rendered":"<p>[vc_row css_animation=\u00bb\u00bb row_type=\u00bbrow\u00bb use_row_as_full_screen_section=\u00bbno\u00bb type=\u00bbfull_width\u00bb angled_section=\u00bbno\u00bb text_align=\u00bbleft\u00bb background_image_as_pattern=\u00bbwithout_pattern\u00bb][vc_column][vc_column_text] SUELO Y CLIMA [\/vc_column_text][vc_separator type=\u00bbsmall\u00bb position=\u00bbcenter\u00bb up=\u00bb20&#8243; down=\u00bb40&#8243;][\/vc_column][\/vc_row][vc_row css_animation=\u00bb\u00bb row_type=\u00bbrow\u00bb use_row_as_full_screen_section=\u00bbno\u00bb type=\u00bbfull_width\u00bb angled_section=\u00bbno\u00bb text_align=\u00bbleft\u00bb background_image_as_pattern=\u00bbwithout_pattern\u00bb][vc_column width=\u00bb2\/3&#8243;][vc_single_image image=\u00bb19587&#8243; img_size=\u00bbfull\u00bb qode_css_animation=\u00bbelement_from_fade\u00bb transition_delay=\u00bb0.3&#8243;][\/vc_column][vc_column width=\u00bb1\/3&#8243;][vc_column_text] Dentro de un clima continental mediterr\u00e1neo de media monta\u00f1a, el Bages tiene las condiciones ideales para&#8230;<\/p>\n","protected":false},"author":1,"featured_media":0,"parent":0,"menu_order":0,"comment_status":"closed","ping_status":"closed","template":"","meta":{"_monsterinsights_skip_tracking":false,"_monsterinsights_sitenote_active":false,"_monsterinsights_sitenote_note":"","_monsterinsights_sitenote_category":0,"footnotes":""},"class_list":["post-22117","page","type-page","status-publish","hentry"],"_links":{"self":[{"href":"https:\/\/dopladebages.com\/es\/wp-json\/wp\/v2\/pages\/22117","targetHints":{"allow":["GET"]}}],"collection":[{"href":"https:\/\/dopladebages.com\/es\/wp-json\/wp\/v2\/pages"}],"about":[{"href":"https:\/\/dopladebages.com\/es\/wp-json\/wp\/v2\/types\/page"}],"author":[{"embeddable":true,"href":"https:\/\/dopladebages.com\/es\/wp-json\/wp\/v2\/users\/1"}],"replies":[{"embeddable":true,"href":"https:\/\/dopladebages.com\/es\/wp-json\/wp\/v2\/comments?post=22117"}],"version-history":[{"count":0,"href":"https:\/\/dopladebages.com\/es\/wp-json\/wp\/v2\/pages\/22117\/revisions"}],"wp:attachment":[{"href":"https:\/\/dopladebages.com\/es\/wp-json\/wp\/v2\/media?parent=22117"}],"curies":[{"name":"wp","href":"https:\/\/api.w.org\/{rel}","templated":true}]}}