{"id":25878,"date":"2018-11-02T11:16:12","date_gmt":"2018-11-02T09:16:12","guid":{"rendered":"https:\/\/dopladebages.com\/politica-de-privadesa\/"},"modified":"2026-02-27T11:06:28","modified_gmt":"2026-02-27T10:06:28","slug":"privacy-policy","status":"publish","type":"page","link":"https:\/\/dopladebages.com\/en\/privacy-policy\/","title":{"rendered":"Pol\u00edtica de privacitat"},"content":{"rendered":"<div class=\"wpb-content-wrapper\"><p>[vc_row css_animation=&#8221;&#8221; row_type=&#8221;row&#8221; use_row_as_full_screen_section=&#8221;no&#8221; type=&#8221;full_width&#8221; angled_section=&#8221;no&#8221; text_align=&#8221;left&#8221; background_image_as_pattern=&#8221;without_pattern&#8221;][vc_column][vc_column_text]<\/p>\n<h2>Pol\u00edtica de privacitat<\/h2>\n<p>[\/vc_column_text][vc_empty_space][\/vc_column][\/vc_row][vc_row css_animation=&#8221;&#8221; row_type=&#8221;row&#8221; use_row_as_full_screen_section=&#8221;no&#8221; type=&#8221;full_width&#8221; angled_section=&#8221;no&#8221; text_align=&#8221;left&#8221; background_image_as_pattern=&#8221;without_pattern&#8221; css=&#8221;.vc_custom_1629788447116{padding-bottom: 75px !important;}&#8221; z_index=&#8221;&#8221;][vc_column][vc_column_text]L&#8217;objecte d&#8217;aquesta pol\u00edtica \u00e9s regular el tractament de dades que realitza el Consell Regulador de la Denominaci\u00f3 d&#8217;Origen Pla de Bages de les dades que pugui recollir en el seu portal web.<\/p>\n<p>&nbsp;<\/p>\n<p><strong>MARC NORMATIU<\/strong><\/p>\n<p>La gesti\u00f3 de la protecci\u00f3 de dades per part del Consell Regulador de la DO Pla de Bages es fonamenta en el marc jur\u00eddic seg\u00fcent:<\/p>\n<ul>\n<li><a href=\"http:\/\/apdcat.gencat.cat\/web\/.content\/03-documentacio\/Reglament_general_de_proteccio_de_dades\/3132.pdf\" rel=\"external\" rel=\"noopener\">Reglament 2016\/679 del Parlament Europeu i del Consell de 27 d\u2019abril de 2016, relatiu a la protecci\u00f3 de les persones f\u00edsiques pel que fa al tractament de dades personals i a la lliure circulaci\u00f3 d\u2019aquestes dades, i pel qual es deroga la Directiva 95\/46\/CE<\/a><\/li>\n<li><a href=\"https:\/\/www.boe.es\/boe_catalan\/dias\/2018\/12\/06\/pdfs\/BOE-A-2018-16673-C.pdf\" rel=\"external\" rel=\"noopener\">Llei org\u00e0nica 3\/2018, de 5 de desembre, de protecci\u00f3 de dades personals i garantia dels drets digitals.<\/a><\/li>\n<\/ul>\n<p>&nbsp;<\/p>\n<p><strong>IDENTITAT DEL RESPONSABLE DE TRACTAMENT<\/strong><\/p>\n<p>El responsable del tractament de les dades personals recollides als portals web corporatius de www.dopladebages.com \u00e9s:<\/p>\n<p>CONSELL REGULADOR DE LA DENOMINACI\u00d3 D&#8217;ORIGEN PLA DE BAGES<\/p>\n<p>Casa de la Culla, C\/ de la Culla, s\/n<\/p>\n<p>08243 Manresa (Barcelona)<\/p>\n<p>CIF: V61000915<\/p>\n<p>&nbsp;<\/p>\n<p><strong>FINALITAT DELS TRACTAMENTS DE LES DADES<\/strong><\/p>\n<p>Les dades subministrades al Consell Regulador de la DO Pla de Bages per diferents mitjans, formularis de contacte, enquestes o procediments utilitzats durant la recollida es realitza d&#8217;acord amb la legislaci\u00f3 vigent en mat\u00e8ria de protecci\u00f3 de dades i amb l&#8217;\u00fanica finalitat de prestar el servei que es sol\u00b7licita.<\/p>\n<p>En cadascun d&#8217;aquests mitjans informem detalladament de la finalitat del tractament de les dades que es duen a terme \u00fanicament i exclusivament si s&#8217;ha autoritzat aquest tractament.<\/p>\n<p>A continuaci\u00f3 es detalla la informaci\u00f3 relativa a les diferents finalitats per a les quals podem recollir les seves dades.<\/p>\n<ul>\n<li><strong>Subscripcions:\u00a0<\/strong>Es remetr\u00e0 informaci\u00f3 dels serveis i activitats de l&#8217;Ajuntament. Les dades no seran cedides a tercers.<\/li>\n<li><strong>Activitats:\u00a0<\/strong>Tractarem les dades per a la gesti\u00f3 de les activitats, cursos, tallers&#8230; organitzats pel Consell Regulador de la DO Pla de Bages. Les dades no seran cedides a tercers.<\/li>\n<li><strong>B\u00fastia de contacte, queixes o suggeriments:\u00a0<\/strong>Tractarem les dades per contestar les diferents sol\u00b7licituds, q\u00fcestions o dubtes plantejats. Les dades no seran cedides a tercers.<\/li>\n<\/ul>\n<p>En qualsevol cas el temps de conservaci\u00f3 de les seves dades vindr\u00e0 delimitat pel servei que sol\u00b7liciti.<\/p>\n<p>\u00danicament es tractaran les dades que hagi lliurat per a la finalitat que se es va informar i es va autoritzar. No es realitza tractament per part de tercers de les dades i no se cediran les dades a tercers excepte que s&#8217;hagi autoritzat expressament o hagi una habilitaci\u00f3 legal.<\/p>\n<p>La base legal per al tractament de les seves dades \u00e9s l&#8217;execuci\u00f3 de les compet\u00e8ncies del Consell Regulador de la DO Pla de Bages i portar a terme els serveis que ens ha sol\u00b7licitat.<\/p>\n<p>En cap cas es duran a terme decisions automatitzades a partir de les seves dades.<\/p>\n<p>L&#8217;usuari subministra les seves dades de forma volunt\u00e0ria en tot moment i essent informat de l&#8217;\u00fas i el tractament que se&#8217;n fa. Tota la informaci\u00f3 que facilita l&#8217;usuari ha de ser vera\u00e7. L&#8217;usuari \u00e9s l&#8217;\u00fanic responsable de les manifestacions falses o inexactes que realitzi i del perjudicis que causi al Consell Regulador de la DO Pla de Bages o a tercers. El Consell Regulador de la DO Pla de Bages es reserva el dret a excloure dels serveis a tot usuari que hagi facilitat dades falses, sense perjudici de les altres accions que procedeixin en Dret.<\/p>\n<p>&nbsp;<\/p>\n<p><strong>DRETS DELS AFECTATS<\/strong><\/p>\n<p>En qualsevol moment es podr\u00e0 sol\u00b7licitar i obtenir informaci\u00f3 de com i per a qu\u00e8 l\u2019Ajuntament est\u00e0 tractant les dades:<\/p>\n<ul>\n<li><strong>Accedir<\/strong>\u00a0a les dades: sol\u00b7licitar quines dades t\u00e9 l\u2019Ajuntament i quin \u00fas es fa, i exercir el dret de portabilitat, si s\u2019escau.<\/li>\n<li><strong>Rectificar<\/strong>\u00a0les dades: sol\u00b7licitar la modificaci\u00f3 o rectificaci\u00f3 de les dades inexactes.<\/li>\n<li><strong>Suprimir<\/strong>\u00a0les dades: sol\u00b7licitar que les dades siguin eliminades i no es faci tractament d&#8217;elles, fora del que la normativa exigeixi conservar.<\/li>\n<li><strong>Limitar<\/strong>\u00a0el tractament: sol\u00b7licitar un \u00fas restringit de les dades d\u2019acord amb els seus requeriments.<\/li>\n<li><strong>Oposar-se<\/strong>\u00a0a un tractament: que no es faci un \u00fas concret de les dades, fora del que la normativa exigeixi<br \/>\nPer aix\u00f2 es pot dirigir un escrit indicant quin dret es vol exercir (Acc\u00e9s, Rectificaci\u00f3, Supressi\u00f3, Oposici\u00f3 o Portabilitat de les dades) per correu electr\u00f2nic a info@dopladebages.com o b\u00e9 presencialment o correu postal a la Casa de la Culla, C\/ de la Culla, s\/n, 08243 Manresa (Barcelona).<\/li>\n<\/ul>\n<p>[\/vc_column_text][\/vc_column][\/vc_row]<\/p>\n<\/div>","protected":false},"excerpt":{"rendered":"<p>[vc_row css_animation=&#8221;&#8221; row_type=&#8221;row&#8221; use_row_as_full_screen_section=&#8221;no&#8221; type=&#8221;full_width&#8221; angled_section=&#8221;no&#8221; text_align=&#8221;left&#8221; background_image_as_pattern=&#8221;without_pattern&#8221;][vc_column][vc_column_text] Pol\u00edtica de privacitat [\/vc_column_text][vc_empty_space][\/vc_column][\/vc_row][vc_row css_animation=&#8221;&#8221; row_type=&#8221;row&#8221; use_row_as_full_screen_section=&#8221;no&#8221; type=&#8221;full_width&#8221; angled_section=&#8221;no&#8221; text_align=&#8221;left&#8221; background_image_as_pattern=&#8221;without_pattern&#8221; css=&#8221;.vc_custom_1629788447116{padding-bottom: 75px !important;}&#8221; z_index=&#8221;&#8221;][vc_column][vc_column_text]L&#8217;objecte d&#8217;aquesta pol\u00edtica \u00e9s regular el tractament de dades que realitza el Consell Regulador de la Denominaci\u00f3 d&#8217;Origen Pla de Bages de les&#8230;<\/p>\n","protected":false},"author":1,"featured_media":0,"parent":0,"menu_order":0,"comment_status":"closed","ping_status":"closed","template":"","meta":{"_monsterinsights_skip_tracking":false,"_monsterinsights_sitenote_active":false,"_monsterinsights_sitenote_note":"","_monsterinsights_sitenote_category":0,"footnotes":""},"class_list":["post-25878","page","type-page","status-publish","hentry"],"_links":{"self":[{"href":"https:\/\/dopladebages.com\/en\/wp-json\/wp\/v2\/pages\/25878","targetHints":{"allow":["GET"]}}],"collection":[{"href":"https:\/\/dopladebages.com\/en\/wp-json\/wp\/v2\/pages"}],"about":[{"href":"https:\/\/dopladebages.com\/en\/wp-json\/wp\/v2\/types\/page"}],"author":[{"embeddable":true,"href":"https:\/\/dopladebages.com\/en\/wp-json\/wp\/v2\/users\/1"}],"replies":[{"embeddable":true,"href":"https:\/\/dopladebages.com\/en\/wp-json\/wp\/v2\/comments?post=25878"}],"version-history":[{"count":1,"href":"https:\/\/dopladebages.com\/en\/wp-json\/wp\/v2\/pages\/25878\/revisions"}],"predecessor-version":[{"id":25884,"href":"https:\/\/dopladebages.com\/en\/wp-json\/wp\/v2\/pages\/25878\/revisions\/25884"}],"wp:attachment":[{"href":"https:\/\/dopladebages.com\/en\/wp-json\/wp\/v2\/media?parent=25878"}],"curies":[{"name":"wp","href":"https:\/\/api.w.org\/{rel}","templated":true}]}}