{"id":25876,"date":"2021-07-09T10:47:55","date_gmt":"2021-07-09T08:47:55","guid":{"rendered":"https:\/\/dopladebages.com\/avis-legal\/"},"modified":"2026-02-27T11:06:25","modified_gmt":"2026-02-27T10:06:25","slug":"legal-notice","status":"publish","type":"page","link":"https:\/\/dopladebages.com\/en\/legal-notice\/","title":{"rendered":"Av\u00eds Legal"},"content":{"rendered":"<div class=\"wpb-content-wrapper\"><p>[vc_row css_animation=&#8221;&#8221; row_type=&#8221;row&#8221; use_row_as_full_screen_section=&#8221;no&#8221; type=&#8221;full_width&#8221; angled_section=&#8221;no&#8221; text_align=&#8221;left&#8221; background_image_as_pattern=&#8221;without_pattern&#8221;][vc_column][vc_column_text]<\/p>\n<h2>Av\u00eds legal<\/h2>\n<p>[\/vc_column_text][vc_empty_space][\/vc_column][\/vc_row][vc_row css_animation=&#8221;&#8221; row_type=&#8221;row&#8221; use_row_as_full_screen_section=&#8221;no&#8221; type=&#8221;full_width&#8221; angled_section=&#8221;no&#8221; text_align=&#8221;left&#8221; background_image_as_pattern=&#8221;without_pattern&#8221; css=&#8221;.vc_custom_1625820507385{margin-bottom: 75px !important;}&#8221; z_index=&#8221;&#8221;][vc_column][vc_column_text]<strong>CONDICIONS D\u2019\u00daS<\/strong><\/p>\n<p>En compliment de la Llei 34\/2002, de l\u201911 de juliol, de serveis de la societat de la informaci\u00f3 i de comer\u00e7 electr\u00f2nic, el Consell Regulador de la Denominaci\u00f3 d\u2019Origen Pla de Bages informa que \u00e9s titular del website www.dopladebages.com. D\u2019acord amb l\u2019exig\u00e8ncia de l\u2019article 10 de l\u2019esmentada Llei, el Consell Regulador de la Denominaci\u00f3 d\u2019Origen Pla de Bages informa de les seg\u00fcents dades: Consell Regulador de la Denominaci\u00f3 d\u2019Origen Pla de Bages, amb CIF V61000915, i domicili social a Casa de la Culla, Carrer de la Culla s\/n, 08243, Barcelona. L\u2019adre\u00e7a de correu electr\u00f2nic de contacte amb l\u2019entitat \u00e9s info@dopladebages.com.<\/p>\n<p>&nbsp;<\/p>\n<p><strong>USUARI I R\u00c8GIM DE RESPONSABILITATS<\/strong><\/p>\n<p>La navegaci\u00f3, acc\u00e9s i \u00fas del lloc web del Consell Regulador de la Denominaci\u00f3 d\u2019Origen Pla de Bages confereix la condici\u00f3 d\u2019usuari, per la qual s\u2019accepten, des de la navegaci\u00f3 per les p\u00e0gines del Consell Regulador de la Denominaci\u00f3 d\u2019Origen Pla de Bages, totes les condicions d\u2019\u00fas aqu\u00ed establertes sense perjudici de l\u2019aplicaci\u00f3 de la corresponent normativa d\u2019obligat compliment legal segons el cas. Les p\u00e0gines web Consell Regulador de la Denominaci\u00f3 d\u2019Origen Pla de Bages proporcionen gran diversitat d\u2019informaci\u00f3, serveis i dades. L\u2019usuari assumeix la seva responsabilitat en l\u2019\u00fas correcte del website. Aquesta responsabilitat s\u2019estendr\u00e0 a:<\/p>\n<p>La veracitat i licitud de les informacions aportades per l\u2019usuari en els formularis facilitats per Consell Regulador de la Denominaci\u00f3 d\u2019Origen Pla de Bages per a l\u2019acc\u00e9s a determinats continguts o serveis oferts per les webs. Tamb\u00e9 ser\u00e0 responsable de l\u2019\u00fas donat a les claus d\u2019acc\u00e9s que hagi obtingut omplint els formularis esmentats.<\/p>\n<p>L\u2019\u00fas de la informaci\u00f3, serveis i dades ofertes per Consell Regulador de la Denominaci\u00f3 d\u2019Origen Pla de Bages contr\u00e0riament a all\u00f2 disposat per les presents condicions, la Llei, la moral, els bons costums o l\u2019ordre p\u00fablic, o que de qualsevol altre forma pugui suposar lesi\u00f3 dels drets de tercers o del mateix funcionament del website.<\/p>\n<p>&nbsp;<\/p>\n<p><strong>POL\u00cdTICA D\u2019ENLLA\u00c7OS I EXEMPCIONS DE RESPONSABILITAT<\/strong><\/p>\n<p>El Consell Regulador de la Denominaci\u00f3 d\u2019Origen Pla de Bages no es fa responsable del contingut de les p\u00e0gines web a les que l\u2019usuari pugui accedir a trav\u00e9s dels enlla\u00e7os establerts en el seu website, i declara que en cap cas procedir\u00e0 a examinar ni exercir\u00e0 cap tipus de control sobre el contingut d\u2019altres p\u00e0gines de la xarxa. Aix\u00ed mateix, tampoc germanizar\u00e1 la disponibilitat t\u00e8cnica, exactitud, veracitat, validesa o legalitat de p\u00e0gines alienes a la seva propietat a les que es pugui accedir per mitj\u00e0 dels enlla\u00e7os.<\/p>\n<p>El Consell Regulador de la Denominaci\u00f3 d\u2019Origen Pla de Bages declara haver adoptat totes les mesures necess\u00e0ries per evitar qualsevol dany als usuaris del seu website derivat de la navegaci\u00f3 per les seves p\u00e0gines web. En conseq\u00fc\u00e8ncia, el Consell Regulador de la Denominaci\u00f3 d\u2019Origen Pla de Bages no es fa responsable, en cap cas, dels eventuals danys que pogu\u00e9s patir l\u2019usuari a causa de la navegaci\u00f3 per Internet.<\/p>\n<p>&nbsp;<\/p>\n<p><strong>\u00a0<\/strong><strong>MODIFICACIONS<\/strong><\/p>\n<p>El Consell Regulador de la Denominaci\u00f3 d\u2019Origen Pla de Bages es reserva el dret de realitzar les modificacions que consideri oportunes, sense previ av\u00eds, en el contingut del seu website. Tant pel que fa als continguts de la website, com a les seves condicions d\u2019\u00fas o a les condicions generals de contractaci\u00f3. Aquestes modificacions podran realitzar-se, a trav\u00e9s del seu website, de qualsevol forma admesa en dret, i seran d\u2019obligat compliment durant el temps que es trobin publicades en la web i fins que no siguin modificades v\u00e0lidament per altres posteriors.<\/p>\n<p>&nbsp;<\/p>\n<p><strong>RESERVA DE COOKIES<\/strong><\/p>\n<p>El Consell Regulador de la Denominaci\u00f3 d\u2019Origen Pla de Bages es reserva el dret d\u2019utilitzar cookies en la navegaci\u00f3 de l\u2019usuari per les seves websites per facilitar la personalitzaci\u00f3 i comoditat de la navegaci\u00f3. Seguint la pol\u00edtica de protecci\u00f3 de dades de l\u2019entitat, el Consell Regulador de la Denominaci\u00f3 d\u2019Origen Pla de Bages informa que les cookies s\u2019associen a l\u2019usuari an\u00f2nim i al seu ordinador, i no proporcionen per si el nom i cognoms de l\u2019usuari. L\u2019usuari t\u00e9 la possibilitat de configurar el seu navegador perqu\u00e8 se li informi de la recepci\u00f3 de cookies, i pot, si aix\u00ed ho desitja, impedir que s\u2019instal\u00b7lin al seu disc dur. No obstant, per l\u2019acc\u00e9s al website el Consell Regulador de la Denominaci\u00f3 d\u2019Origen Pla de Bages no ser\u00e0 preceptiva la instal\u00b7laci\u00f3 de cookies.<\/p>\n<p>&nbsp;<\/p>\n<p><strong>PROTECCI\u00d3 DE DADES<\/strong><\/p>\n<p>De conformitat amb el que estableix la Llei Org\u00e0nica 15\/1999 de Protecci\u00f3 de Dades de Car\u00e0cter Personal, el Consell Regulador de la Denominaci\u00f3 d\u2019Origen Pla de Bages informa als usuaris de les seves websites que les dades personals obtingudes per l\u2019entitat mitjan\u00e7ant els formularis facilitats a les seves p\u00e0gines, s\u2019introduiran en un fitxer automatitzat sota la responsabilitat del Consell Regulador de la Denominaci\u00f3 d\u2019Origen Pla de Bages, amb la finalitat de poder facilitar, agilitzar i complir els compromisos establerts entre ambdues parts. Aix\u00ed mateix, el Consell Regulador de la Denominaci\u00f3 d\u2019Origen Pla de Bages informa de la possibilitat d\u2019exercir els drets d\u2019acc\u00e9s, cancel\u00b7laci\u00f3, rectificaci\u00f3 i oposici\u00f3 escrivint a l\u2019adre\u00e7a: Casa de la Culla, Carrer de la Culla s\/n, 08243, Barcelona. Si en el per\u00edode de 30 dies no ens comunica el contrari, entendrem que les seves dades no han estat modificades, que vost\u00e8 es compromet a notificar-nos qualsevol variaci\u00f3 i que tenim el consentiment per utilitzar-los a fi de poder fidelitzar la relaci\u00f3 entre les parts.<\/p>\n<p>&nbsp;<\/p>\n<p><strong>PROPIETAT INTEL\u00b7LECTUAL<\/strong><\/p>\n<p>Els drets de propietat intel\u00b7lectual i industrial derivats de tots els textos i imatges, aix\u00ed com dels mitjans i formes de presentaci\u00f3 i muntatge de les seves p\u00e0gines, pertanyen, per si o com a cession\u00e0ria, al Consell Regulador de la Denominaci\u00f3 d\u2019Origen Pla de Bages. Seran, per tant, obres protegides com a propietat intel\u00b7lectual per l\u2019ordenament jur\u00eddic espanyol, i els seran d\u2019aplicaci\u00f3 tant la normativa espanyola i comunit\u00e0ria en aquest camp com els tractats internacionals relatius a la mat\u00e8ria i subscrits per Espanya. Tots els drets reservats. En compliment de la Llei de la Propietat Intel\u00b7lectual, es prohibeix expressament la reproducci\u00f3, distribuci\u00f3, comunicaci\u00f3 p\u00fablica i utilitzaci\u00f3 de la totalitat o de part dels continguts de les seves p\u00e0gines web sense el consentiment expr\u00e9s del Consell Regulador de la Denominaci\u00f3 d\u2019Origen Pla de Bages.<\/p>\n<p>&nbsp;<\/p>\n<p><strong>\u00a0<\/strong><strong>ACCIONS LEGALS, LEGISLACI\u00d3 APLICABLE I JURISDICCI\u00d3<\/strong><\/p>\n<p>El Consell Regulador de la Denominaci\u00f3 d\u2019Origen Pla de Bages es reserva aix\u00ed mateix la facultat de presentar les accions civils o penals que consideri oportunes per la utilitzaci\u00f3 indeguda de les seves p\u00e0gines web i continguts o per l\u2019incompliment de les presents condicions. La relaci\u00f3 entre l\u2019usuari i el Consell Regulador de la Denominaci\u00f3 d\u2019Origen Pla de Bages es regir\u00e0 per la normativa espanyola vigent, i seran competents per decidir sobre qualsevol controv\u00e8rsia que es pogu\u00e9s suscitar entre l\u2019usuari i el Consell Regulador de la Denominaci\u00f3 d\u2019Origen Pla de Bages, els jutjats o tribunals propis de la localitat de Barcelona.[\/vc_column_text][\/vc_column][\/vc_row]<\/p>\n<\/div>","protected":false},"excerpt":{"rendered":"<p>[vc_row css_animation=&#8221;&#8221; row_type=&#8221;row&#8221; use_row_as_full_screen_section=&#8221;no&#8221; type=&#8221;full_width&#8221; angled_section=&#8221;no&#8221; text_align=&#8221;left&#8221; background_image_as_pattern=&#8221;without_pattern&#8221;][vc_column][vc_column_text] Av\u00eds legal [\/vc_column_text][vc_empty_space][\/vc_column][\/vc_row][vc_row css_animation=&#8221;&#8221; row_type=&#8221;row&#8221; use_row_as_full_screen_section=&#8221;no&#8221; type=&#8221;full_width&#8221; angled_section=&#8221;no&#8221; text_align=&#8221;left&#8221; background_image_as_pattern=&#8221;without_pattern&#8221; css=&#8221;.vc_custom_1625820507385{margin-bottom: 75px !important;}&#8221; z_index=&#8221;&#8221;][vc_column][vc_column_text]CONDICIONS D\u2019\u00daS En compliment de la Llei 34\/2002, de l\u201911 de juliol, de serveis de la societat de la informaci\u00f3 i de comer\u00e7 electr\u00f2nic,&#8230;<\/p>\n","protected":false},"author":1,"featured_media":0,"parent":0,"menu_order":0,"comment_status":"closed","ping_status":"closed","template":"","meta":{"_monsterinsights_skip_tracking":false,"_monsterinsights_sitenote_active":false,"_monsterinsights_sitenote_note":"","_monsterinsights_sitenote_category":0,"footnotes":""},"class_list":["post-25876","page","type-page","status-publish","hentry"],"_links":{"self":[{"href":"https:\/\/dopladebages.com\/en\/wp-json\/wp\/v2\/pages\/25876","targetHints":{"allow":["GET"]}}],"collection":[{"href":"https:\/\/dopladebages.com\/en\/wp-json\/wp\/v2\/pages"}],"about":[{"href":"https:\/\/dopladebages.com\/en\/wp-json\/wp\/v2\/types\/page"}],"author":[{"embeddable":true,"href":"https:\/\/dopladebages.com\/en\/wp-json\/wp\/v2\/users\/1"}],"replies":[{"embeddable":true,"href":"https:\/\/dopladebages.com\/en\/wp-json\/wp\/v2\/comments?post=25876"}],"version-history":[{"count":2,"href":"https:\/\/dopladebages.com\/en\/wp-json\/wp\/v2\/pages\/25876\/revisions"}],"predecessor-version":[{"id":25883,"href":"https:\/\/dopladebages.com\/en\/wp-json\/wp\/v2\/pages\/25876\/revisions\/25883"}],"wp:attachment":[{"href":"https:\/\/dopladebages.com\/en\/wp-json\/wp\/v2\/media?parent=25876"}],"curies":[{"name":"wp","href":"https:\/\/api.w.org\/{rel}","templated":true}]}}