{"id":21673,"date":"2020-10-22T15:43:17","date_gmt":"2020-10-22T13:43:17","guid":{"rendered":"https:\/\/dopladebages.com\/wineries\/"},"modified":"2024-02-19T09:10:53","modified_gmt":"2024-02-19T08:10:53","slug":"wineries","status":"publish","type":"page","link":"https:\/\/dopladebages.com\/en\/wineries\/","title":{"rendered":"Wineries"},"content":{"rendered":"<div class=\"wpb-content-wrapper\"><p>[vc_row css_animation=&#8221;&#8221; row_type=&#8221;row&#8221; use_row_as_full_screen_section=&#8221;no&#8221; type=&#8221;grid&#8221; angled_section=&#8221;no&#8221; text_align=&#8221;left&#8221; background_image_as_pattern=&#8221;without_pattern&#8221; background_color=&#8221;#ffffff&#8221; padding_top=&#8221;82&#8243; padding_bottom=&#8221;0&#8243; z_index=&#8221;&#8221;][vc_column css=&#8221;.vc_custom_1552472649063{padding-top: 20px !important;}&#8221;][vc_column_text css=&#8221;.vc_custom_1552472656428{margin-top: 60px !important;}&#8221;]<\/p>\n<h2 style=\"text-align: center;\" data-mce-style=\"text-align: center;\">Wineries<\/h2>\n<p>[\/vc_column_text][vc_separator type=&#8221;small&#8221; position=&#8221;center&#8221; up=&#8221;20&#8243; down=&#8221;20&#8243;][vc_column_text]<\/p>\n<p>The Designation of Origin Pla de Bages groups wineries inherit the long wine-growing tradition of which, in the 19th century, was the region with the most vineyards in Catalonia. These wineries are mostly family holdings, and all of them have their own vineyard. This implies a traditional and very personalized care of the vine which results in the excellent quality of its wines. Currently there are 17 wineries attached to the D.O. Pla de Bages.<\/p>\n<p>[\/vc_column_text][\/vc_column][\/vc_row][vc_row css_animation=&#8221;&#8221; row_type=&#8221;row&#8221; use_row_as_full_screen_section=&#8221;no&#8221; type=&#8221;full_width&#8221; angled_section=&#8221;no&#8221; text_align=&#8221;left&#8221; background_image_as_pattern=&#8221;without_pattern&#8221; background_color=&#8221;#ffffff&#8221; padding_top=&#8221;82&#8243; padding_bottom=&#8221;0&#8243; z_index=&#8221;&#8221;][vc_column css=&#8221;.vc_custom_1552472649063{padding-top: 20px !important;}&#8221;][vc_gmaps link=&#8221;#E-8_JTNDaWZyYW1lJTIwc3JjJTNEJTIyaHR0cHMlM0ElMkYlMkZ3d3cuZ29vZ2xlLmNvbSUyRm1hcHMlMkZkJTJGZW1iZWQlM0ZtaWQlM0QxSFdibS1HdldOVzJwMGhja3lHdTVCbGFPdUR2S2FJWnIlMjZlaGJjJTNEMkUzMTJGJTIyJTIwd2lkdGglM0QlMjI2NDAlMjIlMjBoZWlnaHQlM0QlMjI0ODAlMjIlM0UlM0MlMkZpZnJhbWUlM0U=&#8221; size=&#8221;600&#8243;][vc_separator type=&#8221;transparent&#8221; up=&#8221;10&#8243; down=&#8221;15&#8243;][\/vc_column][\/vc_row][vc_row css_animation=&#8221;&#8221; row_type=&#8221;row&#8221; use_row_as_full_screen_section=&#8221;no&#8221; type=&#8221;grid&#8221; angled_section=&#8221;no&#8221; text_align=&#8221;left&#8221; background_image_as_pattern=&#8221;without_pattern&#8221; padding_top=&#8221;80&#8243; z_index=&#8221;&#8221;][vc_column width=&#8221;1\/4&#8243;][vc_hoverbox image=&#8221;19699&#8243; primary_title=&#8221;Abadal&#8221; primary_title_font_container=&#8221;font_size:12|color:%23ffffff&#8221; hover_title=&#8221;&#8221; hover_title_font_container=&#8221;color:%23ffffff&#8221; shape=&#8221;square&#8221; css_animation=&#8221;none&#8221; primary_title_link=&#8221;|||&#8221; el_class=&#8221;cellers&#8221; hover_title_link=&#8221;url:http%3A%2F%2Fabadal.net|target:%20_blank|&#8221;]<\/p>\n<h4>Wines made with the values \u200b\u200bthat our ancestors have passed on to us: the family, respect for the environment and commitment to the territory.<\/h4>\n<p><\/p>\n<h3 style=\"text-align: center;\" data-mce-style=\"text-align: center;\"><a href=\"https:\/\/dopladebages.com\/en\/celler-abadal\/\" rel=\"external\" rel=\"noopener noreferrer\" data-mce-href=\"https:\/\/dopladebages.com\/en\/celler-abadal\/\">+ info<\/a><\/h3>\n<p>[\/vc_hoverbox][vc_separator type=&#8221;transparent&#8221; up=&#8221;10&#8243; down=&#8221;15&#8243;][vc_hoverbox image=&#8221;20221&#8243; primary_title=&#8221;Celler Sanmart\u00ed&#8221; primary_title_font_container=&#8221;font_size:10|color:%23ffffff&#8221; primary_title_use_theme_fonts=&#8221;yes&#8221; hover_title=&#8221;&#8221; hover_title_font_container=&#8221;color:%23ffffff&#8221; shape=&#8221;square&#8221; css_animation=&#8221;none&#8221; primary_title_link=&#8221;url:http%3A%2F%2Fabadal.net%2Fes%2F|title:%2B%20info|target:%20_blank|&#8221; el_class=&#8221;cellers&#8221; hover_title_link=&#8221;url:http%3A%2F%2Fabadal.net|target:%20_blank|&#8221;]<\/p>\n<h4>A historic winery, renovated and adapted for the production of high quality wines and limited production.<\/h4>\n<p><\/p>\n<h3 style=\"text-align: center;\" data-mce-style=\"text-align: center;\"><a href=\"https:\/\/dopladebages.com\/en\/celler-sanmarti\/\" rel=\"external\" rel=\"noopener noreferrer\" data-mce-href=\"https:\/\/dopladebages.com\/en\/celler-sanmarti\/\">+ info<\/a><\/h3>\n<p>[\/vc_hoverbox][vc_separator type=&#8221;transparent&#8221; up=&#8221;10&#8243; down=&#8221;15&#8243;][vc_hoverbox image=&#8221;19477&#8243; primary_title=&#8221;Fargas Fargas winery&#8221; primary_title_font_container=&#8221;font_size:10|color:%23ffffff&#8221; primary_title_use_theme_fonts=&#8221;yes&#8221; hover_title=&#8221;&#8221; hover_title_font_container=&#8221;color:%23ffffff&#8221; shape=&#8221;square&#8221; css_animation=&#8221;none&#8221; primary_title_link=&#8221;url:http%3A%2F%2Fabadal.net%2Fes%2F|title:%2B%20info|target:%20_blank|&#8221; el_class=&#8221;cellers&#8221; hover_title_link=&#8221;url:http%3A%2F%2Fabadal.net|target:%20_blank|&#8221;]<\/p>\n<h4>A small family business dedicated to the cultivation of the vineyard and the production of its own wines.<\/h4>\n<p><\/p>\n<h3 style=\"text-align: center;\" data-mce-style=\"text-align: center;\"><a href=\"https:\/\/dopladebages.com\/en\/celler-fargas-fargas\/\" rel=\"external\" rel=\"noopener noreferrer\" data-mce-href=\"https:\/\/dopladebages.com\/en\/celler-fargas-fargas\/\">+ info<\/a><\/h3>\n<p>[\/vc_hoverbox][vc_separator type=&#8221;transparent&#8221; up=&#8221;10&#8243; down=&#8221;15&#8243;][vc_hoverbox image=&#8221;23339&#8243; primary_title=&#8221;Mond Obert&#8221; primary_title_font_container=&#8221;font_size:10|color:%23ffffff&#8221; primary_title_use_theme_fonts=&#8221;yes&#8221; hover_title=&#8221;&#8221; hover_title_font_container=&#8221;color:%23ffffff&#8221; shape=&#8221;square&#8221; css_animation=&#8221;none&#8221; primary_title_link=&#8221;url:http%3A%2F%2Fabadal.net%2Fes%2F|title:%2B%20info|target:%20_blank|&#8221; el_class=&#8221;cellers&#8221; hover_title_link=&#8221;url:http%3A%2F%2Fabadal.net|target:%20_blank|&#8221;]<\/p>\n<h4>A winery with a great interest in local varieties and a firm commitment to the environment.<\/h4>\n<p><\/p>\n<h3 style=\"text-align: center;\" data-mce-style=\"text-align: center;\"><a href=\"https:\/\/dopladebages.com\/en\/mas-de-sant-iscle\/\" rel=\"external\" rel=\"noopener noreferrer\" data-mce-href=\"https:\/\/dopladebages.com\/en\/mas-de-sant-iscle\/\">+ info<\/a><\/h3>\n<p>[\/vc_hoverbox][vc_separator type=&#8221;transparent&#8221; up=&#8221;10&#8243; down=&#8221;15&#8243;][vc_hoverbox image=&#8221;19462&#8243; primary_title=&#8221;Gibert Caves &#8221; primary_title_font_container=&#8221;color:%23ffffff&#8221; primary_title_use_theme_fonts=&#8221;yes&#8221; hover_title=&#8221;&#8221; hover_title_font_container=&#8221;color:%23ffffff&#8221; shape=&#8221;square&#8221; css_animation=&#8221;none&#8221; primary_title_link=&#8221;url:http%3A%2F%2Fabadal.net%2Fes%2F|title:%2B%20info|&#8221; el_class=&#8221;cellers&#8221; hover_title_link=&#8221;url:http%3A%2F%2Fabadal.net|target:%20_blank|&#8221;]<\/p>\n<h4>With a three-century precedent in winemaking, Caves Gibert was founded in 1920.<\/h4>\n<p><\/p>\n<h3 style=\"text-align: center;\" data-mce-style=\"text-align: center;\"><a href=\"https:\/\/dopladebages.com\/en\/caves-gibert\/\" rel=\"external\" rel=\"noopener noreferrer\" data-mce-href=\"https:\/\/dopladebages.com\/en\/caves-gibert\/\">+ info<\/a><\/h3>\n<p>[\/vc_hoverbox][\/vc_column][vc_column width=&#8221;1\/4&#8243;][vc_hoverbox image=&#8221;19465&#8243; primary_title=&#8221;Art\u00e9s Cooperative Winery &#8211; Artium&#8221; primary_title_font_container=&#8221;font_size:10|color:%23ffffff&#8221; primary_title_use_theme_fonts=&#8221;yes&#8221; hover_title=&#8221;&#8221; hover_title_font_container=&#8221;color:%23ffffff&#8221; shape=&#8221;square&#8221; css_animation=&#8221;none&#8221; primary_title_link=&#8221;url:http%3A%2F%2Fabadal.net%2Fes%2F|title:%2B%20info|target:%20_blank|&#8221; el_class=&#8221;cellers&#8221; hover_title_link=&#8221;url:http%3A%2F%2Fabadal.net|target:%20_blank|&#8221;]<\/p>\n<h4>A winery with a great interest in local varieties and a firm commitment to the environment.<\/h4>\n<p><\/p>\n<h3 style=\"text-align: center;\" data-mce-style=\"text-align: center;\"><a href=\"https:\/\/dopladebages.com\/en\/celler-cooperatiu-dartes\/\" rel=\"external\" rel=\"noopener noreferrer\" data-mce-href=\"https:\/\/dopladebages.com\/en\/celler-cooperatiu-dartes\/\">+ info<\/a><\/h3>\n<p>[\/vc_hoverbox][vc_separator type=&#8221;transparent&#8221; up=&#8221;10&#8243; down=&#8221;15&#8243;][vc_hoverbox image=&#8221;19522&#8243; primary_title=&#8221;Collbaix El Mol\u00ed&#8221; primary_title_font_container=&#8221;font_size:10|color:%23ffffff&#8221; primary_title_use_theme_fonts=&#8221;yes&#8221; hover_title=&#8221;&#8221; hover_title_font_container=&#8221;color:%23ffffff&#8221; shape=&#8221;square&#8221; css_animation=&#8221;none&#8221; primary_title_link=&#8221;url:http%3A%2F%2Fabadal.net%2Fes%2F|title:%2B%20info|target:%20_blank|&#8221; el_class=&#8221;cellers&#8221; hover_title_link=&#8221;url:http%3A%2F%2Fabadal.net|target:%20_blank|&#8221;]<\/p>\n<h4>Four generations dedicated to the cultivation of the vineyard, initiating a change towards organic production.<\/h4>\n<h4><\/h4>\n<h3 style=\"text-align: center;\" data-mce-style=\"text-align: center;\"><a href=\"https:\/\/dopladebages.com\/en\/celler-el-moli\/\" rel=\"external\" rel=\"noopener noreferrer\" data-mce-href=\"https:\/\/dopladebages.com\/en\/celler-el-moli\/\">+ info<\/a><\/h3>\n<p>[\/vc_hoverbox][vc_separator type=&#8221;transparent&#8221; up=&#8221;10&#8243; down=&#8221;15&#8243;][vc_hoverbox image=&#8221;20128&#8243; primary_title=&#8221;Heretat Oller del Mas&#8221; primary_title_font_container=&#8221;font_size:10|color:%23ffffff&#8221; primary_title_use_theme_fonts=&#8221;yes&#8221; hover_title=&#8221;&#8221; hover_title_font_container=&#8221;color:%23ffffff&#8221; shape=&#8221;square&#8221; css_animation=&#8221;none&#8221; primary_title_link=&#8221;url:http%3A%2F%2Fabadal.net%2Fes%2F|title:%2B%20info|target:%20_blank|&#8221; el_class=&#8221;cellers&#8221; hover_title_link=&#8221;url:http%3A%2F%2Fabadal.net|target:%20_blank|&#8221;]<\/p>\n<h4 style=\"text-align: left;\" data-mce-style=\"text-align: left;\">Wines made with the values \u200b\u200bthat our ancestors have passed on to us: the family, respect for the environment and commitment to the territory.<\/h4>\n<h3 style=\"text-align: center;\" data-mce-style=\"text-align: center;\"><a href=\"https:\/\/dopladebages.com\/en\/heretat-oller-del-mas\/\" rel=\"external\" rel=\"noopener noreferrer\" data-mce-href=\"https:\/\/dopladebages.com\/en\/heretat-oller-del-mas\/\">+ info<\/a><\/h3>\n<p>[\/vc_hoverbox][vc_separator type=&#8221;transparent&#8221; up=&#8221;10&#8243; down=&#8221;15&#8243;][vc_hoverbox image=&#8221;19753&#8243; primary_title=&#8221;Celler Sant Miquel d&apos;Ol\u00f3&#8221; primary_title_font_container=&#8221;font_size:10|color:%23ffffff&#8221; primary_title_use_theme_fonts=&#8221;yes&#8221; hover_title=&#8221;&#8221; hover_title_font_container=&#8221;color:%23ffffff&#8221; shape=&#8221;square&#8221; css_animation=&#8221;none&#8221; primary_title_link=&#8221;url:http%3A%2F%2Fabadal.net%2Fes%2F|title:%2B%20info|target:%20_blank|&#8221; el_class=&#8221;cellers&#8221; hover_title_link=&#8221;url:http%3A%2F%2Fabadal.net|target:%20_blank|&#8221;]<\/p>\n<div class=\"wpb_text_column wpb_content_element \">\n<div class=\"wpb_wrapper\">\n<h4>A small modern winery that makes artisanal and contemporary wines.<\/h4>\n<\/div>\n<\/div>\n<p><\/p>\n<h3 style=\"text-align: center;\" data-mce-style=\"text-align: center;\"><a href=\"https:\/\/dopladebages.com\/en\/santmiqueldolo\/\" rel=\"external\" rel=\"noopener noreferrer\" data-mce-href=\"https:\/\/dopladebages.com\/en\/santmiqueldolo\/\">+ info<\/a><\/h3>\n<p>[\/vc_hoverbox][vc_separator type=&#8221;transparent&#8221; up=&#8221;10&#8243; down=&#8221;15&#8243;][vc_hoverbox image=&#8221;20581&#8243; primary_title=&#8221;Winemakers without a winery&#8221; primary_title_font_container=&#8221;font_size:10|color:%23ffffff&#8221; primary_title_use_theme_fonts=&#8221;yes&#8221; hover_title=&#8221;&#8221; hover_title_font_container=&#8221;color:%23ffffff&#8221; shape=&#8221;square&#8221; css_animation=&#8221;none&#8221; primary_title_link=&#8221;url:http%3A%2F%2Fabadal.net%2Fes%2F|title:%2B%20info|target:%20_blank|&#8221; el_class=&#8221;cellers&#8221; hover_title_link=&#8221;url:http%3A%2F%2Fabadal.net|target:%20_blank|&#8221;]<\/p>\n<h4>La diferenta<\/h4>\n<h4>Murallius<\/h4>\n<h4>Vinyes de Castellgal\u00ed<\/h4>\n<h4>Urpina<\/h4>\n<h4>Jaia<\/h4>\n<h3 style=\"text-align: center;\" data-mce-style=\"text-align: center;\"><a href=\"https:\/\/dopladebages.com\/en\/projectes-de-viticultors-sense-celler\/\" rel=\"external\" rel=\"noopener noreferrer\" data-mce-href=\"https:\/\/dopladebages.com\/en\/projectes-de-viticultors-sense-celler\/\">+ info<\/a><\/h3>\n<p>[\/vc_hoverbox][\/vc_column][vc_column width=&#8221;1\/4&#8243;][vc_hoverbox image=&#8221;20323&#8243; primary_title=&#8221;Grau i Grau&#8221; primary_title_font_container=&#8221;font_size:10|color:%23ffffff&#8221; primary_title_use_theme_fonts=&#8221;yes&#8221; hover_title=&#8221;&#8221; hover_title_font_container=&#8221;color:%23ffffff&#8221; shape=&#8221;square&#8221; css_animation=&#8221;none&#8221; primary_title_link=&#8221;url:http%3A%2F%2Fabadal.net%2Fes%2F|title:%2B%20info|target:%20_blank|&#8221; el_class=&#8221;cellers&#8221; hover_title_link=&#8221;url:http%3A%2F%2Fabadal.net|target:%20_blank|&#8221;]<\/p>\n<h4>Passion for wines since 1885, dedicating all the effort to achieve the best of each harvest.<\/h4>\n<p><\/p>\n<h3 style=\"text-align: center;\" data-mce-style=\"text-align: center;\"><a href=\"https:\/\/dopladebages.com\/en\/celler-grau-i-grau\/\" rel=\"external\" rel=\"noopener noreferrer\" data-mce-href=\"https:\/\/dopladebages.com\/en\/celler-grau-i-grau\/\">+ info<\/a><\/h3>\n<p>[\/vc_hoverbox][vc_separator type=&#8221;transparent&#8221; up=&#8221;10&#8243; down=&#8221;15&#8243;][vc_hoverbox image=&#8221;22956&#8243; primary_title=&#8221;Entrebosc&#8221; primary_title_font_container=&#8221;font_size:10|color:%23ffffff&#8221; primary_title_use_theme_fonts=&#8221;yes&#8221; hover_title=&#8221;&#8221; hover_title_font_container=&#8221;color:%23ffffff&#8221; shape=&#8221;square&#8221; css_animation=&#8221;none&#8221; primary_title_link=&#8221;url:http%3A%2F%2Fabadal.net%2Fes%2F|title:%2B%20info|target:%20_blank|&#8221; el_class=&#8221;cellers&#8221; hover_title_link=&#8221;url:http%3A%2F%2Fabadal.net|target:%20_blank|&#8221;]<\/p>\n<h4>They work the land with care and precision to make micro-productions with ecological awareness and minimal intervention.<\/h4>\n<h3 style=\"text-align: center;\" data-mce-style=\"text-align: center;\"><a href=\"\/?page_id=22961\" data-mce-href=\"https:\/\/dopladebages.com\/entrebosc\/\">+ info<\/a><\/h3>\n<p>[\/vc_hoverbox][vc_separator type=&#8221;transparent&#8221; up=&#8221;10&#8243; down=&#8221;15&#8243;][vc_hoverbox image=&#8221;19756&#8243; primary_title=&#8221;Les Ac\u00e0cies winery&#8221; primary_title_font_container=&#8221;font_size:10|color:%23ffffff&#8221; primary_title_use_theme_fonts=&#8221;yes&#8221; hover_title=&#8221;&#8221; hover_title_font_container=&#8221;color:%23ffffff&#8221; shape=&#8221;square&#8221; css_animation=&#8221;none&#8221; primary_title_link=&#8221;url:http%3A%2F%2Fabadal.net%2Fes%2F|title:%2B%20info|target:%20_blank|&#8221; el_class=&#8221;cellers&#8221; hover_title_link=&#8221;url:http%3A%2F%2Fabadal.net|target:%20_blank|&#8221;]<\/p>\n<h4>We make wines for the pleasure of reflecting the spirit of a wine-growing land that has been making wine for a thousand years.<\/h4>\n<h3 style=\"text-align: center;\" data-mce-style=\"text-align: center;\"><a href=\"https:\/\/dopladebages.com\/en\/celler-les-acacies\/\" rel=\"external\" rel=\"noopener noreferrer\" data-mce-href=\"https:\/\/dopladebages.com\/en\/celler-les-acacies\/\">+ info<\/a><\/h3>\n<p>[\/vc_hoverbox][vc_separator type=&#8221;transparent&#8221; up=&#8221;10&#8243; down=&#8221;15&#8243;][vc_hoverbox image=&#8221;19831&#8243; primary_title=&#8221;Solergibert winery&#8221; primary_title_font_container=&#8221;font_size:10|color:%23ffffff&#8221; primary_title_use_theme_fonts=&#8221;yes&#8221; hover_title=&#8221;&#8221; hover_title_font_container=&#8221;color:%23ffffff&#8221; shape=&#8221;square&#8221; css_animation=&#8221;none&#8221; primary_title_link=&#8221;url:http%3A%2F%2Fabadal.net%2Fes%2F|title:%2B%20info|target:%20_blank|&#8221; el_class=&#8221;cellers&#8221; hover_title_link=&#8221;url:http%3A%2F%2Fabadal.net|target:%20_blank|&#8221;]<\/p>\n<h4>Small, controlled and high quality productions by an Art\u00e9s family that has been dedicated to the vineyard since 1730.<\/h4>\n<p><\/p>\n<h3 style=\"text-align: center;\" data-mce-style=\"text-align: center;\"><a href=\"https:\/\/dopladebages.com\/en\/celler-solergibert\/\" rel=\"external\" rel=\"noopener noreferrer\" data-mce-href=\"https:\/\/dopladebages.com\/en\/celler-solergibert\/\">+ info<\/a><\/h3>\n<p>[\/vc_hoverbox][\/vc_column][vc_column width=&#8221;1\/4&#8243;][vc_hoverbox image=&#8221;23647&#8243; primary_title=&#8221;Maci\u00e0 winery&#8221; primary_title_font_container=&#8221;font_size:10|color:%23ffffff&#8221; primary_title_use_theme_fonts=&#8221;yes&#8221; hover_title=&#8221;&#8221; hover_title_font_container=&#8221;color:%23ffffff&#8221; shape=&#8221;square&#8221; css_animation=&#8221;none&#8221; primary_title_link=&#8221;url:https%3A%2F%2Fdopladebages.com%2Fceller-macia%2F|title:%2B%20info|target:_blank|&#8221; el_class=&#8221;cellers&#8221; hover_title_link=&#8221;url:http%3A%2F%2Fabadal.net|target:%20_blank|&#8221;]<\/p>\n<h4>Redu\u00efda producci\u00f3 de vi sense m\u00e9s afany que poder gaudir d\u2019un vi que desperti els sentits<\/h4>\n<p><\/p>\n<h3 style=\"text-align: center;\" data-mce-style=\"text-align: center;\"><a href=\"\/?page_id=23652\" rel=\"external\" rel=\"noopener noreferrer\" data-mce-href=\"https:\/\/dopladebages.com\/celler-macia\/\">+ info<\/a><\/h3>\n<p>[\/vc_hoverbox][vc_separator type=&#8221;transparent&#8221; up=&#8221;10&#8243; down=&#8221;15&#8243;][vc_hoverbox image=&#8221;19480&#8243; primary_title=&#8221;Exibis&#8221; primary_title_font_container=&#8221;color:%23ffffff&#8221; hover_title=&#8221;&#8221; hover_title_font_container=&#8221;color:%23ffffff&#8221; shape=&#8221;square&#8221; css_animation=&#8221;none&#8221; primary_title_link=&#8221;url:http%3A%2F%2Fabadal.net%2Fes%2F|title:%2B%20info|target:%20_blank|&#8221; el_class=&#8221;cellers&#8221; hover_title_link=&#8221;url:http%3A%2F%2Fabadal.net|target:%20_blank|&#8221;]<\/p>\n<h4>Willingness to recover the unique historical character of the wines of the area, with a clear commitment to old varieties such as Sumoll and Mand\u00f3.<\/h4>\n<h3 style=\"text-align: center;\" data-mce-style=\"text-align: center;\"><a href=\"https:\/\/dopladebages.com\/en\/celler-exibis\/\" rel=\"external\" rel=\"noopener noreferrer\" data-mce-href=\"https:\/\/dopladebages.com\/en\/celler-exibis\/\">+ info<\/a><\/h3>\n<p>[\/vc_hoverbox][vc_separator type=&#8221;transparent&#8221; up=&#8221;10&#8243; down=&#8221;15&#8243;][vc_hoverbox image=&#8221;23566&#8243; primary_title=&#8221;M\u00e9s Que Paraules&#8221; primary_title_font_container=&#8221;font_size:10|color:%23ffffff&#8221; primary_title_use_theme_fonts=&#8221;yes&#8221; hover_title=&#8221;&#8221; hover_title_font_container=&#8221;color:%23ffffff&#8221; shape=&#8221;square&#8221; css_animation=&#8221;none&#8221; primary_title_link=&#8221;url:http%3A%2F%2Fabadal.net%2Fes%2F|title:%2B%20info|target:%20_blank|&#8221; el_class=&#8221;cellers&#8221; hover_title_link=&#8221;url:http%3A%2F%2Fabadal.net|target:%20_blank|&#8221;]<\/p>\n<h4>Creativity, work and passion offer a modern, close and modern wine while maintaining the traditional identity of Bages.<\/h4>\n<h3 style=\"text-align: center;\" data-mce-style=\"text-align: center;\"><a href=\"https:\/\/dopladebages.com\/celler-cooperatiu-de-salelles\/\" rel=\"external\" rel=\"noopener noreferrer\" data-mce-href=\"https:\/\/dopladebages.com\/celler-cooperatiu-de-salelles\/\">+ info<\/a><\/h3>\n<p>[\/vc_hoverbox][vc_separator type=&#8221;transparent&#8221; up=&#8221;10&#8243; down=&#8221;15&#8243;][vc_hoverbox image=&#8221;19483&#8243; primary_title=&#8221;Colltor wines&#8221; primary_title_font_container=&#8221;font_size:10|color:%23ffffff&#8221; primary_title_use_theme_fonts=&#8221;yes&#8221; hover_title=&#8221;&#8221; hover_title_font_container=&#8221;color:%23ffffff&#8221; shape=&#8221;square&#8221; css_animation=&#8221;none&#8221; primary_title_link=&#8221;url:http%3A%2F%2Fabadal.net%2Fes%2F|title:%2B%20info|target:%20_blank|&#8221; el_class=&#8221;cellers&#8221; hover_title_link=&#8221;url:http%3A%2F%2Fabadal.net|target:%20_blank|&#8221;]<\/p>\n<h4>Vins Colltor is a small winery located in the middle of nature, with a completely artisanal and sustainable working method.<\/h4>\n<h3 style=\"text-align: center;\" data-mce-style=\"text-align: center;\"><a href=\"https:\/\/dopladebages.com\/en\/vins-colltor\/\" rel=\"external\" rel=\"noopener noreferrer\" data-mce-href=\"https:\/\/dopladebages.com\/en\/vins-colltor\/\">+ info<\/a><\/h3>\n<p>[\/vc_hoverbox][\/vc_column][\/vc_row][vc_row css_animation=&#8221;&#8221; row_type=&#8221;row&#8221; use_row_as_full_screen_section=&#8221;no&#8221; type=&#8221;grid&#8221; angled_section=&#8221;no&#8221; text_align=&#8221;left&#8221; background_image_as_pattern=&#8221;without_pattern&#8221; z_index=&#8221;&#8221;][vc_column][vc_separator type=&#8221;transparent&#8221; up=&#8221;10&#8243; down=&#8221;15&#8243;]<div class='q_icon_with_title tiny normal_icon left_from_title qode_iwt_hover_enabled '><div class=\"icon_text_holder\" style=\"\"><div class=\"icon_text_inner\" style=\"\"><div class=\"icon_title_holder\"><div class=\"icon_holder q_icon_animation\" style=\" \"><a itemprop=\"url\" href=\"https:\/\/dopladebages.com\/wp-content\/uploads\/2023\/02\/Directori-de-cellers-2023.pdf\" target=\"_blank\" class=\"q_icon_link\"><span data-icon-type=\"normal\"   style=\"\" class=\"qode_iwt_icon_holder q_font_awsome_icon fa-lg  \"><i class=\"qode_icon_font_awesome fa fa-file-pdf-o qode_iwt_icon_element\" style=\"\" ><\/i><\/span><\/a><\/div><h5 class=\"icon_title\" style=\"\">Download a file with the winery directory<\/h5><\/div><p style=''><\/p><a itemprop='url' class='icon_with_title_link' href='https:\/\/dopladebages.com\/wp-content\/uploads\/2023\/02\/Directori-de-cellers-2023.pdf' target='_blank' style=''>Download a pdf file<\/a><\/div><\/div><\/div>[vc_separator type=&#8221;transparent&#8221; up=&#8221;10&#8243; down=&#8221;15&#8243;][\/vc_column][\/vc_row]<\/p>\n<\/div>","protected":false},"excerpt":{"rendered":"<p>[vc_row css_animation=&#8221;&#8221; row_type=&#8221;row&#8221; use_row_as_full_screen_section=&#8221;no&#8221; type=&#8221;grid&#8221; angled_section=&#8221;no&#8221; text_align=&#8221;left&#8221; background_image_as_pattern=&#8221;without_pattern&#8221; background_color=&#8221;#ffffff&#8221; padding_top=&#8221;82&#8243; padding_bottom=&#8221;0&#8243; z_index=&#8221;&#8221;][vc_column css=&#8221;.vc_custom_1552472649063{padding-top: 20px !important;}&#8221;][vc_column_text css=&#8221;.vc_custom_1552472656428{margin-top: 60px !important;}&#8221;] Wineries [\/vc_column_text][vc_separator type=&#8221;small&#8221; position=&#8221;center&#8221; up=&#8221;20&#8243; down=&#8221;20&#8243;][vc_column_text] The Designation of Origin Pla de Bages groups wineries inherit the long wine-growing tradition of which, in the 19th century, was&#8230;<\/p>\n","protected":false},"author":1,"featured_media":0,"parent":0,"menu_order":0,"comment_status":"open","ping_status":"closed","template":"full_width.php","meta":{"_monsterinsights_skip_tracking":false,"_monsterinsights_sitenote_active":false,"_monsterinsights_sitenote_note":"","_monsterinsights_sitenote_category":0,"footnotes":""},"class_list":["post-21673","page","type-page","status-publish","hentry"],"_links":{"self":[{"href":"https:\/\/dopladebages.com\/en\/wp-json\/wp\/v2\/pages\/21673","targetHints":{"allow":["GET"]}}],"collection":[{"href":"https:\/\/dopladebages.com\/en\/wp-json\/wp\/v2\/pages"}],"about":[{"href":"https:\/\/dopladebages.com\/en\/wp-json\/wp\/v2\/types\/page"}],"author":[{"embeddable":true,"href":"https:\/\/dopladebages.com\/en\/wp-json\/wp\/v2\/users\/1"}],"replies":[{"embeddable":true,"href":"https:\/\/dopladebages.com\/en\/wp-json\/wp\/v2\/comments?post=21673"}],"version-history":[{"count":0,"href":"https:\/\/dopladebages.com\/en\/wp-json\/wp\/v2\/pages\/21673\/revisions"}],"wp:attachment":[{"href":"https:\/\/dopladebages.com\/en\/wp-json\/wp\/v2\/media?parent=21673"}],"curies":[{"name":"wp","href":"https:\/\/api.w.org\/{rel}","templated":true}]}}