{"id":21641,"date":"2020-10-22T15:18:27","date_gmt":"2020-10-22T13:18:27","guid":{"rendered":"https:\/\/dopladebages.com\/les-acacies-winery\/"},"modified":"2020-10-22T15:18:27","modified_gmt":"2020-10-22T13:18:27","slug":"les-acacies-winery","status":"publish","type":"page","link":"https:\/\/dopladebages.com\/en\/les-acacies-winery\/","title":{"rendered":"Les Ac\u00e0cies winery"},"content":{"rendered":"<div class=\"wpb-content-wrapper\"><p>[vc_row css_animation=&#8221;&#8221; row_type=&#8221;row&#8221; use_row_as_full_screen_section=&#8221;no&#8221; type=&#8221;full_width&#8221; angled_section=&#8221;no&#8221; text_align=&#8221;left&#8221; background_image_as_pattern=&#8221;without_pattern&#8221;][vc_column width=&#8221;1\/4&#8243;][vc_column_text]<\/p>\n<h2 style=\"text-align: left;\">LES AC\u00c0CIES<\/h2>\n<p>[\/vc_column_text][vc_separator type=&#8221;small&#8221; position=&#8221;left&#8221;][vc_empty_space][vc_single_image image=&#8221;19903&#8243; img_size=&#8221;full&#8221; style=&#8221;vc_box_shadow&#8221; qode_css_animation=&#8221;&#8221;][vc_empty_space][vc_column_text]Finca Les Ac\u00e0cies \u2013 Crta. B-431 km 56,7<\/p>\n<p>08279 Aviny\u00f3<\/p>\n<p>T 933 620 010<\/p>\n<p><a href=\"mailto:info@lesacacies.com\">info@lesacacies.com<\/a><\/p>\n<p><a href=\"http:\/\/lesacacies.com\">lesacacies.com<\/a>[\/vc_column_text][vc_empty_space]<span class='q_social_icon_holder circle_social' ><a itemprop='url' href='https:\/\/www.instagram.com\/lesacacies\/' target='_blank'><span class='fa-stack fa-lg' style=''><i class=\"qode_icon_font_awesome fa fa-instagram \" style=\"\" ><\/i><\/span><\/a><\/span><span class='q_social_icon_holder circle_social' ><a itemprop='url' href='https:\/\/twitter.com\/LesAcacies' target='_blank'><span class='fa-stack fa-lg' style=''><i class=\"qode_icon_font_awesome fa fa-twitter \" style=\"\" ><\/i><\/span><\/a><\/span>[vc_empty_space][vc_column_text css=&#8221;.vc_custom_1549491381205{padding-top: 30px !important;padding-right: 30px !important;padding-bottom: 30px !important;padding-left: 30px !important;background-color: #f7f7f7 !important;}&#8221;]<\/p>\n<p><strong>ACTIVITIES<\/strong><\/p>\n<ul>\n<li>Guided tour and tasting, with prior reservation, from Monday to Saturday.<\/li>\n<\/ul>\n<p>[\/vc_column_text][\/vc_column][vc_column width=&#8221;3\/4&#8243;][vc_gallery interval=&#8221;3&#8243; images=&#8221;19747,19750,19744&#8243; img_size=&#8221;full&#8221;][vc_column_text]<\/p>\n<p>Les Ac\u00e0cies is a small estate located in Aviny\u00f3 where in 2008 the vineyard culture was re-launched, a project that began as a hobby for Wine Culture by Mario Monr\u00f3s, who was the driving force behind it.<\/p>\n<p>Little by little and having become part of the DO Pla de Bages from 2016, we can say that we have achieved a small and artisan production of quality wines.<\/p>\n<p>By now we have 3 references, a white wine (<em>Instant de flor<\/em>, Chardonnay) and two red wines (Avinius<em>,<\/em> Tempranillo or Merlot \/ Syrah).\u00a0<\/p>\n<p>If you want to come visit our winery, check our website and make your reservation, we\u2019ll be waiting for you!<\/p>\n<p>[\/vc_column_text][vc_separator type=&#8221;transparent&#8221;][\/vc_column][\/vc_row][vc_row css_animation=&#8221;&#8221; row_type=&#8221;row&#8221; use_row_as_full_screen_section=&#8221;no&#8221; type=&#8221;full_width&#8221; angled_section=&#8221;no&#8221; text_align=&#8221;left&#8221; background_image_as_pattern=&#8221;without_pattern&#8221;][vc_column width=&#8221;1\/4&#8243;][\/vc_column][vc_column width=&#8221;3\/4&#8243;][vc_separator type=&#8221;transparent&#8221;][vc_column_text]<\/p>\n<h3>WINES<\/h3>\n<p>[\/vc_column_text][vc_separator type=&#8221;small&#8221; position=&#8221;left&#8221;][vc_separator type=&#8221;transparent&#8221;][\/vc_column][\/vc_row][vc_row css_animation=&#8221;&#8221; row_type=&#8221;row&#8221; use_row_as_full_screen_section=&#8221;no&#8221; type=&#8221;full_width&#8221; angled_section=&#8221;no&#8221; text_align=&#8221;left&#8221; background_image_as_pattern=&#8221;without_pattern&#8221;][vc_column width=&#8221;1\/4&#8243;][\/vc_column][vc_column width=&#8221;1\/6&#8243;][vc_single_image image=&#8221;20095&#8243; img_size=&#8221;full&#8221; alignment=&#8221;center&#8221; onclick=&#8221;custom_link&#8221; img_link_target=&#8221;_blank&#8221; qode_css_animation=&#8221;&#8221; link=&#8221;https:\/\/dopladebages.com\/wp-content\/uploads\/2019\/02\/Avinius-Ull-de-Llebre-2017_fitxa-t\u00e8cnica_r.pdf&#8221;][vc_empty_space height=&#8221;20px&#8221;][vc_column_text]<\/p>\n<h6 class=\"portfolio_title entry_title\" style=\"text-align: center;\"><a href=\"https:\/\/dopladebages.com\/wp-content\/uploads\/2019\/02\/Avinius-Ull-de-Llebre-2017_fitxa-t\u00e8cnica_r.pdf\" rel=\"external\" rel=\"noopener noreferrer\">ULL DE LLEBRE<\/a><\/h6>\n<p>[\/vc_column_text][\/vc_column][vc_column width=&#8221;1\/6&#8243;][vc_single_image image=&#8221;20092&#8243; img_size=&#8221;full&#8221; alignment=&#8221;center&#8221; onclick=&#8221;custom_link&#8221; img_link_target=&#8221;_blank&#8221; qode_css_animation=&#8221;&#8221; link=&#8221;https:\/\/dopladebages.com\/wp-content\/uploads\/2019\/02\/Avinius-Merlot-i-Sirah-2017_fitxa-t\u00e8cnica_r.pdf&#8221;][vc_empty_space height=&#8221;20px&#8221;][vc_column_text]<\/p>\n<h6 class=\"portfolio_title entry_title\" style=\"text-align: center;\"><a href=\"https:\/\/dopladebages.com\/wp-content\/uploads\/2019\/02\/Avinius-Merlot-i-Sirah-2017_fitxa-t\u00e8cnica_r.pdf\" rel=\"external\" rel=\"noopener noreferrer\">MERLOT<\/a><\/h6>\n<p>[\/vc_column_text][\/vc_column][vc_column width=&#8221;1\/6&#8243;][vc_single_image image=&#8221;20089&#8243; img_size=&#8221;full&#8221; alignment=&#8221;center&#8221; onclick=&#8221;custom_link&#8221; img_link_target=&#8221;_blank&#8221; qode_css_animation=&#8221;&#8221; link=&#8221;https:\/\/dopladebages.com\/wp-content\/uploads\/2019\/02\/Instant-de-Flor-2017_fitxa-t\u00e8cnica_r.pdf&#8221;][vc_empty_space height=&#8221;20px&#8221;][vc_column_text]<\/p>\n<h6 class=\"portfolio_title entry_title\" style=\"text-align: center;\"><a href=\"https:\/\/dopladebages.com\/wp-content\/uploads\/2019\/02\/Instant-de-Flor-2017_fitxa-t\u00e8cnica_r.pdf\" rel=\"external\" rel=\"noopener noreferrer\">INSTANT DE FLOR<\/a><\/h6>\n<p>[\/vc_column_text][\/vc_column][vc_column width=&#8221;1\/6&#8243;][\/vc_column][\/vc_row][vc_row css_animation=&#8221;&#8221; row_type=&#8221;row&#8221; use_row_as_full_screen_section=&#8221;no&#8221; type=&#8221;full_width&#8221; angled_section=&#8221;no&#8221; text_align=&#8221;left&#8221; background_image_as_pattern=&#8221;without_pattern&#8221;][vc_column][vc_empty_space height=&#8221;50px&#8221;][\/vc_column][\/vc_row]<\/p>\n<\/div>","protected":false},"excerpt":{"rendered":"<p>[vc_row css_animation=&#8221;&#8221; row_type=&#8221;row&#8221; use_row_as_full_screen_section=&#8221;no&#8221; type=&#8221;full_width&#8221; angled_section=&#8221;no&#8221; text_align=&#8221;left&#8221; background_image_as_pattern=&#8221;without_pattern&#8221;][vc_column width=&#8221;1\/4&#8243;][vc_column_text] LES AC\u00c0CIES [\/vc_column_text][vc_separator type=&#8221;small&#8221; position=&#8221;left&#8221;][vc_empty_space][vc_single_image image=&#8221;19903&#8243; img_size=&#8221;full&#8221; style=&#8221;vc_box_shadow&#8221; qode_css_animation=&#8221;&#8221;][vc_empty_space][vc_column_text]Finca Les Ac\u00e0cies \u2013 Crta. B-431 km 56,7 08279 Aviny\u00f3 T 933 620 010 info@lesacacies.com lesacacies.com[\/vc_column_text][vc_empty_space][vc_empty_space][vc_column_text css=&#8221;.vc_custom_1549491381205{padding-top: 30px !important;padding-right: 30px !important;padding-bottom: 30px !important;padding-left: 30px !important;background-color: #f7f7f7 !important;}&#8221;] ACTIVITIES&#8230;<\/p>\n","protected":false},"author":1,"featured_media":0,"parent":0,"menu_order":0,"comment_status":"closed","ping_status":"closed","template":"","meta":{"_monsterinsights_skip_tracking":false,"_monsterinsights_sitenote_active":false,"_monsterinsights_sitenote_note":"","_monsterinsights_sitenote_category":0,"footnotes":""},"class_list":["post-21641","page","type-page","status-publish","hentry"],"_links":{"self":[{"href":"https:\/\/dopladebages.com\/en\/wp-json\/wp\/v2\/pages\/21641","targetHints":{"allow":["GET"]}}],"collection":[{"href":"https:\/\/dopladebages.com\/en\/wp-json\/wp\/v2\/pages"}],"about":[{"href":"https:\/\/dopladebages.com\/en\/wp-json\/wp\/v2\/types\/page"}],"author":[{"embeddable":true,"href":"https:\/\/dopladebages.com\/en\/wp-json\/wp\/v2\/users\/1"}],"replies":[{"embeddable":true,"href":"https:\/\/dopladebages.com\/en\/wp-json\/wp\/v2\/comments?post=21641"}],"version-history":[{"count":0,"href":"https:\/\/dopladebages.com\/en\/wp-json\/wp\/v2\/pages\/21641\/revisions"}],"wp:attachment":[{"href":"https:\/\/dopladebages.com\/en\/wp-json\/wp\/v2\/media?parent=21641"}],"curies":[{"name":"wp","href":"https:\/\/api.w.org\/{rel}","templated":true}]}}