{"id":21304,"date":"2020-05-04T21:52:41","date_gmt":"2020-05-04T19:52:41","guid":{"rendered":"https:\/\/dopladebages.com\/celler-cooperatiu-dartes\/"},"modified":"2020-05-04T21:52:41","modified_gmt":"2020-05-04T19:52:41","slug":"celler-cooperatiu-dartes","status":"publish","type":"page","link":"https:\/\/dopladebages.com\/en\/celler-cooperatiu-dartes\/","title":{"rendered":"Celler Cooperatiu d&#8217;Art\u00e9s"},"content":{"rendered":"<div class=\"wpb-content-wrapper\"><p>[vc_row css_animation=&#8221;&#8221; row_type=&#8221;row&#8221; use_row_as_full_screen_section=&#8221;no&#8221; type=&#8221;full_width&#8221; angled_section=&#8221;no&#8221; text_align=&#8221;left&#8221; background_image_as_pattern=&#8221;without_pattern&#8221;][vc_column width=&#8221;1\/4&#8243;][vc_column_text]<\/p>\n<h2>CELLER COOPERATIU D&#8217;ART\u00c9S<\/h2>\n<p>[\/vc_column_text][vc_separator type=&#8221;small&#8221; position=&#8221;left&#8221;][vc_empty_space][vc_single_image image=&#8221;19909&#8243; img_size=&#8221;full&#8221; style=&#8221;vc_box_shadow&#8221; qode_css_animation=&#8221;&#8221;][vc_empty_space][vc_column_text]C\/ Rocafort, 44<\/p>\n<p>08271 Art\u00e9s<\/p>\n<p>T 93 830 53 25<\/p>\n<p>artium@cavesartium.com<\/p>\n<p>cavesartium.com[\/vc_column_text][vc_empty_space]<span class='q_social_icon_holder circle_social' ><a itemprop='url' href='https:\/\/www.instagram.com\/cavesartium\/' target='_blank'><span class='fa-stack fa-lg' style=''><i class=\"qode_icon_font_awesome fa fa-instagram \" style=\"\" ><\/i><\/span><\/a><\/span><span class='q_social_icon_holder circle_social' ><a itemprop='url' href='https:\/\/www.facebook.com\/Artiumvinsicaves\/' target='_blank'><span class='fa-stack fa-lg' style=''><i class=\"qode_icon_font_awesome fa fa-facebook \" style=\"\" ><\/i><\/span><\/a><\/span><span class='q_social_icon_holder circle_social' ><a itemprop='url' href='https:\/\/twitter.com\/Artium1908' target='_blank'><span class='fa-stack fa-lg' style=''><i class=\"qode_icon_font_awesome fa fa-twitter \" style=\"\" ><\/i><\/span><\/a><\/span>[vc_empty_space][vc_column_text css=&#8221;.vc_custom_1549490835919{padding-top: 30px !important;padding-right: 30px !important;padding-bottom: 30px !important;padding-left: 30px !important;background-color: #f7f7f7 !important;}&#8221;]<\/p>\n<p id=\"tw-target-text\" class=\"tw-data-text tw-text-large tw-ta\" dir=\"ltr\" data-placeholder=\"Traducci\u00f3n\"><strong><span lang=\"en\">ACTIVITIES<\/span><\/strong><\/p>\n<ul>\n<li class=\"tw-data-text tw-text-large tw-ta\" dir=\"ltr\" data-placeholder=\"Traducci\u00f3n\"><span lang=\"en\">Guided tour of the winery, historical exhibition, tastings and purchase in the agro-shop.<\/span><\/li>\n<li class=\"tw-data-text tw-text-large tw-ta\" dir=\"ltr\" data-placeholder=\"Traducci\u00f3n\"><span lang=\"en\">Exit to the vineyards and popular harvest.<\/span><\/li>\n<li class=\"tw-data-text tw-text-large tw-ta\" dir=\"ltr\" data-placeholder=\"Traducci\u00f3n\"><span lang=\"en\">Espai Artium: area adjacent to the cooperative where all the wine tourism activity takes place and where you can enjoy a glass of wine, vermouth, cava &#8230; accompanied by tables of cheeses and sausages.<\/span><\/li>\n<\/ul>\n<p>[\/vc_column_text][\/vc_column][vc_column width=&#8221;3\/4&#8243;][vc_gallery interval=&#8221;3&#8243; images=&#8221;19852,19855,19858&#8243; img_size=&#8221;full&#8221;][vc_column_text]The wine-growing tradition of the Celler Cooperatiu d&#8217;Art\u00e9s is the ancestral inheritance that has been transmitted from parents to children over generations. Attempting to hear and understand a land with its very particular climatology and soil, a unique personality and style of grape cultivation and wine making are achieved.<br \/>\nThis winery, founded in 1908 under the name &#8220;Sindicat Agr\u00edcola d&#8217;Art\u00e9s&#8221;, sells its products both nationally and internationally under the Artium and Llu\u00eds Guitart brands.<br \/>\nIn 1940 the Celler Cooperatiu d&#8217;Art\u00e9s (a cooperative winery) released its first bottles of cava, and it became the first cooperative to produce cava in Spain. In 1955 it began to bottle the wine from grapes picapoll with a 3\/4 litre bottle, a determining factor for the maintenance of the picapoll variety in the Bages.<br \/>\nIts walls keep many secrets.[\/vc_column_text][vc_separator type=&#8221;transparent&#8221;][\/vc_column][\/vc_row][vc_row css_animation=&#8221;&#8221; row_type=&#8221;row&#8221; use_row_as_full_screen_section=&#8221;no&#8221; type=&#8221;full_width&#8221; angled_section=&#8221;no&#8221; text_align=&#8221;left&#8221; background_image_as_pattern=&#8221;without_pattern&#8221;][vc_column width=&#8221;1\/4&#8243;][\/vc_column][vc_column width=&#8221;3\/4&#8243;][vc_separator type=&#8221;transparent&#8221;][vc_column_text]<\/p>\n<h3>WINES<\/h3>\n<p>[\/vc_column_text][vc_separator type=&#8221;small&#8221; position=&#8221;left&#8221;][vc_separator type=&#8221;transparent&#8221;][\/vc_column][\/vc_row][vc_row css_animation=&#8221;&#8221; row_type=&#8221;row&#8221; use_row_as_full_screen_section=&#8221;no&#8221; type=&#8221;full_width&#8221; angled_section=&#8221;no&#8221; text_align=&#8221;left&#8221; background_image_as_pattern=&#8221;without_pattern&#8221;][vc_column width=&#8221;1\/4&#8243;][\/vc_column][vc_column width=&#8221;1\/6&#8243;][vc_single_image image=&#8221;20332&#8243; img_size=&#8221;full&#8221; alignment=&#8221;center&#8221; onclick=&#8221;custom_link&#8221; img_link_target=&#8221;_blank&#8221; qode_css_animation=&#8221;&#8221; link=&#8221;https:\/\/dopladebages.com\/wp-content\/uploads\/2019\/03\/Caprici-Artium.pdf&#8221;][vc_empty_space height=&#8221;20px&#8221;][vc_column_text]<\/p>\n<h6 style=\"text-align: center;\"><a href=\"https:\/\/dopladebages.com\/wp-content\/uploads\/2019\/03\/Caprici-Artium.pdf\" rel=\"external\" rel=\"noopener noreferrer\">Caprici negre\u00a0<\/a><\/h6>\n<p>[\/vc_column_text][\/vc_column][vc_column width=&#8221;1\/6&#8243;][vc_single_image image=&#8221;20335&#8243; img_size=&#8221;full&#8221; alignment=&#8221;center&#8221; onclick=&#8221;custom_link&#8221; img_link_target=&#8221;_blank&#8221; qode_css_animation=&#8221;&#8221; link=&#8221;https:\/\/dopladebages.com\/wp-content\/uploads\/2019\/03\/Caprici-rosat-Artium.pdf&#8221;][vc_empty_space height=&#8221;20px&#8221;][vc_column_text]<\/p>\n<h6 style=\"text-align: center;\"><a href=\"https:\/\/dopladebages.com\/wp-content\/uploads\/2019\/03\/Caprici-rosat-Artium.pdf\" rel=\"external\" rel=\"noopener noreferrer\">Caprici rosat<\/a><\/h6>\n<p>[\/vc_column_text][\/vc_column][vc_column width=&#8221;1\/6&#8243;][vc_single_image image=&#8221;20341&#8243; img_size=&#8221;full&#8221; alignment=&#8221;center&#8221; onclick=&#8221;custom_link&#8221; img_link_target=&#8221;_blank&#8221; qode_css_animation=&#8221;&#8221; link=&#8221;https:\/\/dopladebages.com\/wp-content\/uploads\/2019\/03\/Mand%C3%B3-Artium.pdf&#8221;][vc_empty_space height=&#8221;20px&#8221;][vc_column_text]<\/p>\n<h6 style=\"text-align: center;\"><a href=\"https:\/\/dopladebages.com\/wp-content\/uploads\/2019\/03\/Mand\u00f3-Artium.pdf\" rel=\"external\" rel=\"noopener noreferrer\">Mand\u00f3<\/a><\/h6>\n<p>[\/vc_column_text][\/vc_column][vc_column width=&#8221;1\/6&#8243;][vc_single_image image=&#8221;20344&#8243; img_size=&#8221;full&#8221; alignment=&#8221;center&#8221; onclick=&#8221;custom_link&#8221; img_link_target=&#8221;_blank&#8221; qode_css_animation=&#8221;&#8221; link=&#8221;https:\/\/dopladebages.com\/wp-content\/uploads\/2019\/03\/Fitxa-Picapoll-Artium.pdf&#8221;][vc_empty_space height=&#8221;20px&#8221;][vc_column_text]<\/p>\n<h6 style=\"text-align: center;\"><a href=\"https:\/\/dopladebages.com\/wp-content\/uploads\/2019\/03\/Fitxa-Picapoll-Artium.pdf\" rel=\"external\" rel=\"noopener noreferrer\">Picapoll<\/a><\/h6>\n<p>[\/vc_column_text][\/vc_column][\/vc_row][vc_row css_animation=&#8221;&#8221; row_type=&#8221;row&#8221; use_row_as_full_screen_section=&#8221;no&#8221; type=&#8221;full_width&#8221; angled_section=&#8221;no&#8221; text_align=&#8221;left&#8221; background_image_as_pattern=&#8221;without_pattern&#8221;][vc_column][vc_empty_space height=&#8221;50px&#8221;][\/vc_column][\/vc_row][vc_row css_animation=&#8221;&#8221; row_type=&#8221;row&#8221; use_row_as_full_screen_section=&#8221;no&#8221; type=&#8221;full_width&#8221; angled_section=&#8221;no&#8221; text_align=&#8221;left&#8221; background_image_as_pattern=&#8221;without_pattern&#8221;][vc_column width=&#8221;1\/4&#8243;][\/vc_column][vc_column width=&#8221;1\/6&#8243;][vc_single_image image=&#8221;20347&#8243; img_size=&#8221;full&#8221; alignment=&#8221;center&#8221; onclick=&#8221;custom_link&#8221; img_link_target=&#8221;_blank&#8221; qode_css_animation=&#8221;&#8221; link=&#8221;https:\/\/dopladebages.com\/wp-content\/uploads\/2019\/03\/Fitxa-picapoll-bota-Artium.pdf&#8221;][vc_empty_space height=&#8221;20px&#8221;][vc_column_text]<\/p>\n<h6 style=\"text-align: center;\"><a href=\"https:\/\/dopladebages.com\/wp-content\/uploads\/2019\/03\/Fitxa-picapoll-bota-Artium.pdf\" rel=\"external\" rel=\"noopener noreferrer\">Picapoll bota<\/a><\/h6>\n<p>[\/vc_column_text][\/vc_column][vc_column width=&#8221;1\/6&#8243;][vc_single_image image=&#8221;20350&#8243; img_size=&#8221;full&#8221; alignment=&#8221;center&#8221; onclick=&#8221;custom_link&#8221; img_link_target=&#8221;_blank&#8221; qode_css_animation=&#8221;&#8221; link=&#8221;https:\/\/dopladebages.com\/wp-content\/uploads\/2019\/03\/Roques-Albes-Artium.pdf&#8221;][vc_empty_space height=&#8221;20px&#8221;][vc_column_text]<\/p>\n<h6 style=\"text-align: center;\"><a href=\"https:\/\/dopladebages.com\/wp-content\/uploads\/2019\/03\/Roques-Albes-Artium.pdf\" rel=\"external\" rel=\"noopener noreferrer\">Roques Albes<\/a><\/h6>\n<p>[\/vc_column_text][\/vc_column][vc_column width=&#8221;1\/6&#8243;][vc_single_image image=&#8221;20338&#8243; img_size=&#8221;full&#8221; alignment=&#8221;center&#8221; onclick=&#8221;custom_link&#8221; img_link_target=&#8221;_blank&#8221; qode_css_animation=&#8221;&#8221; link=&#8221;https:\/\/dopladebages.com\/wp-content\/uploads\/2019\/03\/Fumet-Artium.pdf&#8221;][vc_empty_space height=&#8221;20px&#8221;][vc_column_text]<\/p>\n<h6 style=\"text-align: center;\"><a href=\"https:\/\/dopladebages.com\/wp-content\/uploads\/2019\/03\/Fumet-Artium.pdf\" rel=\"external\" rel=\"noopener noreferrer\">Fumet<\/a><\/h6>\n<p>[\/vc_column_text][\/vc_column][vc_column width=&#8221;1\/6&#8243;][\/vc_column][\/vc_row][vc_row css_animation=&#8221;&#8221; row_type=&#8221;row&#8221; use_row_as_full_screen_section=&#8221;no&#8221; type=&#8221;full_width&#8221; angled_section=&#8221;no&#8221; text_align=&#8221;left&#8221; background_image_as_pattern=&#8221;without_pattern&#8221;][vc_column][vc_empty_space height=&#8221;50px&#8221;][\/vc_column][\/vc_row]<\/p>\n<\/div>","protected":false},"excerpt":{"rendered":"<p>[vc_row css_animation=&#8221;&#8221; row_type=&#8221;row&#8221; use_row_as_full_screen_section=&#8221;no&#8221; type=&#8221;full_width&#8221; angled_section=&#8221;no&#8221; text_align=&#8221;left&#8221; background_image_as_pattern=&#8221;without_pattern&#8221;][vc_column width=&#8221;1\/4&#8243;][vc_column_text] CELLER COOPERATIU D&#8217;ART\u00c9S [\/vc_column_text][vc_separator type=&#8221;small&#8221; position=&#8221;left&#8221;][vc_empty_space][vc_single_image image=&#8221;19909&#8243; img_size=&#8221;full&#8221; style=&#8221;vc_box_shadow&#8221; qode_css_animation=&#8221;&#8221;][vc_empty_space][vc_column_text]C\/ Rocafort, 44 08271 Art\u00e9s T 93 830 53 25 artium@cavesartium.com cavesartium.com[\/vc_column_text][vc_empty_space][vc_empty_space][vc_column_text css=&#8221;.vc_custom_1549490835919{padding-top: 30px !important;padding-right: 30px !important;padding-bottom: 30px !important;padding-left: 30px !important;background-color: #f7f7f7 !important;}&#8221;] ACTIVITIES Guided tour of&#8230;<\/p>\n","protected":false},"author":1,"featured_media":0,"parent":0,"menu_order":0,"comment_status":"closed","ping_status":"closed","template":"","meta":{"_monsterinsights_skip_tracking":false,"_monsterinsights_sitenote_active":false,"_monsterinsights_sitenote_note":"","_monsterinsights_sitenote_category":0,"footnotes":""},"class_list":["post-21304","page","type-page","status-publish","hentry"],"_links":{"self":[{"href":"https:\/\/dopladebages.com\/en\/wp-json\/wp\/v2\/pages\/21304","targetHints":{"allow":["GET"]}}],"collection":[{"href":"https:\/\/dopladebages.com\/en\/wp-json\/wp\/v2\/pages"}],"about":[{"href":"https:\/\/dopladebages.com\/en\/wp-json\/wp\/v2\/types\/page"}],"author":[{"embeddable":true,"href":"https:\/\/dopladebages.com\/en\/wp-json\/wp\/v2\/users\/1"}],"replies":[{"embeddable":true,"href":"https:\/\/dopladebages.com\/en\/wp-json\/wp\/v2\/comments?post=21304"}],"version-history":[{"count":0,"href":"https:\/\/dopladebages.com\/en\/wp-json\/wp\/v2\/pages\/21304\/revisions"}],"wp:attachment":[{"href":"https:\/\/dopladebages.com\/en\/wp-json\/wp\/v2\/media?parent=21304"}],"curies":[{"name":"wp","href":"https:\/\/api.w.org\/{rel}","templated":true}]}}